{"id":7988,"date":"2018-05-25T12:01:10","date_gmt":"2018-05-25T11:01:10","guid":{"rendered":"https:\/\/www.philippe-pastor.com\/?page_id=7988"},"modified":"2018-07-24T19:59:01","modified_gmt":"2018-07-24T18:59:01","slug":"rose-bonbon","status":"publish","type":"page","link":"https:\/\/www.philippe-pastor.com\/fr\/peintures\/rose-bonbon\/","title":{"rendered":"Rose Bonbon"},"content":{"rendered":"<div class=\"flex_column av_one_full  flex_column_div av-zero-column-padding first  paintings \" style='border-radius:0px; '><section class=\"av_textblock_section \"  itemscope=\"itemscope\" itemtype=\"https:\/\/schema.org\/CreativeWork\" ><div class='avia_textblock  '   itemprop=\"text\" ><p>Cette \u00e9tude Monochrome explore une nouvelle palette, celle des roses, en \u00e9chos \u00e0 la saison printani\u00e8re qui la verra na\u00eetre. Sous un titre au ton l\u00e9ger, \u00ab Rose Bonbon \u00bb, la surface de la toile se transforme en mati\u00e8re terrestre. Terre br\u00fbl\u00e9e parcourue de subtiles craquelures, elle \u00e9voque une vue du ciel, anim\u00e9e de pigments naturels d\u2019une remarquable intensit\u00e9.<\/p>\n<\/div><\/section><\/div>\n<section class=\"av_textblock_section \"  itemscope=\"itemscope\" itemtype=\"https:\/\/schema.org\/CreativeWork\" ><div class='avia_textblock  '   itemprop=\"text\" >ngg_shortcode_0_placeholder\n<p>&nbsp;<\/p>\n<\/div><\/section>\n","protected":false},"excerpt":{"rendered":"","protected":false},"author":6,"featured_media":0,"parent":4191,"menu_order":0,"comment_status":"closed","ping_status":"closed","template":"","meta":{"ngg_post_thumbnail":0,"footnotes":""},"class_list":["post-7988","page","type-page","status-publish","hentry"],"_links":{"self":[{"href":"https:\/\/www.philippe-pastor.com\/fr\/wp-json\/wp\/v2\/pages\/7988","targetHints":{"allow":["GET"]}}],"collection":[{"href":"https:\/\/www.philippe-pastor.com\/fr\/wp-json\/wp\/v2\/pages"}],"about":[{"href":"https:\/\/www.philippe-pastor.com\/fr\/wp-json\/wp\/v2\/types\/page"}],"author":[{"embeddable":true,"href":"https:\/\/www.philippe-pastor.com\/fr\/wp-json\/wp\/v2\/users\/6"}],"replies":[{"embeddable":true,"href":"https:\/\/www.philippe-pastor.com\/fr\/wp-json\/wp\/v2\/comments?post=7988"}],"version-history":[{"count":0,"href":"https:\/\/www.philippe-pastor.com\/fr\/wp-json\/wp\/v2\/pages\/7988\/revisions"}],"up":[{"embeddable":true,"href":"https:\/\/www.philippe-pastor.com\/fr\/wp-json\/wp\/v2\/pages\/4191"}],"wp:attachment":[{"href":"https:\/\/www.philippe-pastor.com\/fr\/wp-json\/wp\/v2\/media?parent=7988"}],"curies":[{"name":"wp","href":"https:\/\/api.w.org\/{rel}","templated":true}]}}