{"id":7639,"date":"2018-05-23T14:36:12","date_gmt":"2018-05-23T13:36:12","guid":{"rendered":"https:\/\/www.philippe-pastor.com\/?page_id=7639"},"modified":"2018-12-13T13:34:39","modified_gmt":"2018-12-13T12:34:39","slug":"la-fin-du-monde","status":"publish","type":"page","link":"https:\/\/www.philippe-pastor.com\/fr\/peintures\/la-fin-du-monde\/","title":{"rendered":"La Fin du Monde"},"content":{"rendered":"<div class=\"flex_column av_one_full  flex_column_div av-zero-column-padding first  paintings \" style='border-radius:0px; '><section class=\"av_textblock_section \"  itemscope=\"itemscope\" itemtype=\"https:\/\/schema.org\/CreativeWork\" ><div class='avia_textblock  '   itemprop=\"text\" ><div>Avec la s\u00e9rie \u201cLa Fin du Monde\u201d, Philippe Pastor travaille la mati\u00e8re par le feu, transformant les pigments en une surface d\u2019\u00e9b\u00e8ne. La surface, craquel\u00e9e, laisse alors appara\u00eetre de d\u00e9licates zones nacr\u00e9es, qui semblent \u00e9merger des entrailles de la terre.&nbsp;<\/div>\n<div>&nbsp;<\/div>\n<div>Ce titre apocalyptique porte en lui toute la violence faite \u00e0 la plan\u00e8te et que l\u2019Homme soumet \u00e0 une irr\u00e9m\u00e9diable destruction. Il fait aussi r\u00e9f\u00e9rence \u00e0 un contexte environnemental critique, \u00e0 l\u2019\u00e8re de ce que certains appellent l\u2019Anthropoc\u00e8ne, \u00e0 l\u2019\u00e8re du r\u00e9chauffement climatique, du pillage des ressources naturelles et d\u2019une pollution envahissante.<\/div>\n<\/div><\/section><\/div>\n<div style='height:25px' class='hr hr-invisible   '><span class='hr-inner ' ><span class='hr-inner-style'><\/span><\/span><\/div>\n<section class=\"av_textblock_section \"  itemscope=\"itemscope\" itemtype=\"https:\/\/schema.org\/CreativeWork\" ><div class='avia_textblock  '   itemprop=\"text\" >ngg_shortcode_0_placeholder\n<\/div><\/section>\n","protected":false},"excerpt":{"rendered":"","protected":false},"author":6,"featured_media":0,"parent":4191,"menu_order":0,"comment_status":"closed","ping_status":"closed","template":"","meta":{"ngg_post_thumbnail":0,"footnotes":""},"class_list":["post-7639","page","type-page","status-publish","hentry"],"_links":{"self":[{"href":"https:\/\/www.philippe-pastor.com\/fr\/wp-json\/wp\/v2\/pages\/7639","targetHints":{"allow":["GET"]}}],"collection":[{"href":"https:\/\/www.philippe-pastor.com\/fr\/wp-json\/wp\/v2\/pages"}],"about":[{"href":"https:\/\/www.philippe-pastor.com\/fr\/wp-json\/wp\/v2\/types\/page"}],"author":[{"embeddable":true,"href":"https:\/\/www.philippe-pastor.com\/fr\/wp-json\/wp\/v2\/users\/6"}],"replies":[{"embeddable":true,"href":"https:\/\/www.philippe-pastor.com\/fr\/wp-json\/wp\/v2\/comments?post=7639"}],"version-history":[{"count":0,"href":"https:\/\/www.philippe-pastor.com\/fr\/wp-json\/wp\/v2\/pages\/7639\/revisions"}],"up":[{"embeddable":true,"href":"https:\/\/www.philippe-pastor.com\/fr\/wp-json\/wp\/v2\/pages\/4191"}],"wp:attachment":[{"href":"https:\/\/www.philippe-pastor.com\/fr\/wp-json\/wp\/v2\/media?parent=7639"}],"curies":[{"name":"wp","href":"https:\/\/api.w.org\/{rel}","templated":true}]}}