{"id":6709,"date":"2018-05-03T09:02:44","date_gmt":"2018-05-03T08:02:44","guid":{"rendered":"https:\/\/www.philippe-pastor.com\/?page_id=6709"},"modified":"2018-05-23T15:41:08","modified_gmt":"2018-05-23T14:41:08","slug":"philippe-pastor-introduction-au-catalogue-philippe-pastor-oeuvres-recentes-2003","status":"publish","type":"page","link":"https:\/\/www.philippe-pastor.com\/fr\/textes\/philippe-pastor-introduction-au-catalogue-philippe-pastor-oeuvres-recentes-2003\/","title":{"rendered":"Philippe Pastor &#8211; Introduction au catalogue \u00abPhilippe Pastor. \u0152uvres R\u00e9centes\u00bb, 2003"},"content":{"rendered":"<div class=\"flex_column av_one_full  flex_column_div first   \" style='padding:0px 6% 0px 0 ; border-radius:0px; '><p><div style='height:20px' class='hr hr-invisible   '><span class='hr-inner ' ><span class='hr-inner-style'><\/span><\/span><\/div><br \/>\n<section class=\"av_textblock_section \"  itemscope=\"itemscope\" itemtype=\"https:\/\/schema.org\/CreativeWork\" ><div class='avia_textblock  '   itemprop=\"text\" ><h3>Philippe Pastor<br \/>\nDamien Sausset<br \/>\nIntroduction au catalogue \u00ab Philippe Pastor. \u0152uvres R\u00e9centes \u00bb, 2003<\/h3>\n<p>Ces derniers temps, le registre d\u2019activit\u00e9 de Pastor s\u2019est modifi\u00e9, d\u00e9plac\u00e9, prenant soudain une direction nouvelle, assez inattendue dans sa conflagration. Longtemps, cet artiste avait cherch\u00e9 une voie ; explorant un temps les possibilit\u00e9s du dessin, traquant dans le trait la mati\u00e8re m\u00eame de ses multiples \u00e9motions. Par la suite, la question de la couleur, question d\u2019autant plus importante qu\u2019elle lui permettait de s\u2019ouvrir au monde, lui avait permis de trouver enfin un chemin vers la lumi\u00e8re de la r\u00e9demption. Au terme de ce cheminement, ses \u0153uvres reposaient sur la tension entre une s\u00e9rie de figures proches de l\u2019abstraction et la profondeur impalpable d\u2019un fond souvent vierge. Avec ses exp\u00e9rimentations parfois extr\u00eames, il avait li\u00e9 dans un m\u00eame \u00e9lan vital et inextricable, l\u2019\u00e9nergie la plus brute et un retour continuel sur les possibilit\u00e9s m\u00eame de la mati\u00e8re. Cette mati\u00e8re, il la per\u00e7oit depuis simultan\u00e9ment comme surface mais aussi comme \u00e9paisseur qu\u2019il convient de sculpter chromatiquement afin d\u2019y faire surgir d\u2019\u00e9tranges figures qui tour \u00e0 tour se r\u00e9v\u00e8lent homme, bouquet de fleur, alcoolique, couple saisi dans l\u2019instant de leur bonheur&#8230;<\/p>\n<p>Tous ces motifs, un temps d\u00e9clin\u00e9s en s\u00e9ries plus ou moins ouvertes, partaient d\u2019une plong\u00e9e dans le r\u00e9el le plus \u00e9pais, dans cette sorte de quotidien qui soudain se r\u00e9v\u00e8le \u00e0 quelques humains dans toute sa splendeur mis\u00e9rable ; horreur et sublime \u00e9tant toujours intimement li\u00e9 dans l\u2019art des activit\u00e9s humaines. Pour s\u2019en convaincre, il suffisait alors de feuilleter ses carnets de croquis, ses dizaines de dessins fourmillant de milles gestes et attitudes observ\u00e9s \u00e0 distance par un t\u00e9moin\u00a0 attentif. Ici, l\u2019esquisse pr\u00e9cieuse d\u2019une t\u00eate de femme saisie dans l\u2019instant de son abandon amoureux, plus loin, la gueule cass\u00e9e d\u2019un homme ivre r\u00e9clamant d\u2019un geste ordurier le pardon du ciel. Ce n\u2019\u00e9tait pas pour rien qu\u2019\u00e0 cette \u00e9poque, Pastor aimait alors cr\u00e9er sur la musique de L\u00e9o Ferr\u00e9, ce fr\u00e8re de c\u0153ur et de pierre qui toujours lui indiquait le cap \u00e0 maintenir. Mais, avec le temps, Pastor avait senti combien la bataille qu\u2019il menait contre les \u00e9l\u00e9ments et le monde pouvait se r\u00e9v\u00e9ler une impasse. La mati\u00e8re renvoie \u00e0 l\u2019artiste toujours le m\u00eame degr\u00e9s d\u2019intensit\u00e9 que celle qu\u2019il avait initialement donn\u00e9, opposant la violence \u00e0 la violence, sugg\u00e9rant parfois le calme distanci\u00e9 d\u2019un geste \u00e9puis\u00e9.<\/p>\n<p>Finalement, l\u2019\u00e9nergie absolue qui jaillissait de son \u00eatre pour prendre possession de ses \u0153uvres risquait de devenir pure habitude, simple posture ind\u00e9finiment reproductible. M\u00e9fiant envers tout ce qui peut sembler de la facilit\u00e9, Pastor d\u00e9butait d\u00e8s le d\u00e9but de l\u2019\u00e9t\u00e9 2003 de nouvelles s\u00e9ries. Mais, c\u2019est v\u00e9ritablement un voyage et l\u2019\u00e9loignement de l\u2019atelier qui le maintenait implicitement prisonnier qui allait le conduire \u00e0 une rupture importante. \u00c0 Saint Domingue, il observe soudain les p\u00eacheurs qui avec leurs lances harponnent le poisson. Spectacle d\u2019autant plus saisissant qu\u2019il identifie imm\u00e9diatement ces marins \u00e0 la peine et au travail comme l\u2019\u00e9quivalent symbolique ou plus exactement le versant solaire de tous ces hommes d\u2019affaires qui partent chaque matin dans leur armure si pr\u00e9cieuse et si ridicule gagner de quoi assurer le confort d\u2019un vie tourn\u00e9e vers l\u2019accomplissement d\u00e9bile de quelques besoins consum\u00e9ristes. Ce passage d\u2019une image solaire et exotique \u00e0 son mis\u00e9rable \u00e9quivalent occidental n\u00e9cessitait rien moins qu\u2019un changement radical de technique et d\u2019\u00e9chelle.<\/p>\n<p>Ces derniers mois, Pastor a int\u00e9gr\u00e9 de nouvelles mati\u00e8res soudain en concurrence avec la puissance m\u00eame de la mati\u00e8re picturale. Autres mati\u00e8res, autres techniques. De ces cartons et papiers d\u00e9chir\u00e9s, lac\u00e9r\u00e9s ou d\u00e9coup\u00e9s avec plus ou moins de violence allaient surgir un ensemble de formes primaires, de formes sans attaches imm\u00e9diates avec le r\u00e9el. Seuls les \u00e9clats lumineux des pigments et la volont\u00e9 de contr\u00f4le de l\u2019artiste pouvaient redonner \u00e0 ces morceaux \u00e9pars cette \u00e9paisseur diffuse qui permet au spectateur de percevoir l\u00e0 l\u2019expression m\u00eame de notre \u00e9poque et d\u2019y reconna\u00eetre quelques figures et personnages identifiables.<\/p>\n<p>Car il s\u2019agit bien de cela dans ses \u0153uvres ; donner de notre monde une repr\u00e9sentation plus ouverte et plus brute et surtout attester de la violence qui ne cesse de le modeler. Pour toutes ces raisons, Pastor porte le fer dans ses \u0153uvres, se sert de quelques morceaux de ferrailles puis attaque directement la mati\u00e8re \u00e0 coup de gestes d\u2019une incroyable pr\u00e9cision malgr\u00e9 l\u2019urgence qui l\u2019anime. D\u00e9sormais, ma\u00eetre alchimiste d\u2019une gestuelle qui parfois semble lui \u00e9chapper, Pastor aime se faire d\u00e9passer par les mat\u00e9riaux, se laisser plus de libert\u00e9, ouvrir sa pratique, d\u00e9border du simple cadre de la figuration et se laisser porter par le plaisir et la jouissance de ce dialogue qui soudain trouve son rythme d\u2019inscription.<\/p>\n<p>Aux parties rong\u00e9es, d\u00e9faites \u00e0 force d\u2019ajouts et de retraits, \u00e0 ces parties qui apparaissent comme autant d\u2019\u00e9clats face \u00e0 la tranquille beaut\u00e9 des champs de couleurs, Pastor oppose la sensation, sa sensation comme organisatrice des diff\u00e9rentes parties. Alors que le spectateur se laisse capter par une technique et les myst\u00e8res des conditions mat\u00e9riels (papiers et cartons d\u00e9chir\u00e9s, coll\u00e9s, juxtapos\u00e9s puis l\u2019entr\u00e9e en sc\u00e8ne de la peinture, de ses pigments tour \u00e0 tour tenus et laiss\u00e9s libres de jouer avec le terrain chaotique de l\u2019\u0153uvre), l\u2019\u0153uvre oppose aussi son th\u00e8me et l\u2019\u00e9mergence d\u2019une figure pas si innocente. Ce mouvement double (mouvement technique et th\u00e9matique), ce mouvement circulaire (puisque chaque r\u00e9alisation nourrie imm\u00e9diatement celle qui suit) d\u00e9montre surtout combien toute \u0153uvre est toujours le t\u00e9moignage figur\u00e9 et symbolique d\u2019un moment du monde. Attester de l\u2019\u00e9paisseur du r\u00e9el tout en puisant dans ses sentiments la puissance et l\u2019\u00e9nergie n\u00e9cessaire \u00e0 ce jeu continuel avec les mat\u00e9riaux et les techniques, telle est la b\u00e9ance dans laquelle travaille actuellement Pastor. Au spectateur d\u2019en saisir toutes les dimensions esth\u00e9tique mais aussi et surtout philosophique. Mais cela est d\u00e9j\u00e0 une autre histoire.<\/p>\n<p>Damien Sausset<\/p>\n<\/div><\/section><\/p><\/div>\n","protected":false},"excerpt":{"rendered":"","protected":false},"author":6,"featured_media":0,"parent":6493,"menu_order":0,"comment_status":"closed","ping_status":"closed","template":"","meta":{"ngg_post_thumbnail":0,"footnotes":""},"_links":{"self":[{"href":"https:\/\/www.philippe-pastor.com\/fr\/wp-json\/wp\/v2\/pages\/6709"}],"collection":[{"href":"https:\/\/www.philippe-pastor.com\/fr\/wp-json\/wp\/v2\/pages"}],"about":[{"href":"https:\/\/www.philippe-pastor.com\/fr\/wp-json\/wp\/v2\/types\/page"}],"author":[{"embeddable":true,"href":"https:\/\/www.philippe-pastor.com\/fr\/wp-json\/wp\/v2\/users\/6"}],"replies":[{"embeddable":true,"href":"https:\/\/www.philippe-pastor.com\/fr\/wp-json\/wp\/v2\/comments?post=6709"}],"version-history":[{"count":3,"href":"https:\/\/www.philippe-pastor.com\/fr\/wp-json\/wp\/v2\/pages\/6709\/revisions"}],"predecessor-version":[{"id":7674,"href":"https:\/\/www.philippe-pastor.com\/fr\/wp-json\/wp\/v2\/pages\/6709\/revisions\/7674"}],"up":[{"embeddable":true,"href":"https:\/\/www.philippe-pastor.com\/fr\/wp-json\/wp\/v2\/pages\/6493"}],"wp:attachment":[{"href":"https:\/\/www.philippe-pastor.com\/fr\/wp-json\/wp\/v2\/media?parent=6709"}],"curies":[{"name":"wp","href":"https:\/\/api.w.org\/{rel}","templated":true}]}}