{"id":6700,"date":"2018-05-03T08:40:46","date_gmt":"2018-05-03T07:40:46","guid":{"rendered":"https:\/\/www.philippe-pastor.com\/?page_id=6700"},"modified":"2018-07-24T19:58:57","modified_gmt":"2018-07-24T18:58:57","slug":"les-arbres-brules","status":"publish","type":"page","link":"https:\/\/www.philippe-pastor.com\/fr\/textes\/les-arbres-brules\/","title":{"rendered":"Les Arbres Br\u00fbl\u00e9s &#8211;"},"content":{"rendered":"<div class=\"flex_column av_one_full  flex_column_div first   \" style='padding:0px 6% 0px 0 ; border-radius:0px; '><p><div style='height:20px' class='hr hr-invisible   '><span class='hr-inner ' ><span class='hr-inner-style'><\/span><\/span><\/div><br \/>\n<section class=\"av_textblock_section \"  itemscope=\"itemscope\" itemtype=\"https:\/\/schema.org\/CreativeWork\" ><div class='avia_textblock  '   itemprop=\"text\" ><h3>Chauvet<br \/>\nTexte \u00e9crit dans le cadre de la Campagne \u00ab Plantons pour la Plan\u00e8te\u00bb du Programme des Nations Unies pour le D\u00e9veloppement (PNUE), 2007<\/h3>\n<p><em>\u00ab Ce n\u2019est pas parce que les choses sont difficiles que nous n\u2019osons pas, c\u2019est parce que nous n\u2019osons pas qu\u2019elles sont difficiles \u00bb<\/em><br \/>\nS\u00e9n\u00e8que<\/p>\n<p>L\u2019\u0153uvre de tout artiste aspire \u00e0 l\u2019universalit\u00e9, \u00e0 englober l\u2019humanit\u00e9 toute enti\u00e8re, \u00e0 mettre chaque homme au centre du devenir de la plan\u00e8te.<\/p>\n<p>Impr\u00e9gn\u00e9s de cet humanisme fondamental, des artistes comme Frayonard, Watteau, Monet, Lezarinne et Corrot ont toujours souhait\u00e9 s\u2019inscrire dans un avenir porteur de bien-\u00eatre et d\u2019\u00e9mancipation.<\/p>\n<p>Leurs \u0153uvres traduisent cette conviction que le bonheur r\u00e9side dans la contemplation sensuelle de la nature, le g\u00e9missement de l\u2019air dans les arbres, les scintillements de la lumi\u00e8re dans\u00a0 la ramure, la vibration des plantes et des herbes, le frisson du vent au cr\u00e9puscule, la ros\u00e9e sur l\u2019herbe au petit matin.<\/p>\n<p>Plus pr\u00e8s de nous des artistes comme G. Pilloch, P. Klee, M. Chayoll sont rest\u00e9s les messagers de cette philosophie humaniste et \u00e9cologiste.<\/p>\n<p>Philippe Pastor, peintre mon\u00e9gasque, \u00e0 l\u2019instar de l\u2019op\u00e9ration 7 000 ch\u00eanes initi\u00e9e par G. Beuys en 1965, a pris le parti de c\u00e9l\u00e9brer des repr\u00e9sentations tot\u00e9miques plut\u00f4t que des mod\u00e8les de compr\u00e9hension rationnels pour faire passer aupr\u00e8s du grand public un message d\u2019espoir et d\u2019action : particuli\u00e8rement choqu\u00e9 et meurtri par les incendies qui ont d\u00e9vast\u00e9 les for\u00eats de la Garde-Freiner au cours de l\u2019\u00e9t\u00e9 2003, l\u2019artiste a r\u00e9alis\u00e9 les sculptures \u00ab les Arbres Br\u00fbl\u00e9s \u00bb pour crier sa col\u00e8re et sa r\u00e9volte face \u00e0 ce massacre d\u2019un site naturel admirable.<\/p>\n<p>Ces sculptures r\u00e9alis\u00e9es \u00e0 partir de troncs d\u2019arbres calcin\u00e9s de la for\u00eat de la Garde-Freiner ont \u00e9t\u00e9 expos\u00e9es au Rond Point de Nuremberg \u00e0 Sainte Maxime, et six arbres sont aujourd\u2019hui encore sur place afin de maintenir le souvenir de ces feux.<\/p>\n<p>De cet acte de r\u00e9volte est n\u00e9 un v\u00e9ritable combat afin de sensibiliser un large public sur les d\u00e9g\u00e2ts caus\u00e9s par les feux de for\u00eat et la n\u00e9cessit\u00e9 de pr\u00e9server les ressources environnementales, et ce \u00e0 travers le langage universel de l\u2019art. Et c\u2019est avec cet esprit que \u00ab Les Arbres Br\u00fbl\u00e9s \u00bb parcourent le monde.<\/p>\n<p>Ce cri a \u00e9t\u00e9 entendu et reconnu par le Programme des Nations Unies pour l\u2019Environnement qui expose de mani\u00e8re permanente une quarantaine de ces \u00ab Arbres Br\u00fbl\u00e9s \u00bb \u00e0 son si\u00e8ge, \u00e0 Nairobi, au Kenya.<\/p>\n<p>Par l\u2019art, depuis toujours l\u2019\u00eatre humain d\u00e9fie la mort car cette capacit\u00e9 \u00e0 durer constitue la caract\u00e9ristique essentielle de l\u2019art.<\/p>\n<p>Pour sensibiliser le public au fait que la nature, en situation de grande fragilit\u00e9, doit \u00eatre l\u2019objet de tous les soins de la part de l\u2019homme afin d\u2019assurer sa vitale p\u00e9rennit\u00e9, Philippe Pastor proclame une conception\u00a0 \u00e9tendue de l\u2019art qui voit dans tous les domaines de la vie mati\u00e8re \u00e0 la r\u00e9alisation artistique. L\u2019art, c\u2019est la vie, et la pens\u00e9e c\u2019est la sculpture sont ses th\u00e8mes de r\u00e9flexions centraux.<\/p>\n<p>En m\u00eame temps, ses \u0153uvres sont des sculptures temporelles puisqu\u2019elles allient un processus naturel (les arbres) \u00e0 un processus command\u00e9 par l\u2019homme (les plaques de carcasses de voitures accol\u00e9s contre les flancs de ces arbres br\u00fbl\u00e9s), ce qui leur conf\u00e8re un caract\u00e8re d\u2019utopie positive et peut-\u00eatre d\u00e9sesp\u00e9r\u00e9e la r\u00e9alisation du projet de planter un milliard d\u2019arbres pour la plan\u00e8te exige que beaucoup de personnes, plantent des arbres ou contribuent \u00e0 leur pr\u00e9servation et \u00e0 la reforestation de la plan\u00e8te.<\/p>\n<\/div><\/section><\/p><\/div>\n","protected":false},"excerpt":{"rendered":"","protected":false},"author":6,"featured_media":0,"parent":6493,"menu_order":0,"comment_status":"closed","ping_status":"closed","template":"","meta":{"ngg_post_thumbnail":0,"footnotes":""},"_links":{"self":[{"href":"https:\/\/www.philippe-pastor.com\/fr\/wp-json\/wp\/v2\/pages\/6700"}],"collection":[{"href":"https:\/\/www.philippe-pastor.com\/fr\/wp-json\/wp\/v2\/pages"}],"about":[{"href":"https:\/\/www.philippe-pastor.com\/fr\/wp-json\/wp\/v2\/types\/page"}],"author":[{"embeddable":true,"href":"https:\/\/www.philippe-pastor.com\/fr\/wp-json\/wp\/v2\/users\/6"}],"replies":[{"embeddable":true,"href":"https:\/\/www.philippe-pastor.com\/fr\/wp-json\/wp\/v2\/comments?post=6700"}],"version-history":[{"count":4,"href":"https:\/\/www.philippe-pastor.com\/fr\/wp-json\/wp\/v2\/pages\/6700\/revisions"}],"predecessor-version":[{"id":9938,"href":"https:\/\/www.philippe-pastor.com\/fr\/wp-json\/wp\/v2\/pages\/6700\/revisions\/9938"}],"up":[{"embeddable":true,"href":"https:\/\/www.philippe-pastor.com\/fr\/wp-json\/wp\/v2\/pages\/6493"}],"wp:attachment":[{"href":"https:\/\/www.philippe-pastor.com\/fr\/wp-json\/wp\/v2\/media?parent=6700"}],"curies":[{"name":"wp","href":"https:\/\/api.w.org\/{rel}","templated":true}]}}