{"id":6691,"date":"2018-05-03T08:33:37","date_gmt":"2018-05-03T07:33:37","guid":{"rendered":"https:\/\/www.philippe-pastor.com\/?page_id=6691"},"modified":"2018-07-24T19:58:56","modified_gmt":"2018-07-24T18:58:56","slug":"philippe-pastor-art-grandeur-nature","status":"publish","type":"page","link":"https:\/\/www.philippe-pastor.com\/fr\/textes\/philippe-pastor-art-grandeur-nature\/","title":{"rendered":"Philippe Pastor. Art Grandeur Nature"},"content":{"rendered":"<div class=\"flex_column av_one_full  flex_column_div first   \" style='padding:0px 6% 0px 0 ; border-radius:0px; '><p><div style='height:20px' class='hr hr-invisible   '><span class='hr-inner ' ><span class='hr-inner-style'><\/span><\/span><\/div><br \/>\n<section class=\"av_textblock_section \"  itemscope=\"itemscope\" itemtype=\"https:\/\/schema.org\/CreativeWork\" ><div class='avia_textblock  '   itemprop=\"text\" ><h3>Alexandra Marini<\/h3>\n<p>Philippe Pastor, c\u2019est un fait, vit dans un \u00e9tat de tension continue et de perp\u00e9tuels questionnements. Sa r\u00e9volte contre la destruction de l\u2019environnement est telle que sa vie et son \u0153uvre en sont totalement impr\u00e9gn\u00e9es. Et dans ce combat effr\u00e9n\u00e9, l\u2019art est son arme la plus puissante, la plus noble, et la plus universelle, car s\u2019il existe un sujet qui nous concerne tous, ce doit \u00eatre celui de l\u2019environnement. Retir\u00e9 dans une ancienne bergerie de la Garde-Freinet, dans le Massif des Maures, au c\u0153ur de la montagne, cette bordure floue o\u00f9 l\u2019esprit se perd, l\u2019artiste a fait de la nature son atelier. Il la pars\u00e8me d\u2019immenses toiles et, sans rel\u00e2che, d\u00e9place, accumule, griffe, trace, br\u00fble, colore les mati\u00e8res naturelles, trouv\u00e9es \u00e7a et l\u00e0, \u00e0 proximit\u00e9. Car ce n\u2019est pas seulement l\u2019immensit\u00e9 de l\u2019univers qui l\u2019int\u00e9resse, mais \u00e9galement la finesse des \u00e9l\u00e9ments qui constituent cette immensit\u00e9. Sensible aux changements les plus subtils de la nature, il compose avec les saisons, le climat, les min\u00e9raux et v\u00e9g\u00e9taux en tous genres : la cr\u00e9ation na\u00eet de la mise en rapport de l\u2019\u00eatre avec le milieu, comme pour mieux faire surgir de l\u2019art une nouvelle vie.<\/p>\n<p>La participation de l\u2019artiste \u00e0 la 53e Biennale de Venise marque un tournant d\u00e9cisif dans son \u0153uvre. Il y expose pour la premi\u00e8re fois la s\u00e9rie \u00ab Le Ciel regarde la Terre \u00bb. Semblables \u00e0 des images de la Terre prises par un satellite, ces sc\u00e8nes d\u00e9noncent le chaos humain et naturel, au travers du prisme de drames contemporains. Les toiles englobent des masses de pigments naturels venus du Maroc, qui se m\u00ealent \u00e0 d\u2019autres \u00e9l\u00e9ments naturels, et que Pastor travaille de mani\u00e8re directe, frontale, presque sensuelle, jusqu\u2019\u00e0 la limite de l\u2019effondrement. Mais l\u2019utilisation de la flamme oxhydrique ne se fait pas attendre. Dans un devoir de m\u00e9moire, elle ravive le douloureux souvenir de l\u2019incendie criminel qui a ravag\u00e9 le Massif des Maures en 2003, et marque un degr\u00e9 suppl\u00e9mentaire dans l\u2019urgence de la sauvegarde de l\u2019environnement. Tels des \u00e9cosyst\u00e8mes au devenir chaotique, ces toiles rest\u00e9es en plein air sont destin\u00e9es \u00e0 subir \u00e0 leurs tours les intemp\u00e9ries et autres \u00e9rosions naturelles : l\u2019homme et la nature interagissent, jusqu\u2019\u00e0 cr\u00e9er un tr\u00e8s bel \u00e9quilibre. \u00c9voquons \u00e9galement l\u2019utilisation de formes symboliques, \u00e0 l\u2019instar de la s\u00e9rie des \u00ab C\u0153urs \u00bb, empreinte d\u2019une grande po\u00e9sie. Pourtant, l\u00e0 encore, le feu est d\u00e9vastateur. Lorsque Pastor br\u00fble un c\u0153ur, il d\u00e9nonce un crime. Il donne \u00e0 sa r\u00e9volte le visage le plus dramatique et le plus violent qui puisse \u00eatre exprim\u00e9.<\/p>\n<p>Philippe Pastor croit fermement que l\u2019art peut \u00eatre un r\u00e9el moyen de transformation de la soci\u00e9t\u00e9. Il veut nous sensibiliser \u00e0 la cause environnementale et nous r\u00e9v\u00e9ler ce paysage dont, manifestement, nous ne percevons pas toutes les richesses. L\u2019art de Philippe Pastor est un Art du Monde. En nous plongeant&nbsp; \u00ab au c\u0153ur de l\u2019humanit\u00e9 \u00bb, il nous fait passer ce message essentiel : d\u00e9truire la nature, c\u2019est d\u00e9truire l\u2019Homme. La nature devient ainsi le terrain d\u2019exp\u00e9rimentation o\u00f9 l\u2019homme agissant sur son environnement est conscient d\u2019agir sur lui-m\u00eame. Alors le regard peut s\u2019\u00e9merveiller de la beaut\u00e9 des formes ou de l\u2019intensit\u00e9 des couleurs de ce paysage identifiable et pourtant tellement autre. Ces travaux portent en eux quelque chose de quasi-mystique. D\u2019ailleurs, on les contemple plus qu\u2019on ne les regarde. L\u2019essentiel est dans la nature et dans le c\u0153ur des hommes. Paroles d\u2019un artiste engag\u00e9.<\/p>\n<\/div><\/section><\/p><\/div>\n","protected":false},"excerpt":{"rendered":"","protected":false},"author":6,"featured_media":0,"parent":6493,"menu_order":0,"comment_status":"closed","ping_status":"closed","template":"","meta":{"ngg_post_thumbnail":0,"footnotes":""},"_links":{"self":[{"href":"https:\/\/www.philippe-pastor.com\/fr\/wp-json\/wp\/v2\/pages\/6691"}],"collection":[{"href":"https:\/\/www.philippe-pastor.com\/fr\/wp-json\/wp\/v2\/pages"}],"about":[{"href":"https:\/\/www.philippe-pastor.com\/fr\/wp-json\/wp\/v2\/types\/page"}],"author":[{"embeddable":true,"href":"https:\/\/www.philippe-pastor.com\/fr\/wp-json\/wp\/v2\/users\/6"}],"replies":[{"embeddable":true,"href":"https:\/\/www.philippe-pastor.com\/fr\/wp-json\/wp\/v2\/comments?post=6691"}],"version-history":[{"count":2,"href":"https:\/\/www.philippe-pastor.com\/fr\/wp-json\/wp\/v2\/pages\/6691\/revisions"}],"predecessor-version":[{"id":10004,"href":"https:\/\/www.philippe-pastor.com\/fr\/wp-json\/wp\/v2\/pages\/6691\/revisions\/10004"}],"up":[{"embeddable":true,"href":"https:\/\/www.philippe-pastor.com\/fr\/wp-json\/wp\/v2\/pages\/6493"}],"wp:attachment":[{"href":"https:\/\/www.philippe-pastor.com\/fr\/wp-json\/wp\/v2\/media?parent=6691"}],"curies":[{"name":"wp","href":"https:\/\/api.w.org\/{rel}","templated":true}]}}