{"id":6688,"date":"2018-05-03T08:29:54","date_gmt":"2018-05-03T07:29:54","guid":{"rendered":"https:\/\/www.philippe-pastor.com\/?page_id=6688"},"modified":"2018-07-24T19:58:56","modified_gmt":"2018-07-24T18:58:56","slug":"les-quatre-saisons","status":"publish","type":"page","link":"https:\/\/www.philippe-pastor.com\/fr\/textes\/les-quatre-saisons\/","title":{"rendered":"Les Quatre Saisons"},"content":{"rendered":"<div class=\"flex_column av_one_full  flex_column_div first   \" style='padding:0px 6% 0px 0 ; border-radius:0px; '><p><div style='height:20px' class='hr hr-invisible   '><span class='hr-inner ' ><span class='hr-inner-style'><\/span><\/span><\/div><br \/>\n<section class=\"av_textblock_section \"  itemscope=\"itemscope\" itemtype=\"https:\/\/schema.org\/CreativeWork\" ><div class='avia_textblock  '   itemprop=\"text\" ><h3>Alexandra Marini<br \/>\nIntroduction au catalogue \u00ab Les Quatre Saisons \u00bb, Monaco Modern\u2019art, 2010<\/h3>\n<p>Avec cette nouvelle s\u00e9rie, Philippe Pastor porte \u00e0 son paroxysme la question de l\u2019homme indissolublement li\u00e9 \u00e0 la nature. Elle se conjugue autour d\u2019une id\u00e9e force : la n\u00e9gligence de nos contemporains face aux bouleversements climatiques et leur d\u00e9tachement croissant \u00e0 l\u2019\u00e9gard du cycle biologique de la terre, c\u2019est \u00e0 dire l\u2019alternance des saisons. Sensible aux probl\u00e8mes d\u2019un monde dans lequel l\u2019homme perd ses rep\u00e8res, l\u2019artiste entame un travail sans concession. En composant directement dans la nature, avec la nature, il souhaite agir au plus juste, au plus pr\u00e8s des choses. Cette s\u00e9rie a pour th\u00e8me central les instruments de la cr\u00e9ation et la Cr\u00e9ation elle m\u00eame.<\/p>\n<p>Hors-norme, les toiles sont dispos\u00e9es \u00e0 m\u00eame le sol. Guid\u00e9 par son instinct, l\u2019artiste y d\u00e9verse avec une v\u00e9h\u00e9mence qui lui est propre, diff\u00e9rents pigments naturels. A l\u2019instar des expressionnistes abstraits, la toile devient \u00ab une ar\u00e8ne o\u00f9 agir \u00bb. L\u2019artiste cultive le sens de la frontalit\u00e9 de l\u2019espace pictural, tandis que la couleur s\u2019affirme dans la sinuosit\u00e9 du mouvement, r\u00e9v\u00e9latrice de la rapidit\u00e9 de l\u2019ex\u00e9cution gestuelle. Il compose avec le climat, les min\u00e9raux et v\u00e9g\u00e9taux en tous genre, trouv\u00e9s \u00e7a et l\u00e0, \u00e0 proximit\u00e9. Car Philippe Pastor se place sur le versant o\u00f9 l\u2019art est moins explication qu\u2019exp\u00e9rience, moins le regard que l\u2019engagement physique. Il se tient dans l\u2019imm\u00e9diat de la sensation. Une fois ces gestes accomplis, qui d\u00e9terminent les compositions chromatiques in\u00e9dites, ces toiles sont laiss\u00e9es sur place, pendant plusieurs mois, en gestation.<\/p>\n<p>Cette \u00e9tape est d\u00e9cisive dans le processus de cr\u00e9ation. Il se cr\u00e9e un dialogue avec la nature, une alchimie, une intime coh\u00e9rence. Au rythme des saisons, les toiles se laissent envahir par diff\u00e9rents \u00e9l\u00e9ments organiques de l\u2019environnement imm\u00e9diat. La nature reprend ses droits. Mue par un mouvement sans fin, l\u2019\u0153uvre peut contin\u00fbment se d\u00e9velopper, tout en portant en elle l\u2019id\u00e9e que chaque trace, chaque pr\u00e9sence, devient instrument de m\u00e9moire et de transmission.<\/p>\n<p>A son tour, Philippe Pastor r\u00e9investit la toile. Ainsi, plus que dialogue, l\u2019homme et la nature interagissent \u00e0 la mani\u00e8re d\u2019un fondu encha\u00een\u00e9. Cette \u00e9tape ultime constitue le point d\u2019orgue de sa d\u00e9marche : en s\u00e9lectionnant un cadre dans la toile ou une \u00ab toile dans la toile \u00bb, l\u2019artiste s\u2019attache \u00e0 cr\u00e9er des \u00ab lieux d\u2019intensit\u00e9 \u00bb, qui condensent en leur sein l\u2019ensemble du processus cr\u00e9atif et refl\u00e8tent la force de son engagement. L\u2019effet est saisissant. Il en r\u00e9sulte des compositions toutes plus incroyables les unes que les autres et qui placent le spectateur dans un \u00e9tat de r\u00e9ceptivit\u00e9 directe de l\u2019\u00e9motion.<\/p>\n<p>A la confluence du singulier et de l\u2019universel, <em>Les Quatre Saisons<\/em> nous plonge dans la culture de l\u2019humanit\u00e9, au c\u0153ur m\u00eame de la terre matrice. La fr\u00e9quentation de son travail, fort, sinc\u00e8re, nous fait prendre conscience de l\u2019aveuglement des hommes qu\u2019il d\u00e9nonce avec acharnement dans sa peinture. Et si, selon la conception de l\u2019artiste, notre mode de vie actuel nous \u00e9loigne de primaut\u00e9 de la Nature, l\u2019\u0153uvre, par la qualit\u00e9 d\u2019empathie propre \u00e0 l\u2019art, peut s\u2019en rapprocher.<\/p>\n<p>Alexandra Marini<\/p>\n<\/div><\/section><\/p><\/div>\n","protected":false},"excerpt":{"rendered":"","protected":false},"author":6,"featured_media":0,"parent":6493,"menu_order":0,"comment_status":"closed","ping_status":"closed","template":"","meta":{"ngg_post_thumbnail":0,"footnotes":""},"_links":{"self":[{"href":"https:\/\/www.philippe-pastor.com\/fr\/wp-json\/wp\/v2\/pages\/6688"}],"collection":[{"href":"https:\/\/www.philippe-pastor.com\/fr\/wp-json\/wp\/v2\/pages"}],"about":[{"href":"https:\/\/www.philippe-pastor.com\/fr\/wp-json\/wp\/v2\/types\/page"}],"author":[{"embeddable":true,"href":"https:\/\/www.philippe-pastor.com\/fr\/wp-json\/wp\/v2\/users\/6"}],"replies":[{"embeddable":true,"href":"https:\/\/www.philippe-pastor.com\/fr\/wp-json\/wp\/v2\/comments?post=6688"}],"version-history":[{"count":2,"href":"https:\/\/www.philippe-pastor.com\/fr\/wp-json\/wp\/v2\/pages\/6688\/revisions"}],"predecessor-version":[{"id":9926,"href":"https:\/\/www.philippe-pastor.com\/fr\/wp-json\/wp\/v2\/pages\/6688\/revisions\/9926"}],"up":[{"embeddable":true,"href":"https:\/\/www.philippe-pastor.com\/fr\/wp-json\/wp\/v2\/pages\/6493"}],"wp:attachment":[{"href":"https:\/\/www.philippe-pastor.com\/fr\/wp-json\/wp\/v2\/media?parent=6688"}],"curies":[{"name":"wp","href":"https:\/\/api.w.org\/{rel}","templated":true}]}}