{"id":6682,"date":"2018-05-03T08:25:30","date_gmt":"2018-05-03T07:25:30","guid":{"rendered":"https:\/\/www.philippe-pastor.com\/?page_id=6682"},"modified":"2018-07-24T19:58:56","modified_gmt":"2018-07-24T18:58:56","slug":"philippe-pastor-ses-engagements-comment-etre-peintre-et-agir-pour-la-defense-de-la-planete","status":"publish","type":"page","link":"https:\/\/www.philippe-pastor.com\/fr\/textes\/philippe-pastor-ses-engagements-comment-etre-peintre-et-agir-pour-la-defense-de-la-planete\/","title":{"rendered":"Philippe Pastor, Ses Engagements. Comment \u00catre Peintre et Agir pour la D\u00e9fense de la Plan\u00e8te"},"content":{"rendered":"<div class=\"flex_column av_one_full  flex_column_div first   \" style='padding:0px 6% 0px 0 ; border-radius:0px; '><p><div style='height:20px' class='hr hr-invisible   '><span class='hr-inner ' ><span class='hr-inner-style'><\/span><\/span><\/div><br \/>\n<section class=\"av_textblock_section \"  itemscope=\"itemscope\" itemtype=\"https:\/\/schema.org\/CreativeWork\" ><div class='avia_textblock  '   itemprop=\"text\" ><h3>Propos recueillis par Alexandra Marini<br \/>\nArt Actuel, n\u00b0 75, juillet-ao\u00fbt 2011, p87-89<\/h3>\n<p>Agir pour et avec l\u2019environnement, tel est le fer de lance de l\u2019artiste mon\u00e9gasque Philippe Pastor qui explore depuis des ann\u00e9es un travail ax\u00e9 sur la sauvegarde de la plan\u00e8te. Cette nouvelle s\u00e9rie, intitul\u00e9e \u00ab R\u00e9volution \u00bb, nous donne une id\u00e9e du degr\u00e9 d\u2019urgence qui l\u2019anime. Autodidacte, il choisit de se retirer, au printemps, dans une ancienne bergerie au c\u0153ur de la montagne varoise et de travailler en pleine nature. Remarqu\u00e9 lors de sa participation \u00e0 la 53e biennale de Venise, o\u00f9 il inaugurait le pavillon mon\u00e9gasque avec la s\u00e9rie \u00ab Le Ciel regarde la Terre \u00bb, c\u2019est pourtant d\u00e8s 2003 qu\u2019il d\u00e9nonce les drames \u00e9cologiques contemporains. Engag\u00e9, il participe d\u2019ailleurs activement au programme de reforestation des Nations Unies \u00ab un milliard d\u2019arbres pour la plan\u00e8te \u00bb avec les arbres br\u00fbl\u00e9s, dispers\u00e9s \u00e0 travers le monde, de New York \u00e0 Singapour. En g\u00e9ologie, le terme \u00ab R\u00e9volution \u00bb d\u00e9signe l\u2019ensemble des ph\u00e9nom\u00e8nes naturels et des changements successifs qui marquent la surface de la terre. Et c\u2019est bien au processus que Philippe Pastor s\u2019int\u00e9resse ici. Les \u0153uvres restent au pr\u00e9alable plusieurs mois \u00e0 m\u00eame le sol et \u00e9voluent au gr\u00e9 des \u00e9l\u00e9ments ext\u00e9rieurs. Puis il se les r\u00e9approprie \u00e0 travers une s\u00e9rie de gestes d\u00e9termin\u00e9s : pliage, montage, projections, qui miment le processus organique. Conscient du chaos prolif\u00e9rant de la culture globale, il cherche \u00e0 traduire la tension qui s\u2019op\u00e8re entre l\u2019homme et la nature : quelle relation l\u2019homme entretient-il avec son environnement ? Quel avenir se r\u00e9serve-t-il une fois les ressources plan\u00e9taires \u00e9puis\u00e9es ? Ce face \u00e0 face engendre des toiles en relief, marqu\u00e9es all-over, qui donnent corps \u00e0 des formes immat\u00e9rielles : \u00e9coulement de l\u2019eau, d\u00e9ambulations, et relief des montagnes. Il y a cette id\u00e9e d\u2019un mouvement dont le point de retour co\u00efncide avec le point de d\u00e9part mettant en \u00e9vidence l\u2019attachement visc\u00e9ral de l\u2019Homme \u00e0 la Terre, car la R\u00e9volution, c\u2019est avant tout une prise de conscience. Explications.<\/p>\n<p><strong>Pourquoi avoir choisi de quitter l\u2019atelier et de travailler en pleine nature ?<\/strong><br \/>\nLe d\u00e9clic, \u00e7a a \u00e9t\u00e9 les incendies qui ont ravag\u00e9 le Var en 2003. Je me suis senti concern\u00e9, forc\u00e9ment, et tr\u00e8s touch\u00e9. Face \u00e0 ces arbres br\u00fbl\u00e9s qui s\u2019accumulaient, mon premier r\u00e9flexe a \u00e9t\u00e9 de travailler directement avec ces \u00e9l\u00e9ments et de les int\u00e9grer dans des installations. Une fa\u00e7on, en quelque sorte, de leur donner une nouvelle vie. Vous savez, les destructions, les accidents en disent long sur l\u2019humanit\u00e9, et c\u2019est un point qui m\u2019int\u00e9resse. Aujourd\u2019hui je souhaite travailler en ext\u00e9rieur. Avoir un lien direct avec la v\u00e9g\u00e9tation est essentiel pour moi, pour exprimer ce que je ressens mais aussi ce que la nature a \u00e0 dire. Je veux \u00eatre en contact, cr\u00e9er un dialogue.<\/p>\n<p><strong>Justement, comment d\u00e9finiriez-vous les termes de ce dialogue ?<\/strong><br \/>\nC\u2019est assez paradoxal. Il y a d\u2019un c\u00f4t\u00e9 ce d\u00e9sir d\u2019\u00eatre au plus proche, au plus juste des choses avec toujours cette part de hasard et d\u2019inconnu qui est vraiment tr\u00e8s stimulante, et d\u2019un autre c\u00f4t\u00e9, il y a tout ce travail en amont avec ces recherches qui me permettent de fonctionner de cette fa\u00e7on. Il suffit de voir tout ce que j\u2019ai pu accumuler comme dessins d\u2019approches et travaux pr\u00e9paratoires, que ce soit sur papiers ou morceaux de toiles. Toutes ces \u00e9bauches me permettent de faire des essais, et de leurs r\u00e9sultats d\u00e9pend ce que je d\u00e9cide de faire ou de d\u00e9velopper ensuite, de choisir comme angle d\u2019exploration.<\/p>\n<p><strong>En quoi consiste cette s\u00e9rie, \u00ab R\u00e9volution \u00bb ?<\/strong><br \/>\nAvec cette s\u00e9rie, je suis pass\u00e9 \u00e0 un travail de drap\u00e9. Je veux sortir du rapport ch\u00e2ssis-toile, trop contenu. Qu\u2019il s\u2019agisse de toiles, de tissus, ou de b\u00e2ches de tente utilis\u00e9es par l\u2019arm\u00e9e, je veux faire \u00e9voluer ma vision plus librement. Pendant 6 \u00e0 8 mois je les laisse dehors, \u00e0 m\u00eame le sol. L\u2019eau sillonne et ravine avec ce que j\u2019y ai d\u00e9pos\u00e9. J\u2019utilise un nombre important de pigments naturels, mais aussi d\u2019\u00e9l\u00e9ments alentours : les min\u00e9raux, les v\u00e9g\u00e9taux, la terre, l\u2019eau, et le feu, quand \u00e7a me prend ! M\u00eame si aujourd\u2019hui, \u00e0 force de travailler de cette fa\u00e7on, je ma\u00eetrise en partie ce qui va se produire sur la toile, les possibilit\u00e9s sont infinies, car la nature est toujours en mouvement.<\/p>\n<p><strong>Vos diff\u00e9rentes s\u00e9ries font explicitement r\u00e9f\u00e9rence aux bouleversements climatiques et \u00e0 l\u2019\u00e9puisement des r\u00e9serves de la Terre. Pensez-vous que l\u2019art soit un r\u00e9el alli\u00e9 de la \u00ab R\u00e9volution verte \u00bb ?<\/strong><br \/>\nAujourd\u2019hui le constat est simple : ce que l\u2019homme d\u00e9truit d\u2019un c\u00f4t\u00e9, il ne le reconstruit pas de l\u2019autre. C\u2019est extr\u00eamement grave ce qu\u2019il se passe, entre la globalisation, l\u2019hyperproduction, l\u2019hyperconsommation, les bouleversements climatiques, le d\u00e9r\u00e8glement des saisons, il n\u2019y a plus de rep\u00e8res. Or la survie de l\u2019homme d\u00e9pend de la sauvegarde de la nature, c\u2019est le message que je souhaite faire passer. Quant \u00e0 savoir si la prise de conscience fonctionne, c\u2019est une autre histoire\u2026Il arrive un moment o\u00f9 l\u2019on ressent le besoin d\u2019aller \u00e0 l\u2019essentiel. A mon \u00e2ge j\u2019essaie de rester libre dans mes choix et de ne pas \u00eatre d\u00e9pendant d\u2019un syst\u00e8me.<\/p>\n<\/div><\/section><\/p><\/div>\n","protected":false},"excerpt":{"rendered":"","protected":false},"author":6,"featured_media":0,"parent":6493,"menu_order":0,"comment_status":"closed","ping_status":"closed","template":"","meta":{"ngg_post_thumbnail":0,"footnotes":""},"_links":{"self":[{"href":"https:\/\/www.philippe-pastor.com\/fr\/wp-json\/wp\/v2\/pages\/6682"}],"collection":[{"href":"https:\/\/www.philippe-pastor.com\/fr\/wp-json\/wp\/v2\/pages"}],"about":[{"href":"https:\/\/www.philippe-pastor.com\/fr\/wp-json\/wp\/v2\/types\/page"}],"author":[{"embeddable":true,"href":"https:\/\/www.philippe-pastor.com\/fr\/wp-json\/wp\/v2\/users\/6"}],"replies":[{"embeddable":true,"href":"https:\/\/www.philippe-pastor.com\/fr\/wp-json\/wp\/v2\/comments?post=6682"}],"version-history":[{"count":3,"href":"https:\/\/www.philippe-pastor.com\/fr\/wp-json\/wp\/v2\/pages\/6682\/revisions"}],"predecessor-version":[{"id":9995,"href":"https:\/\/www.philippe-pastor.com\/fr\/wp-json\/wp\/v2\/pages\/6682\/revisions\/9995"}],"up":[{"embeddable":true,"href":"https:\/\/www.philippe-pastor.com\/fr\/wp-json\/wp\/v2\/pages\/6493"}],"wp:attachment":[{"href":"https:\/\/www.philippe-pastor.com\/fr\/wp-json\/wp\/v2\/media?parent=6682"}],"curies":[{"name":"wp","href":"https:\/\/api.w.org\/{rel}","templated":true}]}}