{"id":6599,"date":"2018-04-30T13:58:19","date_gmt":"2018-04-30T12:58:19","guid":{"rendered":"https:\/\/www.philippe-pastor.com\/?page_id=6599"},"modified":"2018-07-24T12:35:42","modified_gmt":"2018-07-24T11:35:42","slug":"videos","status":"publish","type":"page","link":"https:\/\/www.philippe-pastor.com\/fr\/videos\/","title":{"rendered":"Videos"},"content":{"rendered":"<div class=\"flex_column av_one_full  flex_column_div first   \" style='padding:0px 6% 0px 6% ; border-radius:0px; '><p><div  class='avia-video avia-video-16-9   '  itemprop=\"video\" itemtype=\"https:\/\/schema.org\/VideoObject\" ><div class='avia-iframe-wrap'><iframe loading=\"lazy\" width=\"1500\" height=\"844\" src=\"https:\/\/www.youtube.com\/embed\/-3fmgcVw55k?feature=oembed\" frameborder=\"0\" allow=\"autoplay; encrypted-media\" allowfullscreen><\/iframe><\/div><\/div><br \/>\n<section class=\"av_textblock_section \"  itemscope=\"itemscope\" itemtype=\"https:\/\/schema.org\/CreativeWork\" ><div class='avia_textblock  '   itemprop=\"text\" ><div style=\"text-align: left;\"><strong>Philippe Pastor, \u00ab Les Arbres Br\u00fbl\u00e9s \u00bb, Grimaldi Forum Monaco<\/strong><\/div>\n<div style=\"text-align: left;\">4\u201911min video time lapse sur le montage de l\u2019exposition<br \/>\nau Grimaldi Forum Monaco (juillet \u2013 ao\u00fbt 2016)<\/div>\n<p style=\"text-align: center;\">&nbsp;<\/p>\n<\/div><\/section><br \/>\n<div  class='hr hr-default  '><span class='hr-inner ' ><span class='hr-inner-style'><\/span><\/span><\/div><br \/>\n<div  class='avia-video avia-video-16-9   '  itemprop=\"video\" itemtype=\"https:\/\/schema.org\/VideoObject\" ><div class='avia-iframe-wrap'><iframe loading=\"lazy\" width=\"1500\" height=\"844\" src=\"https:\/\/www.youtube.com\/embed\/HtBj3wWpVhg?feature=oembed\" frameborder=\"0\" allow=\"autoplay; encrypted-media\" allowfullscreen><\/iframe><\/div><\/div><br \/>\n<section class=\"av_textblock_section \"  itemscope=\"itemscope\" itemtype=\"https:\/\/schema.org\/CreativeWork\" ><div class='avia_textblock  '   itemprop=\"text\" ><p style=\"text-align: left;\"><strong>Philippe Pastor \u00ab\u00a0Les Arbres Br\u00fbl\u00e9s \u2013 EXPO Milano 2015\u00a0\u00bb<br \/>\n<\/strong>2\u201932 video clip<br \/>\nPhilippe Pastor est l\u2019artiste officiel du Pavillon Monaco \u00e0 l\u2019Exposition Universelle EXPO Milano 2015. A cette occasion, les sculptures des \u00ab&nbsp; Arbres Br\u00fbl\u00e9s&nbsp;\u00bb ont \u00e9t\u00e9 int\u00e9gr\u00e9es aux am\u00e9nagements ext\u00e9rieurs du pavillon.<br \/>\n(1<sup>er<\/sup> mai \u2013 31 octobre 2015)<strong><br \/>\n<\/strong><\/p>\n<\/div><\/section><br \/>\n<div  class='hr hr-default  '><span class='hr-inner ' ><span class='hr-inner-style'><\/span><\/span><\/div><br \/>\n<div  class='avia-video avia-video-16-9   '  itemprop=\"video\" itemtype=\"https:\/\/schema.org\/VideoObject\" ><div class='avia-iframe-wrap'><iframe loading=\"lazy\" width=\"1500\" height=\"844\" src=\"https:\/\/www.youtube.com\/embed\/rVImMfKC8MY?feature=oembed\" frameborder=\"0\" allow=\"autoplay; encrypted-media\" allowfullscreen><\/iframe><\/div><\/div><br \/>\n<section class=\"av_textblock_section \"  itemscope=\"itemscope\" itemtype=\"https:\/\/schema.org\/CreativeWork\" ><div class='avia_textblock  '   itemprop=\"text\" ><p style=\"text-align: left;\"><strong>Philippe Pastor \u00ab\u00a0Les Arbres Br\u00fbl\u00e9s &#8211; Paris Gare Montparnasse\u00a0\u00bb<\/strong><br \/>\n<strong>2&rsquo;06min video clip<br \/>\n<\/strong>A la suite de l&rsquo;exposition \u00e0 la Gare du Nord, Philippe Pastor pr\u00e9sente \u00ab\u00a0Les Arbres Br\u00fbl\u00e9s\u00a0\u00bb \u00e0 la Gare Paris-Montparnasse<br \/>\n(novembre 2014 &#8211; f\u00e9vrier 2015)<br \/>\nUn projet r\u00e9alis\u00e9 en collaboration avec la SNCF et la Fondation Nicolas Hulot.<strong><br \/>\n<\/strong><\/p>\n<\/div><\/section><br \/>\n<div  class='hr hr-default  '><span class='hr-inner ' ><span class='hr-inner-style'><\/span><\/span><\/div><br \/>\n<div  class='avia-video avia-video-16-9   '  itemprop=\"video\" itemtype=\"https:\/\/schema.org\/VideoObject\" ><div class='avia-iframe-wrap'><iframe loading=\"lazy\" width=\"1500\" height=\"844\" src=\"https:\/\/www.youtube.com\/embed\/GCZVUUNwUIU?feature=oembed\" frameborder=\"0\" allow=\"autoplay; encrypted-media\" allowfullscreen><\/iframe><\/div><\/div><br \/>\n<section class=\"av_textblock_section \"  itemscope=\"itemscope\" itemtype=\"https:\/\/schema.org\/CreativeWork\" ><div class='avia_textblock  '   itemprop=\"text\" ><p style=\"text-align: left;\"><strong style=\"text-align: center;\">Philippe Pastor \u00ab\u00a0Les Arbres Br\u00fbl\u00e9s &#8211; Paris Gare du Nord\u00a0\u00bb<br \/>\n<\/strong><strong>3&rsquo;46min video clip<\/strong><br \/>\nMontage et exposition des sculptures des \u00ab\u00a0Abres Br\u00fbl\u00e9s\u00a0\u00bb \u00e0 la Gare Paris-Nord (octobre-novembre 2014).<br \/>\nUn projet r\u00e9alis\u00e9 en collaboration avec la SNCF et la Fondation Nicolas Hulot.<\/p>\n<\/div><\/section><br \/>\n<div  class='hr hr-default  '><span class='hr-inner ' ><span class='hr-inner-style'><\/span><\/span><\/div><br \/>\n<div  class='avia-video avia-video-16-9   '  itemprop=\"video\" itemtype=\"https:\/\/schema.org\/VideoObject\" ><div class='avia-iframe-wrap'><iframe loading=\"lazy\" width=\"1500\" height=\"844\" src=\"https:\/\/www.youtube.com\/embed\/GRIQx4fVRq8?feature=oembed\" frameborder=\"0\" allow=\"autoplay; encrypted-media\" allowfullscreen><\/iframe><\/div><\/div><br \/>\n<section class=\"av_textblock_section \"  itemscope=\"itemscope\" itemtype=\"https:\/\/schema.org\/CreativeWork\" ><div class='avia_textblock  '   itemprop=\"text\" ><p><strong><span style=\"font-size: 14px;\">\u00ab\u00a0Philippe Pastor Intimate\u00a0\u00bb de Richard Aujard<\/span><br \/>\n4min video clip&nbsp;<\/strong><br \/>\nD\u00e9couvrez le monde de Philippe Pastor avec ce film r\u00e9alis\u00e9 au printemps 2014 par le photographe et r\u00e9alisateur fran\u00e7ais Richard Aujard.<\/p>\n<\/div><\/section><br \/>\n<div  class='hr hr-default  '><span class='hr-inner ' ><span class='hr-inner-style'><\/span><\/span><\/div><br \/>\n<div  class='avia-video avia-video-16-9   '  itemprop=\"video\" itemtype=\"https:\/\/schema.org\/VideoObject\" ><div class='avia-iframe-wrap'><iframe loading=\"lazy\" width=\"1500\" height=\"844\" src=\"https:\/\/www.youtube.com\/embed\/kCpwCSF4aOo?feature=oembed\" frameborder=\"0\" allow=\"autoplay; encrypted-media\" allowfullscreen><\/iframe><\/div><\/div><br \/>\n<section class=\"av_textblock_section \"  itemscope=\"itemscope\" itemtype=\"https:\/\/schema.org\/CreativeWork\" ><div class='avia_textblock  '   itemprop=\"text\" ><p style=\"text-align: left;\"><strong><span style=\"font-size: 14px;\">Philippe Pastor \u00ab\u00a0Bleu Monochrome\u00a0\u00bb<\/span><br \/>\n2&rsquo;38min video clip en hommage \u00e0 la mer<\/strong><\/p>\n<p style=\"text-align: left;\"><strong>Version fran\u00e7aise&nbsp;<\/strong><\/p>\n<\/div><\/section><br \/>\n<div  class='hr hr-default  '><span class='hr-inner ' ><span class='hr-inner-style'><\/span><\/span><\/div><br \/>\n<div  class='avia-video avia-video-16-9   '  itemprop=\"video\" itemtype=\"https:\/\/schema.org\/VideoObject\" ><div class='avia-iframe-wrap'><iframe loading=\"lazy\" width=\"1500\" height=\"844\" src=\"https:\/\/www.youtube.com\/embed\/ncCo7Eg1c8w?feature=oembed\" frameborder=\"0\" allow=\"autoplay; encrypted-media\" allowfullscreen><\/iframe><\/div><\/div><br \/>\n<section class=\"av_textblock_section \"  itemscope=\"itemscope\" itemtype=\"https:\/\/schema.org\/CreativeWork\" ><div class='avia_textblock  '   itemprop=\"text\" ><p style=\"text-align: left;\"><strong>Version anglaise<\/strong><\/p>\n<p style=\"text-align: center;\">&nbsp;<\/p>\n<\/div><\/section><br \/>\n<div  class='hr hr-default  '><span class='hr-inner ' ><span class='hr-inner-style'><\/span><\/span><\/div><br \/>\n<div  class='avia-video avia-video-16-9   '  itemprop=\"video\" itemtype=\"https:\/\/schema.org\/VideoObject\" ><div class='avia-iframe-wrap'><iframe loading=\"lazy\" width=\"1500\" height=\"844\" src=\"https:\/\/www.youtube.com\/embed\/th-N4rOhl-c?feature=oembed\" frameborder=\"0\" allow=\"autoplay; encrypted-media\" allowfullscreen><\/iframe><\/div><\/div><br \/>\n<section class=\"av_textblock_section \"  itemscope=\"itemscope\" itemtype=\"https:\/\/schema.org\/CreativeWork\" ><div class='avia_textblock  '   itemprop=\"text\" ><p style=\"text-align: left;\"><strong><span style=\"font-size: 14px;\">Philippe Pastor \u00ab\u00a0Les Arbres Br\u00fbl\u00e9s\u00a0\u00bb&nbsp;<\/span><br \/>\n2&rsquo;38min video clip sur le projet des \u00ab\u00a0Arbres Br\u00fbl\u00e9s\u00a0\u00bb<\/strong><\/p>\n<p style=\"text-align: left;\"><strong>Version fran\u00e7aise<\/strong><\/p>\n<\/div><\/section><br \/>\n<div  class='hr hr-default  '><span class='hr-inner ' ><span class='hr-inner-style'><\/span><\/span><\/div><br \/>\n<div  class='avia-video avia-video-16-9   '  itemprop=\"video\" itemtype=\"https:\/\/schema.org\/VideoObject\" ><div class='avia-iframe-wrap'><iframe loading=\"lazy\" width=\"1500\" height=\"844\" src=\"https:\/\/www.youtube.com\/embed\/uotAmAUob2s?feature=oembed\" frameborder=\"0\" allow=\"autoplay; encrypted-media\" allowfullscreen><\/iframe><\/div><\/div><br \/>\n<section class=\"av_textblock_section \"  itemscope=\"itemscope\" itemtype=\"https:\/\/schema.org\/CreativeWork\" ><div class='avia_textblock  '   itemprop=\"text\" ><p style=\"text-align: left;\"><strong>Version anglaise<\/strong><\/p>\n<\/div><\/section><\/p><\/div>\n","protected":false},"excerpt":{"rendered":"","protected":false},"author":6,"featured_media":0,"parent":0,"menu_order":0,"comment_status":"closed","ping_status":"closed","template":"","meta":{"ngg_post_thumbnail":0,"footnotes":""},"class_list":["post-6599","page","type-page","status-publish","hentry"],"_links":{"self":[{"href":"https:\/\/www.philippe-pastor.com\/fr\/wp-json\/wp\/v2\/pages\/6599","targetHints":{"allow":["GET"]}}],"collection":[{"href":"https:\/\/www.philippe-pastor.com\/fr\/wp-json\/wp\/v2\/pages"}],"about":[{"href":"https:\/\/www.philippe-pastor.com\/fr\/wp-json\/wp\/v2\/types\/page"}],"author":[{"embeddable":true,"href":"https:\/\/www.philippe-pastor.com\/fr\/wp-json\/wp\/v2\/users\/6"}],"replies":[{"embeddable":true,"href":"https:\/\/www.philippe-pastor.com\/fr\/wp-json\/wp\/v2\/comments?post=6599"}],"version-history":[{"count":0,"href":"https:\/\/www.philippe-pastor.com\/fr\/wp-json\/wp\/v2\/pages\/6599\/revisions"}],"wp:attachment":[{"href":"https:\/\/www.philippe-pastor.com\/fr\/wp-json\/wp\/v2\/media?parent=6599"}],"curies":[{"name":"wp","href":"https:\/\/api.w.org\/{rel}","templated":true}]}}