{"id":6522,"date":"2018-04-30T09:35:43","date_gmt":"2018-04-30T08:35:43","guid":{"rendered":"https:\/\/www.philippe-pastor.com\/?page_id=6522"},"modified":"2023-02-19T10:24:37","modified_gmt":"2023-02-19T09:24:37","slug":"expositions-collectives","status":"publish","type":"page","link":"https:\/\/www.philippe-pastor.com\/fr\/biographie\/expositions-collectives\/","title":{"rendered":"Expositions collectives"},"content":{"rendered":"<div class=\"flex_column av_one_full  flex_column_div first   \" style='padding:0px 6% 0px 0px ; border-radius:0px; '><section class=\"av_textblock_section \"  itemscope=\"itemscope\" itemtype=\"https:\/\/schema.org\/CreativeWork\" ><div class='avia_textblock  '   itemprop=\"text\" ><h3>(s\u00e9lection)<\/h3>\n<div>&nbsp;<\/div>\n<div><strong>2022<\/strong><\/div>\n<div><a href=\"https:\/\/www.chateausaintmaur.com\/minimo-edition-2022-exposition-dart-au-chateau-saint-maur-cru-classe\/\" target=\"_blank\" rel=\"noopener\">\u00ab MINIMO \u00bb, du 8 juillet au 28 Ao\u00fbt &#8211; Ch\u00e2teau Saint-Maur, Saint-Tropez<\/a><\/div>\n<div>&nbsp;<\/div>\n<div><strong>2019<\/strong><br \/>\n<a href=\"https:\/\/www.philippe-pastor.com\/fr\/blog\/exhibition-de-jonckheere-geneve\/\" target=\"_blank\" rel=\"noopener\">\u00ab Accrochage d\u2019\u0153uvres modernes \u00bb, du 29 janvier au 29 mars &#8211; De Jonckheere, Gen\u00e8ve<\/a><\/div>\n<div>&nbsp;<\/div>\n<div><strong>2018<\/strong><\/div>\n<div><a href=\"https:\/\/www.philippe-pastor.com\/fr\/blog\/exhibition-de-jonckheere-monaco\/\" target=\"_blank\" rel=\"noopener\">\u00ab Rencontre de Ma\u00eetres \u00bb, du 22 novembre au 4 janvier 2019 &#8211; De Jonckheere, Monaco<\/a><br \/>\n<a href=\"https:\/\/www.philippe-pastor.com\/fr\/blog\/exposition-modernite-primitivisme\/\" target=\"_blank\" rel=\"noopener\">\u00ab Modernit\u00e9 &amp; Primitivisme \u00bb, du 19 juillet au 30 ao\u00fbt &#8211; De Jonckheere, Monaco<\/a><\/div>\n<div>&nbsp;<\/div>\n<div><strong>2017<\/strong><\/div>\n<div>\u00ab\u00a0Paysages de Neige\u00a0\u00bb, du 7 d\u00e9cembre 2017 au 26 janvier 2018 &#8211; De Jonckheere, Monaco<br \/>\n\u00ab\u00a0Still Lifes\u00a0\u00bb, du 12 septembre au 10 novembre &#8211; De Jonckheere, Monaco<br \/>\n<a href=\"https:\/\/www.philippe-pastor.com\/fr\/blog\/exposition-rencontre-de-maitres\/\" target=\"_blank\" rel=\"noopener\">\u00ab\u00a0Masters&rsquo; Collection\u00a0\u00bb, du 22 juin au 10 septembre &#8211; De Jonckheere, Monaco<\/a><\/div>\n<div>&nbsp;<\/div>\n<div><strong>2015<\/strong><\/div>\n<div><a href=\"https:\/\/www.philippe-pastor.com\/fr\/blog\/the-anatomized-pavilion-2\/\" target=\"_blank\" rel=\"noopener\">\u201cThe Anatomized Pavilion\u201d, du 21 avril au 30 octobre \u2013 Monaco Modern\u2019Art, Monaco<\/a><\/div>\n<div>&nbsp;<\/div>\n<div><strong>2010<\/strong><\/div>\n<div>\u201cLes Sentiers de la Sculpture\u201d, du 18 juin au 30 septembre &#8211; Polo club de Saint-Tropez, Gassin, France<\/div>\n<div>Art Monaco\u201910, Salon d\u2019Art Contemporain, Philippe Pastor invit\u00e9 d\u2019honneur, du 29 avril au 3 mai &#8211; &nbsp;Grimaldi Forum, Monaco<\/div>\n<div>\u201cL\u2019Art et la Science au Service d\u2019une Cause\u201d, les 27 et 28 mars 2010 &#8211; Fondation pour la recherche sur le cerveau, H\u00f4tel West End, Nice, France<\/div>\n<div>&nbsp;<\/div>\n<div><strong>2009<\/strong><\/div>\n<div>\u201cMagic Mixture\u201d, Philippe Pastor et Ileana Gal, du 9 au 31 d\u00e9cembre &#8211; Opera Gallery, S\u00e9oul, Cor\u00e9e<\/div>\n<div>&nbsp;<\/div>\n<div><strong>2008<\/strong><\/div>\n<div>\u201cOpen your Heart\u201d, Philippe Pastor and Anton Molnar, du 9 au 31 d\u00e9cembre &#8211; Opera Gallery, Londres, Angleterre<\/div>\n<div>\u201cIn the Mood for Love\u201d, du 9 au 24 d\u00e9cembre, Opera Gallery, Londres, Angleterre<\/div>\n<div>\u201cPhilippe Pastor, Manuella Ferr\u00e9, Marcelline Lapouffe\u201d, du 28 juillet au 9 ao\u00fbt &#8211; Ambassade du tourisme, Saint-Tropez, France<\/div>\n<div>\u201cPhilippe Pastor, Les Arbres Br\u00fbl\u00e9s et Stefano Bombardieri, Gaia e la Balena\u201d, du 11 &nbsp;juillet au 30 septembre &#8211; Citadelle de Saint-Tropez, Saint-Tropez, France<\/div>\n<div>&nbsp;<\/div>\n<div><strong>2007<\/strong><\/div>\n<div>\u201cOn the Way to Damascus\u201d, de juin \u00e0 novembre &#8211; 52e Biennale de Venise, Pavillon de la Syrie, Venise, Italie<\/div>\n<div>&nbsp;<\/div>\n<div><strong>2005<\/strong><\/div>\n<div>&nbsp;The 9th Shanghai Art Fair, du 16 au 20 novembre \u2013 Shanghai, Chine<\/div>\n<div>\u201cSaline Alchemy, James brown, Philip Taaffe, Philippe Pastor, Christian Rainer, Karin Andersen, Ubaldo Bartolini, Domenico Bianchi, Juan Carlos Ceci, Bruno d\u2019 Arcevia, Fulvio di Piazza, Walter Gasperoni, Dirk Larsen\u201d, du 1er au 30 septembre &#8211; Palazzo Mediceo, San Leo, Italie<\/div>\n<div>&nbsp;<\/div>\n<div><strong>2004<\/strong><\/div>\n<div>\u201cFeeding on (the) Art\u201d, Valerio Adami, Fernando Botero, Jean-Michel Folon, Philippe Pastor, Luca Alinari, Maria Cristina Carlini, Mario Ceroli, Gae Aulenti, Roberto Magris, Paolo Portoghesi, Ricardo Cordero, Igor Mitoraj, Ugo Nespolo , du 18 novembre 2004 au 15 mars 2005 &#8211; Museum of Antiquities, Turin, Italie<\/div>\n<div>\u201cPhilippe Pastor, Alfredo Garzon et Didier Gicquel\u201d, du 4 juin au 8 ao\u00fbt &#8211; Galerie Cap d\u2019Art, Genval, Belgique<\/div>\n<p style=\"text-align: left;\">&nbsp;<\/p>\n<\/div><\/section><\/div>\n","protected":false},"excerpt":{"rendered":"","protected":false},"author":6,"featured_media":0,"parent":4131,"menu_order":0,"comment_status":"closed","ping_status":"closed","template":"","meta":{"ngg_post_thumbnail":0,"footnotes":""},"_links":{"self":[{"href":"https:\/\/www.philippe-pastor.com\/fr\/wp-json\/wp\/v2\/pages\/6522"}],"collection":[{"href":"https:\/\/www.philippe-pastor.com\/fr\/wp-json\/wp\/v2\/pages"}],"about":[{"href":"https:\/\/www.philippe-pastor.com\/fr\/wp-json\/wp\/v2\/types\/page"}],"author":[{"embeddable":true,"href":"https:\/\/www.philippe-pastor.com\/fr\/wp-json\/wp\/v2\/users\/6"}],"replies":[{"embeddable":true,"href":"https:\/\/www.philippe-pastor.com\/fr\/wp-json\/wp\/v2\/comments?post=6522"}],"version-history":[{"count":10,"href":"https:\/\/www.philippe-pastor.com\/fr\/wp-json\/wp\/v2\/pages\/6522\/revisions"}],"predecessor-version":[{"id":12013,"href":"https:\/\/www.philippe-pastor.com\/fr\/wp-json\/wp\/v2\/pages\/6522\/revisions\/12013"}],"up":[{"embeddable":true,"href":"https:\/\/www.philippe-pastor.com\/fr\/wp-json\/wp\/v2\/pages\/4131"}],"wp:attachment":[{"href":"https:\/\/www.philippe-pastor.com\/fr\/wp-json\/wp\/v2\/media?parent=6522"}],"curies":[{"name":"wp","href":"https:\/\/api.w.org\/{rel}","templated":true}]}}