{"id":6517,"date":"2018-04-30T09:32:02","date_gmt":"2018-04-30T08:32:02","guid":{"rendered":"https:\/\/www.philippe-pastor.com\/?page_id=6517"},"modified":"2023-02-18T17:38:20","modified_gmt":"2023-02-18T16:38:20","slug":"expositions-personnelles","status":"publish","type":"page","link":"https:\/\/www.philippe-pastor.com\/fr\/biographie\/expositions-personnelles\/","title":{"rendered":"Expositions personnelles"},"content":{"rendered":"<div class=\"flex_column av_one_full  flex_column_div av-zero-column-padding first  \" style='border-radius:0px; '><section class=\"av_textblock_section \"  itemscope=\"itemscope\" itemtype=\"https:\/\/schema.org\/CreativeWork\" ><div class='avia_textblock  '   itemprop=\"text\" ><div>\n<p><strong>2022<\/strong><br \/>\n<a href=\"https:\/\/www.philippe-pastor.com\/fr\/blog\/the-burned-trees-chateau-des-marres-4\/\" target=\"_blank\" rel=\"noopener\">\u00ab\u00a0Philippe Pastor, Les Arbres Br\u00fbl\u00e9s\u00a0\u00bb, \u00e9t\u00e9 2022 &#8211; Ch\u00e2teau des Marres, Golfe de Saint-Tropez, France<\/a><br \/>\n\u00ab\u00a0Philippe Pastor, Les Arbres Br\u00fbl\u00e9s\u00a0\u00bb, installation permanente &#8211; Vilanant, Espagne<br \/>\n<a href=\"https:\/\/www.philippe-pastor.com\/fr\/blog\/the-burned-trees-monaco-red-cross-gala\/\" target=\"_blank\" rel=\"noopener\">\u00ab\u00a0Philippe Pastor, Les Arbres Br\u00fbl\u00e9s\u00a0\u00bb, 19 juillet &#8211; Gala de La Croix Rouge Mon\u00e9gasque, Monaco<\/a><\/p>\n<p><strong>2021<\/strong><br \/>\n<a href=\"https:\/\/www.philippe-pastor.com\/fr\/blog\/les-arbres-brules-saint-paul-de-vence\/\" target=\"_blank\" rel=\"noopener\">\u00ab\u00a0Philippe Pastor, Les Arbres Br\u00fbl\u00e9s\u00a0\u00bb, installation permanente &#8211; Saint-Paul-de-Vence, France<\/a><br \/>\n<a href=\"https:\/\/www.philippe-pastor.com\/fr\/blog\/exposition-fin-du-monde\/\" target=\"_blank\" rel=\"noopener\">\u00ab\u00a0Philippe Pastor, Fin du Monde\u00a0\u00bb, \u00e9t\u00e9 2021 &#8211; Monaco Modern\u2019Art, Monaco<\/a><br \/>\n\u00ab\u00a0Philippe Pastor, Les Arbres Br\u00fbl\u00e9s\u00a0\u00bb, \u00e9t\u00e9 2021 &#8211; Ch\u00e2teau des Marres, Golfe de Saint-Tropez, France<\/p>\n<p><strong>2020<\/strong><br \/>\n<a href=\"https:\/\/www.philippe-pastor.com\/fr\/blog\/exposicion-is-this-world-serious\/\" target=\"_blank\" rel=\"noopener\">\u00ab\u00a0Philippe Pastor, Est-ce que ce Monde est S\u00e9rieux ?\u00a0\u00bb, du 24 juillet au 4 octobre &#8211; Mus\u00e9e de Bormes-les-Mimosas<\/a><br \/>\n<a href=\"https:\/\/www.philippe-pastor.com\/fr\/blog\/exposicion-la-vie-en-rose\/\" target=\"_blank\" rel=\"noopener\">\u00ab\u00a0Philippe Pastor, La Vie en Rose\u00a0\u00bb, printemps 2020 &#8211; Monaco Modern\u2019Art, Monaco<\/a><br \/>\n<a href=\"https:\/\/www.philippe-pastor.com\/fr\/blog\/is-this-world-serious\/\" target=\"_blank\" rel=\"noopener\">\u00ab\u00a0Philippe Pastor, Est-ce que ce monde est s\u00e9rieux?\u00a0\u00bb, du 25 novembre au 28 f\u00e9vrier 2020 &#8211; Monaco Modern\u2019Art, Monaco<\/a><\/p>\n<p><strong>2019<\/strong><br \/>\n<a href=\"https:\/\/www.philippe-pastor.com\/fr\/blog\/les-arbres-brules-ville-de-nice\/\" target=\"_blank\" rel=\"noopener\">\u00ab\u00a0Philippe Pastor,Les Arbres Br\u00fbl\u00e9s\u00a0\u00bb, installation permanente \u2013 Jardin Sacha Sosno, Nice, France<\/a><br \/>\n<a href=\"https:\/\/www.philippe-pastor.com\/fr\/blog\/les-arbres-brules-chateau-des-marres-2\/\" target=\"_blank\" rel=\"noopener\">\u00ab\u00a0Philippe Pastor, Les Arbres Br\u00fbl\u00e9s\u00a0\u00bb, \u00e9t\u00e9 2019\/2020 &#8211; Ch\u00e2teau des Marres, Golfe de Saint-Tropez, France<\/a><br \/>\n<a href=\"https:\/\/www.philippe-pastor.com\/fr\/blog\/exhibition-monaco-modernart\/\" target=\"_blank\" rel=\"noopener\">\u00ab\u00a0Terre &amp; M\u00e9tamorphoses\u00a0\u00bb, 26 avril to 6 septembre &#8211; Monaco Modern\u2019Art, Monaco<\/a><\/p>\n<p><strong>2018<\/strong><br \/>\n<a href=\"https:\/\/www.philippe-pastor.com\/fr\/blog\/the-burned-trees-chateau-des-marres-2\/\" target=\"_blank\" rel=\"noopener\">\u00ab\u00a0Philippe Pastor, Les Arbres Br\u00fbl\u00e9s\u00a0\u00bb, \u00e9t\u00e9 2018\/2019 &#8211; Ch\u00e2teau des Marres, Golfe de Saint-Tropez, France<\/a><\/p>\n<p><strong>2017<br \/>\n<\/strong><a href=\"https:\/\/www.philippe-pastor.com\/fr\/blog\/exposition-jerome-zodo-londres\/\" target=\"_blank\" rel=\"noopener\">\u00ab\u00a0Philippe Pastor\u00a0\u00bb, du 23 novembre 2017 au 31 janvier 2018 &#8211; Jer\u00f4me Zodo Gallery, Londres, Royaume-Uni<\/a><br \/>\n<a href=\"https:\/\/www.philippe-pastor.com\/fr\/blog\/exposition-lc-gallery-ibiza\/\" target=\"_blank\" rel=\"noopener\">\u00ab\u00a0PASTOR\u00a0\u00bb, du 8 au 30 septembre &#8211; LC Gallery, Ibiza<\/a><br \/>\n<a href=\"https:\/\/www.philippe-pastor.com\/fr\/blog\/exposition-de-jonckheere-geneve\/\" target=\"_blank\" rel=\"noopener\">\u00ab\u00a010 Monochromes\u00a0\u00bb, du 2 au 24 novembre &#8211; De Jonckheere, Gen\u00e8ve, Suisse<\/a><br \/>\n<a href=\"https:\/\/www.philippe-pastor.com\/fr\/blog\/les-arbres-brules-chateau-des-marres\/\" target=\"_blank\" rel=\"noopener\">\u00ab\u00a0Philippe Pastor, Les Arbres Br\u00fbl\u00e9s\u00a0\u00bb, \u00e9t\u00e9 2017\/2018 &#8211; &nbsp;Ch\u00e2teau des Marres, Ramatuelle, Golfe de Saint-Tropez, France<\/a><\/p>\n<p><strong>2016<br \/>\n<\/strong>\u00ab\u00a0Philippe Pastor, Les Arbres Br\u00fbl\u00e9s\u00a0\u00bb, hiver 2016\/2017 &#8211; Meg\u00e8ve, France<br \/>\n<a href=\"https:\/\/www.philippe-pastor.com\/fr\/blog\/exposition-galerie-56-megeve\/\" target=\"_blank\" rel=\"noopener\">\u00ab\u00a0Philippe Pastor\u00a0\u00bb, du 22 d\u00e9cembre 2016 au 5 mars 2017 &#8211; Galerie 56, Meg\u00e8ve, France<\/a><br \/>\n<a href=\"https:\/\/www.philippe-pastor.com\/fr\/blog\/les-arbres-brules-grimaldi-forum-monaco\/\" target=\"_blank\" rel=\"noopener\">\u00ab\u00a0Les Arbres Br\u00fbl\u00e9s\u00a0\u00bb, du 4 juillet au 3 ao\u00fbt &#8211; Grimaldi Forum Monaco, Monaco<\/a><br \/>\n<a href=\"https:\/\/www.philippe-pastor.com\/fr\/blog\/exposition-monaco-modernart-2\/\" target=\"_blank\" rel=\"noopener\">\u00ab\u00a0Avec le Temps II\u00a0\u00bb, de juillet \u00e0 septembre &#8211; Monaco Modern\u2019Art, Monaco<\/a><br \/>\n\u00ab\u00a0Les Arbres Br\u00fbl\u00e9s\u00a0\u00bb, Installation Permanente, inauguration mars 2016 &#8211; La Gacilly La Gr\u00e9e Des Landes &#8211; Eco-H\u00f4tel-Spa Yves Rocher, France<br \/>\n<a href=\"https:\/\/www.philippe-pastor.com\/fr\/blog\/exposition-monaco-modernart-2-3\/\" target=\"_blank\" rel=\"noopener\">\u00ab\u00a0Bleu Pastor\u00a0\u00bb, de janvier \u00e0 juin &#8211; Monaco Modern\u2019Art, Monaco<\/a><\/p>\n<p><strong>2015<br \/>\n<\/strong>\u00ab\u00a0Philippe Pastor, Les Arbres Br\u00fbl\u00e9s\u00a0\u00bb, installation permanente &#8211; Terminal Neige &#8211; Totem, Flaine, France<br \/>\n\u00ab\u00a0Philippe Pastor, Les Quatre Saisons\u00a0\u00bb, d\u2019octobre \u00e0 d\u00e9cembre &#8211; Monaco Modern\u2019Art, Monaco<br \/>\n<a href=\"https:\/\/www.philippe-pastor.com\/fr\/blog\/exposition-universelle-milan-2015-artiste-officiel-2\/\" target=\"_blank\" rel=\"noopener\">\u00ab\u00a0Philippe Pastor Les Arbres Br\u00fbl\u00e9s\u00a0\u00bb, du 1er mai au 30 octobre &#8211; Pavillon de Monaco, Exposition Universelle de Milan Expo 2015, Milan, Italie<\/a><br \/>\n\u00ab\u00a0Philippe Pastor\u00a0\u00bb, du 23 avril au 2 juin &#8211; Galerie Nicolas Deman, Paris, France<\/p>\n<\/div>\n<div><strong>2014<\/strong><\/div>\n<div><a href=\"https:\/\/www.philippe-pastor.com\/fr\/blog\/exposition-azul-tierra-barcelone-2\/\" target=\"_blank\" rel=\"noopener\">\u00ab\u00a0Philippe Pastor\u00a0\u00bb, du 1er d\u00e9cembre 2014 au 10 avril 2015 &#8211; Azul Tierra, Barcelone, Espagne<\/a><\/div>\n<div><a href=\"https:\/\/www.philippe-pastor.com\/fr\/blog\/exposition-monaco-modernart-2-2\/\" target=\"_blank\" rel=\"noopener\">\u00ab\u00a0Philippe Pastor\u201d, du 24 novembre 2014 au 18 Avril 2015 &#8211; Monaco Modern&rsquo;Art, Monaco<\/a><\/div>\n<div><a href=\"https:\/\/www.philippe-pastor.com\/fr\/blog\/les-arbres-brules-a-paris-gare-montparnasse-2\/\" target=\"_blank\" rel=\"noopener\">\u00ab\u00a0Philippe Pastor Les Arbres Br\u00fbl\u00e9s\u00a0\u00bb, du 27 novembre 2014 au 28 f\u00e9vrier 2015 &#8211; Gare de Montparnasse, Paris, France<\/a><\/div>\n<div><a href=\"https:\/\/www.philippe-pastor.com\/fr\/blog\/les-arbres-brules-a-paris-gare-du-nord\/\" target=\"_blank\" rel=\"noopener\">\u00ab\u00a0Philippe Pastor Les Arbres Br\u00fbl\u00e9s\u00a0\u00bb, du 22 octobre au 25 novembre &#8211; Gare du Nord, Paris, France<\/a><\/div>\n<div><a href=\"https:\/\/www.philippe-pastor.com\/fr\/blog\/exposition-la-galerie-38\/\" target=\"_blank\" rel=\"noopener\">\u00ab\u00a0Philippe Pastor\u00a0\u00bb, du 23 octobre au 23 novembre &#8211; Galerie 38, Casablanca, Maroc<\/a><\/div>\n<div><a href=\"https:\/\/www.philippe-pastor.com\/fr\/blog\/exposition-galerie-nicolas-deman\/\" target=\"_blank\" rel=\"noopener\">\u00ab\u00a0Philippe Pastor\u00a0\u00bb, du 7 octobre au 30 novembre &#8211; Galerie Nicolas Deman, Paris, France<\/a><\/div>\n<div><a href=\"https:\/\/www.philippe-pastor.com\/fr\/blog\/exposition-galerie-d-x-bordeaux\/\" target=\"_blank\" rel=\"noopener\">\u00ab\u00a0Philippe Pastor, Territoires\u00a0\u00bb, du 10 septembre au 18 octobre &#8211; Galerie D.X., Bordeaux, France<\/a><\/div>\n<div><a href=\"https:\/\/www.philippe-pastor.com\/fr\/blog\/exposition-monaco-modernart\/\" target=\"_blank\" rel=\"noopener\">\u00ab\u00a0Philippe Pastor Bleu Monochrome\u201d, du 20 mai au 15 septembre &#8211; Monaco Modern&rsquo;Art, Monaco<\/a><\/div>\n<div><a href=\"https:\/\/www.philippe-pastor.com\/fr\/blog\/exposition-galerie-nicolas-deman\/\" target=\"_blank\" rel=\"noopener\">\u00ab\u00a0Philippe Pastor\u00a0\u00bb, du 22 avril au 7 juin &#8211; Galerie Nicolas Deman, Paris, France<\/a><\/div>\n<div>&nbsp;<\/div>\n<div><strong>2013<\/strong><\/div>\n<div>\u00ab\u00a0Philippe Pastor, Bleu Monochrome\u00a0\u00bb, \u00e0 partir du 31 octobre &#8211; Azul Tierra, Barcelone, Espagne<\/div>\n<div>\u00ab\u00a0Philippe Pastor, Monochrome Blue\u00a0\u00bb, octobre \u00e0 fin novembre &#8211; Nina Torres Fine Art, Miami, Etats-Unis<\/div>\n<div>\u00ab\u00a0Philippe Pastor, Les Arbres Br\u00fbl\u00e9s\u00a0\u00bb, \u00e9t\u00e9 2013 &#8211; Grimaud, Ramatuelle, Sainte-Maxime, Saint-Tropez, France<\/div>\n<div>&nbsp;<\/div>\n<div><strong>2012<\/strong><\/div>\n<div>\u201cPhilippe Pastor, Les Arbres Br\u00fbl\u00e9s\u201d, \u00e9t\u00e9 2012 &#8211;&nbsp;Ch\u00e2teau des Marres, Ramatuelle, Golfe de Saint-Tropez, France<\/div>\n<div>\u201cPhilippe Pastor, Bleu Monochrome\u201d, de juin \u00e0 septembre 2012 &#8211; Galerie DNR, l\u2019Isle-sur-la-Sorgue, France<\/div>\n<div>\u201cPhilippe Pastor\u201d, de mai \u00e0 juin 2012 &#8211; Galerie Nicolas Deman, Paris, France<\/div>\n<div>&nbsp;<\/div>\n<div><strong>2011<\/strong><\/div>\n<div>\u201cPhilippe Pastor\u201d, du 17 novembre 2011 au 30 janvier 2012 &#8211; Galerie Nicolas Deman, Paris, France<\/div>\n<div>\u201cPhilippe Pastor, Les Arbres Br\u00fbl\u00e9s\u201d, hiver 2011\/2012 &#8211; L\u2019Alpettes, Meg\u00e8ve, France<\/div>\n<div>\u201cPhilippe Pastor, Les Arbres Br\u00fbl\u00e9s\u201d, hiver 2011\/2012 &#8211; Altapura, Val Thorens, France<\/div>\n<div>\u201cPhilippe Pastor, R\u00e9volution\u201d, du 1er juillet au 1er octobre &#8211; Monaco Modern\u2019Art, Monaco<\/div>\n<div>\u201cPhilippe Pastor, Les Arbres Br\u00fbl\u00e9s\u201d, Installation permanente, inauguration juillet 2011 &#8211; Giratoire de la Castellane, Grimaud, France<\/div>\n<div>\u201cPhilippe Pastor, Les Arbres Br\u00fbl\u00e9s\u201d, de juin \u00e0 octobre 2011 &#8211;&nbsp;Ch\u00e2teau des Marres, Ramatuelle, Golfe de Saint-Tropez, France<\/div>\n<div>\u201cPhilippe Pastor, R\u00e9volution\u201d, du 17 mai au 14 juin &#8211; Galerie Nicolas Deman, Paris, France<\/div>\n<div>\u201cPhilippe Pastor, Les C\u0153urs\u201d, MIA, Miami International Art Fair, du 14 au 17 janvier &#8211; Platform Gallery, Miami, Etats-Unis<\/div>\n<div>&nbsp;<\/div>\n<div><strong>2010<\/strong><\/div>\n<div>\u201cPhilippe Pastor, Les Quatre Saisons\u201d, du 10 novembre 2010 au 31 mai 2011 &#8211; Monaco Modern\u2019Art, Monaco<\/div>\n<div>\u201cPhilippe Pastor, Les Quatre Saisons\u201d, du 30 novembre 2010 au 8 janvier 2011 &#8211; Galerie Nicolas Deman, Paris<\/div>\n<div>\u201cPhilippe Pastor, R\u00e9trospective\u201d, du 19 novembre au 9 d\u00e9cembre &#8211; Opera Gallery, New York, Etats-Unis<\/div>\n<div>\u201cPhilippe Pastor, H2O\u201d, du 1er juin au 1er novembre &#8211; Monaco Modern\u2019Art, Monaco<\/div>\n<div>\u201cPhilippe Pastor, Les Quatre Saisons\u201d, du 3 avril au 2 mai &#8211; Barbara de Palma Gallery, Saint-Tropez, France<\/div>\n<div>\u201cPhilippe Pastor, Recent Works\u201d, du 20 janvier \u00e0 juin \u2013 Showroom, 49 Curzon Street, Londres, Angleterre<\/div>\n<div>&nbsp;<\/div>\n<div><strong>2009<\/strong><\/div>\n<div>\u201cPhilippe Pastor\u201d, du 4 au 19 d\u00e9cembre &#8211; Opera Gallery, Paris, France<\/div>\n<div>\u201cPhilippe Pastor, Les Arbres Br\u00fbl\u00e9s\u201d, Installation permanente, inauguration le 27 avril 2009 &#8211; La Gr\u00e9e Des Landes &#8211; Eco-H\u00f4tel-Spa Yves Rocher, La Gacilly, France<\/div>\n<div>\u201cLe Ciel Regarde la Terre\u201d, du 7 juin au 22 novembre &#8211; 53e Biennale de Venise, Pavillon de la Principaut\u00e9 de Monaco, Caserne Cornoldi, Venise, Italie<\/div>\n<div>&nbsp;<\/div>\n<div><strong>2008<\/strong><\/div>\n<div>\u201cPhilippe Pastor, Les Arbres Br\u00fbl\u00e9s\u201d, du 20 septembre au 5 d\u00e9cembre &#8211; Centre Culturel Fran\u00e7ais, Milan, Italie<\/div>\n<div>\u201cPhilippe Pastor, Le Ciel Regarde la Terre\u201d, du 9 juillet au 18 ao\u00fbt &#8211; Atrium du Casino, Monaco<\/div>\n<div>\u201cPhilippe Pastor, Les Arbres Br\u00fbl\u00e9s\u201d, Installation permanente, inauguration juillet 2008 &#8211; Le Jardin Exotique, Monaco<\/div>\n<div>\u201cPhilippe Pastor, Les Arbres Br\u00fbl\u00e9s\u201d, du 23 juin au 14 juillet &#8211; Chapelle Saint-Jean, La Garde-Freinet, France<\/div>\n<div>\u201cPhilippe Pastor, Les Arbres Br\u00fbl\u00e9s\u201d, Installation permanente, inauguration le 5 juin 2008 &#8211; Museo del Parco, Portofino, Italie<\/div>\n<div>\u201cPhilippe Pastor, Regards\u201d, du 31 mai au 28 juin &#8211; Atelier Soardi, Atelier de Matisse, Nice, France<\/div>\n<div>\u201cPhilippe Pastor, Les Arbres Br\u00fbl\u00e9s\u201d, Installation permanente, inauguration le 8 mai 2008 &#8211; Si\u00e8ge des Nations Unies, New York, Etats-Unis<\/div>\n<div>\u201cPhilippe Pastor, Les copines de la Lune\u201d, du 21 mars au 10 avril &#8211; Galerie LJ Beaubourg, Paris, France<\/div>\n<div>\u201cPhilippe Pastor, Recent Works\u201d, de janvier \u00e0 juin &#8211; Monaco Modern Art, Monaco<\/div>\n<div>&nbsp;<\/div>\n<div><strong>2007<\/strong><\/div>\n<div>\u201cPhilippe Pastor, Les Arbres Blancs\u201d, du 16 au 27 mai 2007 &#8211; \u00e0 l\u2019occasion du Festival International du Film, Cannes, France<\/div>\n<div>\u201cPhilippe Pastor, Les Arbres Br\u00fbl\u00e9s\u201d, Installation permanente, inauguration le 15 avril 2007 &#8211; Champions of the Earth, International Environment Award, pr\u00e9sent\u00e9 chaque ann\u00e9e par le Programme des Nations Unies pour l\u2019Environnement (PNUE), Shangri-la, Singapour<\/div>\n<div>\u201cPhilippe Pastor, Les Arbres Br\u00fbl\u00e9s\u201d, de janvier 2007 \u00e0 juin 2010 &#8211; Monaco Modern\u2019Art, Monaco<\/div>\n<div>&nbsp;<\/div>\n<div><strong>2006<\/strong><\/div>\n<div>\u201cPhilippe Pastor. Exposition itin\u00e9rante\u201d, du 15 d\u00e9cembre 2005 au 15 mars 2006 &#8211; Atelier Soardi, Atelier de Matisse, Nice, France<\/div>\n<div>\u201cPhilippe Pastor\u201d, du 10 novembre au 5 d\u00e9cembre &#8211; Fondation Valerio Riva, Venise, Italie<\/div>\n<div>\u201cPhilippe Pastor, Les Arbres Br\u00fbl\u00e9s\u201d, Installation permanente, inauguration le 26 octobre 2006 &#8211; A\u00e9roport Nice C\u00f4te d\u2019Azur, France<\/div>\n<div>\u201cPhilippe Pastor, Recent Works\u201d, du 22 septembre au 21 octobre &#8211; Galerie du XXe si\u00e8cle, Paris, France<\/div>\n<div>\u201cPhilippe Pastor, Les Arbres Br\u00fbl\u00e9s\u201d, Installation permanente, inauguration le 31 mars 2006 &#8211; Si\u00e8ge des Nations Unies, Nairobi, Kenya<\/div>\n<div>\u201cPhilippe Pastor, S\u00e9lection\u201d, de janvier \u00e0 d\u00e9cembre &#8211; Monaco Modern\u2019Art, Monaco<\/div>\n<div>&nbsp;<\/div>\n<div><strong>2005<\/strong><\/div>\n<div>\u201cPhilippe Pastor. Exposition Itin\u00e9rante\u201d, du 4 au 26 novembre &#8211; National Museum Cotroceni, Bucarest, Roumanie<\/div>\n<div>\u201cPhilippe Pastor, Les Arbres Br\u00fbl\u00e9s\u201d, Installation permanente, Inauguration \u00e9t\u00e9 2005 &#8211; Sainte-Maxime, France<\/div>\n<div>\u201cPhilippe Pastor, The Strange Cheerfulness of a Sad Cansun\u201d, du 19 mai au 11 &nbsp;juin &#8211; Galerie Poli Art, Milan, Italie<\/div>\n<div>\u201cPhilippe Pastor, The Strange Cheerfulness of a Sad Cansun\u201d, du 19 f\u00e9vrier au 6 mars &#8211; Gallery of Modern and Contemporary Art, Republic of San Marino, Italie<\/div>\n<div>\u201cPhilippe Pastor\u201d, du 6 f\u00e9vrier au 4 mars &#8211; Galerie Ca\u2019 d\u2019Oro, Rome, Italie<\/div>\n<div>&nbsp;<\/div>\n<div><strong>2004<\/strong><\/div>\n<div>\u201cPhilippe Pastor, Les Nouveaux guerriers\u201d, du 5 avril au 15 mai &#8211; Galerie Bruno Delarue, Paris, France<\/div>\n<div>&nbsp;<\/div>\n<div><strong>2003<\/strong><\/div>\n<div>\u201cPhilippe Pastor, en Passant\u201d, du 11 d\u00e9cembre 2003 au 10 janvier 2004 &#8211; Galerie Pastor-Gismondi, Monaco<\/div>\n<div>&nbsp;<\/div>\n<div><strong>2002<\/strong><\/div>\n<div>\u201cPhilippe Pastor, Couples of Saint-Tropez\u201c, du 1er au 30 d\u00e9cembre &#8211; Miami Modern Art Gallery, Miami, \u00c9tats-Unis<\/div>\n<\/div><\/section><\/div>\n","protected":false},"excerpt":{"rendered":"","protected":false},"author":6,"featured_media":0,"parent":4131,"menu_order":0,"comment_status":"closed","ping_status":"closed","template":"","meta":{"ngg_post_thumbnail":0,"footnotes":""},"class_list":["post-6517","page","type-page","status-publish","hentry"],"_links":{"self":[{"href":"https:\/\/www.philippe-pastor.com\/fr\/wp-json\/wp\/v2\/pages\/6517","targetHints":{"allow":["GET"]}}],"collection":[{"href":"https:\/\/www.philippe-pastor.com\/fr\/wp-json\/wp\/v2\/pages"}],"about":[{"href":"https:\/\/www.philippe-pastor.com\/fr\/wp-json\/wp\/v2\/types\/page"}],"author":[{"embeddable":true,"href":"https:\/\/www.philippe-pastor.com\/fr\/wp-json\/wp\/v2\/users\/6"}],"replies":[{"embeddable":true,"href":"https:\/\/www.philippe-pastor.com\/fr\/wp-json\/wp\/v2\/comments?post=6517"}],"version-history":[{"count":0,"href":"https:\/\/www.philippe-pastor.com\/fr\/wp-json\/wp\/v2\/pages\/6517\/revisions"}],"up":[{"embeddable":true,"href":"https:\/\/www.philippe-pastor.com\/fr\/wp-json\/wp\/v2\/pages\/4131"}],"wp:attachment":[{"href":"https:\/\/www.philippe-pastor.com\/fr\/wp-json\/wp\/v2\/media?parent=6517"}],"curies":[{"name":"wp","href":"https:\/\/api.w.org\/{rel}","templated":true}]}}