{"id":6502,"date":"2018-04-27T13:17:51","date_gmt":"2018-04-27T12:17:51","guid":{"rendered":"https:\/\/www.philippe-pastor.com\/?page_id=6502"},"modified":"2018-07-24T19:58:55","modified_gmt":"2018-07-24T18:58:55","slug":"bleu-monochrome","status":"publish","type":"page","link":"https:\/\/www.philippe-pastor.com\/fr\/textes\/bleu-monochrome\/","title":{"rendered":"Philippe Pastor. Bleu Monochrome"},"content":{"rendered":"<div class=\"flex_column av_one_full  flex_column_div first   \" style='padding:0px 6% 0px 0 ; border-radius:0px; '><p><div style='height:20px' class='hr hr-invisible   '><span class='hr-inner ' ><span class='hr-inner-style'><\/span><\/span><\/div><br \/>\n<section class=\"av_textblock_section \"  itemscope=\"itemscope\" itemtype=\"https:\/\/schema.org\/CreativeWork\" ><div class='avia_textblock  '   itemprop=\"text\" ><h3><strong>Rodolphe Cosimi<\/strong><\/h3>\n<p>Dans la recherche cr\u00e9atrice qui anime l\u2019artiste mon\u00e9gasque Philippe Pastor depuis de nombreuses ann\u00e9es autour des correspondances \u00e9troites existantes entre l\u2019humain et la nature, la s\u00e9rie r\u00e9cente <em>Bleu Monochrome <\/em>marque \u00e0 la fois un tournant significatif dans l\u2019\u00e9volution de sa peinture, de son \u0153uvre en constant renouvellement, tout en entrant en r\u00e9sonnance profonde avec les s\u00e9ries pr\u00e9c\u00e9dentes r\u00e9alis\u00e9es. L\u2019artiste est guid\u00e9 dans son travail par une continuit\u00e9 qui, \u00e9tonnement insaisissable au premier regard, s\u2019exprime \u00e0 travers un dispositif pictural vigoureux, instinctif, plac\u00e9 dans une composition r\u00e9solument informelle.<\/p>\n<p>N\u00e9anmoins, cette continuit\u00e9 n\u2019est en aucune mani\u00e8re un cloisonnement dans un style ou un mode de pratique syst\u00e9mique. Elle est avant tout une remise en question substantielle de la r\u00e9flexion que s\u2019est fix\u00e9 l\u2019artiste dans sa d\u00e9marche artistique. Cette remise en question conduit le tableau dans des r\u00e9gions rarement explor\u00e9es par la peinture, amenant ainsi l\u2019\u0153uvre dans ses retranchements tour \u00e0 tour les plus in\u00e9dits, les plus complexes et les plus singuliers. Sous l\u2019angle de la technique tout comme de celui de sa port\u00e9e symbolique et humaniste, les toiles de Philippe Pastor interrogent la mati\u00e8re, le format, le relief, les flux et par l\u00e0 m\u00eame un art qui nous relie \u00e0 la terre, \u00e0 l\u2019environnement, r\u00e9sistant aux chocs des temps, de l\u2019histoire, de nos conditions.<\/p>\n<p><em>Bleu Monochrome<\/em>, dans sa mati\u00e8re riche et puissante, envahissant chaque support de bord \u00e0 bord, s\u2019inscrit dans la volont\u00e9 de refigurer et de redonner sens \u00e0 ce que l\u2019on pensait perdu. La nature est \u00e0 port\u00e9e de l\u2019\u0153il dans ces m\u00e9taphores aux rythmes imp\u00e9rieux, libres de toute contrainte. Dans la pure complexit\u00e9 de ces instants de mati\u00e8re pi\u00e9g\u00e9s par le temps, tout concourt \u00e0 basculer dans une vision irr\u00e9elle, une lecture initiatique qui va au-del\u00e0 des confusions apparentes. Dans les rapports perceptibles, dans les \u00e9nergies presque palpables qui \u00e9manent de chaque toile, le regardeur est appel\u00e9 \u00e0 \u00e9prouver l\u2019\u0153uvre et dialoguer avec elle.<\/p>\n<p>Les conditions d\u2019un tel dialogue prennent corps \u00e0 travers la couleur bleu et ses subtilit\u00e9s, ses contrastes articul\u00e9s et sa force \u00e9vocatoire. Un bleu qui\u00a0 \u00aba toujours \u00e9t\u00e9 pour moi une couleur de pr\u00e9dilection\u00bb souligne Philippe Pastor. Qu\u2019ils soient outremer ou cobalt, et dans leurs multiples combinaisons et tonalit\u00e9s possibles, ces bleus provoquent \u00e0 la toute premi\u00e8re confrontation, un choc unique, \u00e9motionnel, sensible, quasiment ind\u00e9finissable. L\u2019artiste entame ici et plus que jamais une exploration audacieuse de cette couleur li\u00e9e au ciel, au lointain, symbolisant l\u2019infini et le divin, \u00e0 travers laquelle se trame un sentiment mystique.<\/p>\n<p>Sur ce pont jet\u00e9 entre terre et ciel, un magma surgit toutefois de la toile, d\u00e9voilant un passage brutal de la lumi\u00e8re aux t\u00e9n\u00e8bres. Dans le calme instaur\u00e9 initialement par la couleur, \u00e9mergent craquelures et d\u00e9chirements venant troubler la s\u00e9r\u00e9nit\u00e9 des valeurs et des nuances usit\u00e9s de la palette du peintre. Les grandes forces de la nature se r\u00e9v\u00e8lent alors, dispensant des tensions, lib\u00e9rant des \u00e9nergies et des intensit\u00e9s chromatiques sans pareille. \u00abColles, pigments, mat\u00e9riaux sont difficiles \u00e0 associer pour faire na\u00eetre l\u2019\u00e9quilibre sur la toile. Tout se joue au s\u00e9chage et j\u2019ai pass\u00e9 des ann\u00e9es \u00e0 exp\u00e9rimenter cela pour y parvenir\u00bb nous rappelle Philippe Pastor sans tout d\u00e9voiler des formules alchimiques de sa peinture.<\/p>\n<p>La toile devient \u00e9vocation g\u00e9ologique, tremblement, s\u00e9isme, aridit\u00e9 : un lieu de p\u00e9ril, un lieu d\u2019exp\u00e9rience, de vie et de mort. Quel qu\u2019il soit, ce terrain est \u00e0 la fois le n\u00f4tre, et celui du cr\u00e9ateur, propice au langage personnel qui conduit Philippe Pastor dans des contr\u00e9es insoup\u00e7onn\u00e9es de l\u2019art et le questionne. Cette confrontation est en elle-m\u00eame r\u00e9flexion, narration intuitive des \u00e9l\u00e9ments, celle de la terre, de l\u2019eau, du ciel. Sans pour autant \u00eatre contradictoire, cette construction picturale cherche \u00e0 \u00eatre d\u00e9chiffr\u00e9e, et se veut mettre en sc\u00e8ne des \u00e9chos de nos existences sur terre. L\u2019enjeu du peintre se joue \u00e0 la fronti\u00e8re t\u00e9nue entre maitrise et incarnation des forces qui \u00e9chappent \u00e0 l\u2019homme. Celui du regardeur sera de capter un nouveau monde et d\u2019arriver \u00e0 en r\u00e9v\u00e9ler les profondeurs cach\u00e9es, en atteignant la dimension spirituelle dans la fugacit\u00e9 des perceptions, le plus librement et le plus intimement possible. Ces accidents du bleu, ces effets recherch\u00e9s autour des pigments qui parcourent, traversent, morcellent, balafrent chaque toile, laissent naturellement une place \u00e0 l\u2019al\u00e9atoire et \u00e0 l\u2019impr\u00e9vu des mati\u00e8res dont elles se nourrissent. C\u2019est une peinture qui s\u2019exprime, et qui existe puisque nous la voyons \u00e0 l\u2019\u0153uvre.<\/p>\n<p>Travaill\u00e9e depuis son atelier de Barcelone, la s\u00e9rie r\u00e9cente <em>Bleu Monochrome<\/em> est le r\u00e9sultat d\u2019un engagement total de l\u2019artiste en son art, en ses convictions \u00e0 l\u2019\u00e9gard de la nature et son questionnement sur son devenir. Sans contraintes et sans souci de vouloir plaire, la peinture de Philippe Pastor est avant tout libert\u00e9 d\u2019expression et prise de conscience. L\u2019homme est ce qu\u2019il fait. Ses \u0153uvres, universelles, en t\u00e9moignent pleinement.<\/p>\n<p>Chaque toile du peintre est une chance pour le regardeur de pouvoir entrer en relation avec soi-m\u00eame, avec le monde qui nous entoure et nous contient.<\/p>\n<p>Rodolphe Cosimi<\/p>\n<\/div><\/section><\/p><\/div>\n","protected":false},"excerpt":{"rendered":"","protected":false},"author":6,"featured_media":0,"parent":6493,"menu_order":0,"comment_status":"closed","ping_status":"closed","template":"","meta":{"ngg_post_thumbnail":0,"footnotes":""},"_links":{"self":[{"href":"https:\/\/www.philippe-pastor.com\/fr\/wp-json\/wp\/v2\/pages\/6502"}],"collection":[{"href":"https:\/\/www.philippe-pastor.com\/fr\/wp-json\/wp\/v2\/pages"}],"about":[{"href":"https:\/\/www.philippe-pastor.com\/fr\/wp-json\/wp\/v2\/types\/page"}],"author":[{"embeddable":true,"href":"https:\/\/www.philippe-pastor.com\/fr\/wp-json\/wp\/v2\/users\/6"}],"replies":[{"embeddable":true,"href":"https:\/\/www.philippe-pastor.com\/fr\/wp-json\/wp\/v2\/comments?post=6502"}],"version-history":[{"count":7,"href":"https:\/\/www.philippe-pastor.com\/fr\/wp-json\/wp\/v2\/pages\/6502\/revisions"}],"predecessor-version":[{"id":10016,"href":"https:\/\/www.philippe-pastor.com\/fr\/wp-json\/wp\/v2\/pages\/6502\/revisions\/10016"}],"up":[{"embeddable":true,"href":"https:\/\/www.philippe-pastor.com\/fr\/wp-json\/wp\/v2\/pages\/6493"}],"wp:attachment":[{"href":"https:\/\/www.philippe-pastor.com\/fr\/wp-json\/wp\/v2\/media?parent=6502"}],"curies":[{"name":"wp","href":"https:\/\/api.w.org\/{rel}","templated":true}]}}