{"id":6393,"date":"2018-04-26T18:58:25","date_gmt":"2018-04-26T17:58:25","guid":{"rendered":"https:\/\/www.philippe-pastor.com\/?page_id=6393"},"modified":"2018-12-03T13:20:23","modified_gmt":"2018-12-03T12:20:23","slug":"expositions","status":"publish","type":"page","link":"https:\/\/www.philippe-pastor.com\/fr\/les-arbres-brules\/expositions\/","title":{"rendered":"Expositions"},"content":{"rendered":"<div class=\"flex_column av_one_full  flex_column_div first  content-article \" style='padding:15px 6% 15px 0% ; background-color:#e8e8e8; border-radius:0px; '><p><div style='height:18px' class='hr hr-invisible   '><span class='hr-inner ' ><span class='hr-inner-style'><\/span><\/span><\/div><br \/>\n<section class=\"av_textblock_section \"  itemscope=\"itemscope\" itemtype=\"https:\/\/schema.org\/CreativeWork\" ><div class='avia_textblock  '   itemprop=\"text\" ><h2>EXPOSITIONS \u00ab LES ARBRES BR\u00dbLES \u00bb (S\u00c9LECTION)<\/h2>\n<\/div><\/section><br \/>\n<div style='height:18px' class='hr hr-invisible   '><span class='hr-inner ' ><span class='hr-inner-style'><\/span><\/span><\/div><br \/>\n<section class=\"av_textblock_section \"  itemscope=\"itemscope\" itemtype=\"https:\/\/schema.org\/CreativeWork\" ><div class='avia_textblock  '   itemprop=\"text\" ><p><a href=\"https:\/\/www.philippe-pastor.com\/fr\/blog\/les-arbres-brules-chateau-des-marres\/\" target=\"_blank\" rel=\"noopener\"><strong>Ch\u00e2teau des Marres<\/strong><\/a>, Ramatuelle, Golfe de Saint-Tropez, France<br \/>\nInstallation permanente (depuis juin 2017)<\/p>\n<p><strong>Meg\u00e8ve<\/strong> (hiver 2016-2017)<\/p>\n<p><a href=\"https:\/\/www.philippe-pastor.com\/blog\/the-burned-trees-grimaldi-forum-monaco\/\" target=\"_blank\" rel=\"noopener\"><strong>Grimaldi Forum<\/strong><\/a>, Monaco (du 5 au 25 juillet 2016)<\/p>\n<p><a href=\"https:\/\/www.aeamonaco.org\/fr\/portfolio-item\/la-gree-des-landes-eco-hotel-spa-yves-rocher-la-gacilly\/\" target=\"_blank\" rel=\"noopener\"><strong>La Gr\u00e9e Des Landes, Eco-H\u00f4tel-Spa Yves Rocher<\/strong><\/a>, La Gacilly, France<br \/>\nInstallation permanente (\u00e0 partir de mars 2016)<\/p>\n<p><a href=\"https:\/\/www.aeamonaco.org\/fr\/portfolio-item\/pavillon-monaco-expo-2015-milan\/\" target=\"_blank\" rel=\"noopener\"><strong>Pavillon de Monaco, Exposition Universelle de Milan Expo 2015<\/strong><\/a>, Milan, Italie (du 1er mai au 30 octobre 2015)<br \/>\nPhilippe Pastor artiste officiel du Pavillon Monaco<\/p>\n<p>\u00abThe Anatomized Pavilion. Le Pavillon de Monaco \u00e0 l\u2019Expo Milan 2015, hors les murs\u00bb, <strong>Monaco Modern\u2019Art<\/strong>, Monaco (du 22 avril au 31 octobre 2015)<\/p>\n<p><strong>Terminal Neige &#8211; Totem<\/strong>, Flaine, France<br \/>\nInstallation permanente (\u00e0 partir de d\u00e9cembre 2015)<\/p>\n<p><a href=\"https:\/\/www.aeamonaco.org\/fr\/portfolio-item\/fondation-nicolas-hulot-paris-gare-montparnasse\/\" target=\"_blank\" rel=\"noopener\"><strong>Gare de Montparnasse<\/strong><\/a>, Paris, France (du 27 novembre 2014 au 28 f\u00e9vrier 2015)<br \/>\n<a href=\"https:\/\/www.aeamonaco.org\/fr\/portfolio-item\/fondation-nicolas-hulot-paris-gare-du-nord\/\" target=\"_blank\" rel=\"noopener\"><strong>Gare du Nord<\/strong><\/a>, Paris, France (du 22 octobre au 25 novembre 2014)<br \/>\nEn collaboration avec la Fondation Nicolas Hulot<\/p>\n<p><strong>Grimaud, Ramatuelle, Sainte-Maxime, Saint-Tropez<\/strong>, France (\u00e9t\u00e9 2013)<br \/>\n<a href=\"https:\/\/www.aeamonaco.org\/fr\/portfolio-item\/les-arbres-brules-chateau-des-marres-saint-tropez\/\" target=\"_blank\" rel=\"noopener\"><strong>Ch\u00e2teau des Marres<\/strong><\/a>, Ramatuelle, Golfe de Saint-Tropez, France (\u00e9t\u00e9 2012)<\/p>\n<p><a href=\"https:\/\/www.aeamonaco.org\/fr\/portfolio-item\/les-arbres-brules-lalpette-megeve\/\" target=\"_blank\" rel=\"noopener\"><strong>L\u2019Alpettes<\/strong><\/a>, Meg\u00e8ve, France (hiver 2011\/2012)<br \/>\n<strong>Altapura<\/strong>, Val Thorens, France (hiver 2011\/2012)<\/p>\n<p><a href=\"https:\/\/www.aeamonaco.org\/fr\/portfolio-item\/les-arbres-brules-grimaud\/\" target=\"_blank\" rel=\"noopener\"><strong>Giratoire de la Castellane<\/strong><\/a>, Grimaud, France<br \/>\nInstallation permanente (inauguration juillet 2011)<\/p>\n<p><strong>Ch\u00e2teau des Marres<\/strong>, Ramatuelle, France (de juin \u00e0 octobre 2011)<\/p>\n<div><a href=\"https:\/\/www.aeamonaco.org\/fr\/portfolio-item\/the-sky-is-watching-the-earth-53rd-venice-biennale\/\" target=\"_blank\" rel=\"noopener\"><strong>53eme Biennale de Venise<\/strong><\/a>, \u00ab&nbsp;Le Ciel Regarde la Terre&nbsp;\u00bb (du 7 juin au 22 novembre 2009)<\/div>\n<p><strong>La Gr\u00e9e Des Landes, Eco-H\u00f4tel-Spa Yves Rocher<\/strong>, La Gacilly, France<br \/>\nInstallation permanente (inauguration le 27 avril 2009)<\/p>\n<p><strong>Centre Culturel Fran\u00e7ais<\/strong>, Milan, Italie (du 20 septembre au 5 d\u00e9cembre)<\/p>\n<p><strong>Place du Casino<\/strong>, Monaco<br \/>\n<strong>Quai Antoine 1er,<\/strong> Monaco<br \/>\nDans le cadre de l\u2019exposition <a href=\"https:\/\/www.aeamonaco.org\/fr\/portfolio-item\/la-fonte-des-glaces-un-sujet-dactualite-monaco\/\" target=\"_blank\" rel=\"noopener\">\u00abMelting Ice, A Hot Topic\u00bb<\/a> (f\u00e9vrier-mars 2008)<\/p>\n<p><strong>Le Jardin Exotique<\/strong>, Monaco<br \/>\nInstallation permanente (inauguration juillet 2008)<\/p>\n<p><strong>Chapelle Saint-Jean<\/strong>, La Garde-Freinet, France (du 23 juin au 14 juillet 2008)<\/p>\n<p><strong>Museo del Parco<\/strong>, Portofino, Italie<br \/>\nInstallation permanente (inauguration le 5 juin 2008)<\/p>\n<p><a href=\"https:\/\/www.aeamonaco.org\/fr\/portfolio-item\/desapprendre-lintolerance-nations-unies-new-york\/\" target=\"_blank\" rel=\"noopener\"><strong>Si\u00e8ge des Nations Unies<\/strong><\/a>, New York, Etats-Unis (mai 2008)<\/p>\n<p><a href=\"https:\/\/www.aeamonaco.org\/fr\/portfolio-item\/campagne-dun-milliard-darbres-festival-de-cannes\/\" target=\"_blank\" rel=\"noopener\"><strong>Plage du Majestic<\/strong><\/a>, Cannes<br \/>\nA l\u2019occasion du <strong>Festival International du Film, Cannes<\/strong>, France (16 au 27 mai 2007)<\/p>\n<p><a href=\"https:\/\/www.aeamonaco.org\/fr\/portfolio-item\/unep-eco4theworld-singapour\/\" target=\"_blank\" rel=\"noopener\"><strong>Champions of the Earth, International Environment Award, Shangri-la<\/strong><\/a>, Singapour<br \/>\nDans le cadre du <strong>Programme des Nations Unies pour l\u2019Environnement<\/strong> (PNUE)<br \/>\nInstallation permanente (inauguration le 15 avril 2007)<\/p>\n<p><strong>Monaco Modern\u2019Art<\/strong>, Monaco,&nbsp;(janvier 2007 \u00e0 juin 2010)<\/p>\n<p><a href=\"https:\/\/www.aeamonaco.org\/fr\/portfolio-item\/unep-billion-tree-campaign-nice-airport\/\" target=\"_blank\" rel=\"noopener\"><strong>A\u00e9roport Nice C\u00f4te d\u2019Azur<\/strong><\/a>, France<br \/>\nInstallation permanente (inauguration le 26 octobre 2006)<\/p>\n<p><a href=\"https:\/\/www.aeamonaco.org\/fr\/portfolio-item\/unep-billion-tree-campaign-un-headquarters-nairobi\/\" target=\"_blank\" rel=\"noopener\"><strong>Si\u00e8ge du Programme des Nations Unies pour l\u2019Environnement (PNUE)<\/strong><\/a>, Nairobi, Kenya<br \/>\nInstallation permanente (inauguration le 31 mars 2006)<\/p>\n<p><strong>Sainte-Maxime<\/strong>, France<br \/>\nInstallation permanente (Inauguration \u00e9t\u00e9 2005)<\/p>\n<\/div><\/section><br \/>\n<div style='height:18px' class='hr hr-invisible   '><span class='hr-inner ' ><span class='hr-inner-style'><\/span><\/span><\/div><br \/>\n<section class=\"av_textblock_section \"  itemscope=\"itemscope\" itemtype=\"https:\/\/schema.org\/CreativeWork\" ><div class='avia_textblock  '   itemprop=\"text\" ><p><strong>&#8211; DISTINCTIONS &#8211;<\/strong><\/p>\n<p>Invit\u00e9 d\u2019honneur d\u2019Art Monaco\u201910, Philippe Pastor re\u00e7oit \u201c<strong>Le Prix d\u2019Excellence Pens\u00e9e Ecologie<\/strong>\u201d, pour la meilleure utilisation de mat\u00e9riaux recycl\u00e9s dans ses \u0153uvres (mai 2010)<\/p>\n<p>Nomm\u00e9 par <strong>SAS le Prince Albert II de Monaco \u00ab Chevalier de l\u2019Ordre du M\u00e9rite Culturel \u00bb<\/strong> (2009)<\/p>\n<\/div><\/section><br \/>\n<section class=\"av_textblock_section \"  itemscope=\"itemscope\" itemtype=\"https:\/\/schema.org\/CreativeWork\" ><div class='avia_textblock  '   itemprop=\"text\" ><p><strong>&#8211; CONFERENCE &#8211;<\/strong><\/p>\n<p>Discours de Philippe Pastor lors du s\u00e9minaire \u00ab&nbsp;D\u00e9sapprendre l\u2019Intol\u00e9rance&nbsp;: L\u2019art pour changer les attitudes vis-\u00e0-vis de l\u2019environnement&nbsp;\u00bb.<\/p>\n<p><strong>Si\u00e8ge des Nations Unies<\/strong>, New York (le 8 mai 2008)<\/p>\n<\/div><\/section><\/p><\/div>\n","protected":false},"excerpt":{"rendered":"","protected":false},"author":6,"featured_media":0,"parent":4158,"menu_order":0,"comment_status":"closed","ping_status":"closed","template":"","meta":{"ngg_post_thumbnail":0,"footnotes":""},"class_list":["post-6393","page","type-page","status-publish","hentry"],"_links":{"self":[{"href":"https:\/\/www.philippe-pastor.com\/fr\/wp-json\/wp\/v2\/pages\/6393","targetHints":{"allow":["GET"]}}],"collection":[{"href":"https:\/\/www.philippe-pastor.com\/fr\/wp-json\/wp\/v2\/pages"}],"about":[{"href":"https:\/\/www.philippe-pastor.com\/fr\/wp-json\/wp\/v2\/types\/page"}],"author":[{"embeddable":true,"href":"https:\/\/www.philippe-pastor.com\/fr\/wp-json\/wp\/v2\/users\/6"}],"replies":[{"embeddable":true,"href":"https:\/\/www.philippe-pastor.com\/fr\/wp-json\/wp\/v2\/comments?post=6393"}],"version-history":[{"count":0,"href":"https:\/\/www.philippe-pastor.com\/fr\/wp-json\/wp\/v2\/pages\/6393\/revisions"}],"up":[{"embeddable":true,"href":"https:\/\/www.philippe-pastor.com\/fr\/wp-json\/wp\/v2\/pages\/4158"}],"wp:attachment":[{"href":"https:\/\/www.philippe-pastor.com\/fr\/wp-json\/wp\/v2\/media?parent=6393"}],"curies":[{"name":"wp","href":"https:\/\/api.w.org\/{rel}","templated":true}]}}