{"id":6359,"date":"2018-04-26T11:58:03","date_gmt":"2018-04-26T10:58:03","guid":{"rendered":"https:\/\/www.philippe-pastor.com\/?page_id=6359"},"modified":"2018-06-05T16:13:51","modified_gmt":"2018-06-05T15:13:51","slug":"le-ciel-regarde-la-terre","status":"publish","type":"page","link":"https:\/\/www.philippe-pastor.com\/fr\/peintures\/le-ciel-regarde-la-terre\/","title":{"rendered":"Le Ciel Regarde la Terre"},"content":{"rendered":"<div class=\"flex_column av_one_full  flex_column_div av-zero-column-padding first  paintings \" style='border-radius:0px; '><section class=\"av_textblock_section \"  itemscope=\"itemscope\" itemtype=\"https:\/\/schema.org\/CreativeWork\" ><div class='avia_textblock  '   itemprop=\"text\" ><h3>S\u00e9rie pr\u00e9sent\u00e9e \u00e0 la 53<sup>\u00e8me<\/sup> Biennale de Venise en 2009<\/h3>\n<p>A l\u2019\u00e9poque des grands m\u00e9dias \u2013 cin\u00e9ma, t\u00e9l\u00e9vision, Internet \u2013 qui \u00e9talent des formes de communication transitoires, de fa\u00e7on bien souvent stupide et opportuniste, l\u2019on voit r\u00e9affleurer d\u2019int\u00e9ressantes exp\u00e9riences artistiques d\u2019identification \u00e9motionnelle, voire existentielle. Lorsque le m\u00e9dium technologique se transforme en un sentiment d\u2019\u00e9loignement et de s\u00e9paration, certaines pratiques de l\u2019art r\u00e9agissent en recherchant l\u2019immersion physique, le rapport avec les forces latentes et les \u00e9nergies vitales de la Terre, l\u2019\u00e9lan pulsionnel du primaire anthropologique.<\/p>\n<p>Entre la peinture monumentale et la sculpture du bois, l\u2019exp\u00e9rience de Philippe Pastor se d\u00e9veloppe en une myriade de perspectives souterraines qui vont plus loin que les aspects \u00e9ph\u00e9m\u00e8res de la soci\u00e9t\u00e9 branch\u00e9e d\u2019aujourd\u2019hui. Elle ouvre une r\u00e9flexion sur les questions de la collectivit\u00e9 et de l\u2019environnement, sans pour autant n\u00e9gliger le rapport endog\u00e8ne avec la Nature, ni l\u2019interpr\u00e9tation symbolique des choses. Les grands panneaux que Pastor r\u00e9alise pour le Pavillon de la Principaut\u00e9 de Monaco reconstituent une sorte de sc\u00e8ne du drame cosmique intitul\u00e9 \u00ab Le ciel regarde la Terre \u00bb. Semblables \u00e0 des images de la Terre prises par un satellite, ces sc\u00e8nes, articul\u00e9es comme si elles constituaient trois actes, nous font tourner les yeux sur une esp\u00e8ce de chaos, humain et naturel, partag\u00e9 en plusieurs cadres th\u00e9matiques : Nature, P\u00f4le Nord, Pollution. Les panneaux se r\u00e9f\u00e8rent respectivement au \u00ab P\u00f4le Nord \u00bb, aux \u00ab Cyclones \u00bb et \u00e0 la \u00ab Nature d\u00e9figur\u00e9e \u00bb.<\/p>\n<p><a href=\"https:\/\/www.philippe-pastor.com\/fr\/textes\/philippe-pastor-strategies-de-la-pulsion\/\" target=\"_blank\" rel=\"noopener\">Giacomo Zaza, Extrait, Introduction au catalogue \u00ab Philippe Pastor. The Sky is Watching the Earth \u00bb, dans le cadre de la 53\u00e8me Biennale de Venise, Christian Maretti Editore, 2009<\/a><\/p>\n<\/div><\/section><\/div><section class=\"av_textblock_section \"  itemscope=\"itemscope\" itemtype=\"https:\/\/schema.org\/CreativeWork\" ><div class='avia_textblock  '   itemprop=\"text\" >ngg_shortcode_0_placeholder\n<\/div><\/section><\/p>\n","protected":false},"excerpt":{"rendered":"","protected":false},"author":6,"featured_media":0,"parent":4191,"menu_order":0,"comment_status":"closed","ping_status":"closed","template":"","meta":{"ngg_post_thumbnail":0,"footnotes":""},"class_list":["post-6359","page","type-page","status-publish","hentry"],"_links":{"self":[{"href":"https:\/\/www.philippe-pastor.com\/fr\/wp-json\/wp\/v2\/pages\/6359","targetHints":{"allow":["GET"]}}],"collection":[{"href":"https:\/\/www.philippe-pastor.com\/fr\/wp-json\/wp\/v2\/pages"}],"about":[{"href":"https:\/\/www.philippe-pastor.com\/fr\/wp-json\/wp\/v2\/types\/page"}],"author":[{"embeddable":true,"href":"https:\/\/www.philippe-pastor.com\/fr\/wp-json\/wp\/v2\/users\/6"}],"replies":[{"embeddable":true,"href":"https:\/\/www.philippe-pastor.com\/fr\/wp-json\/wp\/v2\/comments?post=6359"}],"version-history":[{"count":0,"href":"https:\/\/www.philippe-pastor.com\/fr\/wp-json\/wp\/v2\/pages\/6359\/revisions"}],"up":[{"embeddable":true,"href":"https:\/\/www.philippe-pastor.com\/fr\/wp-json\/wp\/v2\/pages\/4191"}],"wp:attachment":[{"href":"https:\/\/www.philippe-pastor.com\/fr\/wp-json\/wp\/v2\/media?parent=6359"}],"curies":[{"name":"wp","href":"https:\/\/api.w.org\/{rel}","templated":true}]}}