{"id":6354,"date":"2018-04-26T11:55:03","date_gmt":"2018-04-26T10:55:03","guid":{"rendered":"https:\/\/www.philippe-pastor.com\/?page_id=6354"},"modified":"2018-07-24T12:35:43","modified_gmt":"2018-07-24T11:35:43","slug":"les-coeurs","status":"publish","type":"page","link":"https:\/\/www.philippe-pastor.com\/fr\/peintures\/les-coeurs\/","title":{"rendered":"Les C\u0153urs"},"content":{"rendered":"<div class=\"flex_column av_one_full  flex_column_div av-zero-column-padding first  paintings \" style='border-radius:0px; '><section class=\"av_textblock_section \"  itemscope=\"itemscope\" itemtype=\"https:\/\/schema.org\/CreativeWork\" ><div class='avia_textblock  '   itemprop=\"text\" ><p>Nous retrouvons, dans cet ensemble des \u00ab C\u0153urs \u00bb, deux points forts de la d\u00e9marche de Philippe Pastor : le recours \u00e0 une iconographie symbolique, directe et universelle, d\u2019une part, et le rapport ph\u00e9nom\u00e9nologique \u00e0 la mati\u00e8re, d\u2019autre part. L\u2019artiste joue avec ces formes reconnaissables, pr\u00e9lev\u00e9es dans le flux des images populaires, qu\u2019il submerge d\u2019abstractions gestuelles aux couleurs vives. Souvent de format monumental, ces toiles sont constitu\u00e9es de plusieurs couches de peinture et travaill\u00e9es au chalumeau : la surface de la peinture s\u2019en trouve \u00e9corch\u00e9e. (\u2026) Ce \u00ab cri du c\u0153ur \u00bb se veut aussi avant tout un cri d\u2019alerte : lorsque l\u2019artiste br\u00fble un c\u0153ur, il d\u00e9nonce un crime et donne \u00e0 sa r\u00e9volte le visage le plus dramatique et le plus violent qui puisse \u00eatre exprim\u00e9. Ainsi, l\u2019\u0153uvre de Philippe Pastor se caract\u00e9rise \u00e0 la fois par la vitalit\u00e9 d\u2019une interrogation sur l\u2019homme et la nature et par la beaut\u00e9 de ses formes et de ses mat\u00e9riaux.<\/p>\n<p>Alexandra Marini, Extrait du livre \u00ab PASTOR \u00bb, 2017<\/p>\n<\/div><\/section><\/div><section class=\"av_textblock_section \"  itemscope=\"itemscope\" itemtype=\"https:\/\/schema.org\/CreativeWork\" ><div class='avia_textblock  '   itemprop=\"text\" >ngg_shortcode_0_placeholder\n<\/div><\/section><\/p>\n","protected":false},"excerpt":{"rendered":"","protected":false},"author":6,"featured_media":0,"parent":4191,"menu_order":0,"comment_status":"closed","ping_status":"closed","template":"","meta":{"ngg_post_thumbnail":0,"footnotes":""},"class_list":["post-6354","page","type-page","status-publish","hentry"],"_links":{"self":[{"href":"https:\/\/www.philippe-pastor.com\/fr\/wp-json\/wp\/v2\/pages\/6354","targetHints":{"allow":["GET"]}}],"collection":[{"href":"https:\/\/www.philippe-pastor.com\/fr\/wp-json\/wp\/v2\/pages"}],"about":[{"href":"https:\/\/www.philippe-pastor.com\/fr\/wp-json\/wp\/v2\/types\/page"}],"author":[{"embeddable":true,"href":"https:\/\/www.philippe-pastor.com\/fr\/wp-json\/wp\/v2\/users\/6"}],"replies":[{"embeddable":true,"href":"https:\/\/www.philippe-pastor.com\/fr\/wp-json\/wp\/v2\/comments?post=6354"}],"version-history":[{"count":0,"href":"https:\/\/www.philippe-pastor.com\/fr\/wp-json\/wp\/v2\/pages\/6354\/revisions"}],"up":[{"embeddable":true,"href":"https:\/\/www.philippe-pastor.com\/fr\/wp-json\/wp\/v2\/pages\/4191"}],"wp:attachment":[{"href":"https:\/\/www.philippe-pastor.com\/fr\/wp-json\/wp\/v2\/media?parent=6354"}],"curies":[{"name":"wp","href":"https:\/\/api.w.org\/{rel}","templated":true}]}}