{"id":6349,"date":"2018-04-26T11:51:27","date_gmt":"2018-04-26T10:51:27","guid":{"rendered":"https:\/\/www.philippe-pastor.com\/?page_id=6349"},"modified":"2018-07-24T19:58:54","modified_gmt":"2018-07-24T18:58:54","slug":"les-quatre-saisons","status":"publish","type":"page","link":"https:\/\/www.philippe-pastor.com\/fr\/peintures\/les-quatre-saisons\/","title":{"rendered":"Les Quatre Saisons"},"content":{"rendered":"<div class=\"flex_column av_one_full  flex_column_div av-zero-column-padding first  paintings \" style='border-radius:0px; '><section class=\"av_textblock_section \"  itemscope=\"itemscope\" itemtype=\"https:\/\/schema.org\/CreativeWork\" ><div class='avia_textblock  '   itemprop=\"text\" ><p>La s\u00e9rie des \u00ab Quatre Saisons \u00bb a valeur d\u2019ouverture et de paradigme pour l\u2019ensemble de l\u2019\u0153uvre de Philippe Pastor. En effet, l\u2019artiste se lib\u00e8re alors d\u00e9finitivement des lieux clos traditionnellement d\u00e9volus \u00e0 l\u2019art, et plus sp\u00e9cifiquement \u00e0 la peinture, afin d\u2019attirer l\u2019attention sur une nature vivante, mouvante, apte \u00e0 devenir un v\u00e9ritable champ op\u00e9ratoire. On pourrait d\u00e8s lors le d\u00e9crire comme un maillon dans un processus naturel tout en \u00e9tant le grand ordonnateur : il engendre une forme qui \u00e9volue pendant plusieurs mois sans jamais vraiment se stabiliser. Les \u0153uvres imposantes qui se cr\u00e9ent entretiennent avec l\u2019environnement une relation forte, \u00e0 la fois analytique et imp\u00e9rieuse, qui en modifie profond\u00e9ment la perception.<\/p>\n<p>Alexandra Marini, Extrait du livre \u00ab PASTOR \u00bb, 2017<\/p>\n<\/div><\/section><\/div><section class=\"av_textblock_section \"  itemscope=\"itemscope\" itemtype=\"https:\/\/schema.org\/CreativeWork\" ><div class='avia_textblock  '   itemprop=\"text\" >ngg_shortcode_0_placeholder\n<\/div><\/section><\/p>\n","protected":false},"excerpt":{"rendered":"","protected":false},"author":6,"featured_media":0,"parent":4191,"menu_order":0,"comment_status":"closed","ping_status":"closed","template":"","meta":{"ngg_post_thumbnail":0,"footnotes":""},"class_list":["post-6349","page","type-page","status-publish","hentry"],"_links":{"self":[{"href":"https:\/\/www.philippe-pastor.com\/fr\/wp-json\/wp\/v2\/pages\/6349","targetHints":{"allow":["GET"]}}],"collection":[{"href":"https:\/\/www.philippe-pastor.com\/fr\/wp-json\/wp\/v2\/pages"}],"about":[{"href":"https:\/\/www.philippe-pastor.com\/fr\/wp-json\/wp\/v2\/types\/page"}],"author":[{"embeddable":true,"href":"https:\/\/www.philippe-pastor.com\/fr\/wp-json\/wp\/v2\/users\/6"}],"replies":[{"embeddable":true,"href":"https:\/\/www.philippe-pastor.com\/fr\/wp-json\/wp\/v2\/comments?post=6349"}],"version-history":[{"count":0,"href":"https:\/\/www.philippe-pastor.com\/fr\/wp-json\/wp\/v2\/pages\/6349\/revisions"}],"up":[{"embeddable":true,"href":"https:\/\/www.philippe-pastor.com\/fr\/wp-json\/wp\/v2\/pages\/4191"}],"wp:attachment":[{"href":"https:\/\/www.philippe-pastor.com\/fr\/wp-json\/wp\/v2\/media?parent=6349"}],"curies":[{"name":"wp","href":"https:\/\/api.w.org\/{rel}","templated":true}]}}