{"id":6344,"date":"2018-04-26T11:49:08","date_gmt":"2018-04-26T10:49:08","guid":{"rendered":"https:\/\/www.philippe-pastor.com\/?page_id=6344"},"modified":"2018-07-24T19:58:54","modified_gmt":"2018-07-24T18:58:54","slug":"revolution","status":"publish","type":"page","link":"https:\/\/www.philippe-pastor.com\/fr\/peintures\/revolution\/","title":{"rendered":"Revolution"},"content":{"rendered":"<div class=\"flex_column av_one_full  flex_column_div av-zero-column-padding first  paintings \" style='border-radius:0px; '><section class=\"av_textblock_section \"  itemscope=\"itemscope\" itemtype=\"https:\/\/schema.org\/CreativeWork\" ><div class='avia_textblock  '   itemprop=\"text\" ><p>C\u2019est \u00e0 une v\u00e9ritable r\u00e9invention de la surface picturale que Philippe Pastor se livre avec la s\u00e9rie \u00ab R\u00e9volution \u00bb. L\u2019artiste est pass\u00e9 \u00e0 un travail de drap\u00e9 r\u00e9alis\u00e9 \u00e0 partir de toiles, de tissus, ou bien encore de b\u00e2ches de tentes ordinairement utilis\u00e9es par l\u2019arm\u00e9e, et ce afin de sortir du rapport \u00ab ch\u00e2ssis-toile \u00bb qu\u2019il juge alors trop contenu. En g\u00e9ologie, le terme \u00ab r\u00e9volution \u00bb d\u00e9signe l\u2019ensemble des ph\u00e9nom\u00e8nes naturels et des changements successifs qui marquent la surface de la terre. Ainsi, une fois de plus, ce qui importe ici est le processus mis en jeu et la stratification des couches de la mati\u00e8re. Les \u0153uvres restent au pr\u00e9alable plusieurs mois in situ et entament un dialogue avec un nombre important de pigments naturels ainsi qu\u2019avec les \u00e9l\u00e9ments alentours : les min\u00e9raux, les v\u00e9g\u00e9taux, la terre, l\u2019eau, et le feu. Puis l\u2019artiste se r\u00e9approprie cette mati\u00e8re \u00e0 travers une s\u00e9rie de gestes d\u00e9termin\u00e9s \u2014 pliage, montage, projections \u2014, qui entendent mimer le processus organique. Ce face \u00e0 face singulier engendre des toiles en relief, marqu\u00e9es all-over, qui donnent corps \u00e0 des formes immat\u00e9rielles : \u00e9coulement de l\u2019eau, d\u00e9ambulations, et relief des montagnes. Cette pratique, que l\u2019on peut rapprocher du collage, met avant tout en lumi\u00e8re la notion de strates, d\u2019enfouissement, et in fine de m\u00e9moire.<\/p>\n<p>Alexandra Marini, Extrait du livre \u00ab PASTOR \u00bb, 2017<\/p>\n<\/div><\/section><\/div><section class=\"av_textblock_section \"  itemscope=\"itemscope\" itemtype=\"https:\/\/schema.org\/CreativeWork\" ><div class='avia_textblock  '   itemprop=\"text\" >ngg_shortcode_0_placeholder\n<\/div><\/section><\/p>\n","protected":false},"excerpt":{"rendered":"","protected":false},"author":6,"featured_media":0,"parent":4191,"menu_order":0,"comment_status":"closed","ping_status":"closed","template":"","meta":{"ngg_post_thumbnail":0,"footnotes":""},"_links":{"self":[{"href":"https:\/\/www.philippe-pastor.com\/fr\/wp-json\/wp\/v2\/pages\/6344"}],"collection":[{"href":"https:\/\/www.philippe-pastor.com\/fr\/wp-json\/wp\/v2\/pages"}],"about":[{"href":"https:\/\/www.philippe-pastor.com\/fr\/wp-json\/wp\/v2\/types\/page"}],"author":[{"embeddable":true,"href":"https:\/\/www.philippe-pastor.com\/fr\/wp-json\/wp\/v2\/users\/6"}],"replies":[{"embeddable":true,"href":"https:\/\/www.philippe-pastor.com\/fr\/wp-json\/wp\/v2\/comments?post=6344"}],"version-history":[{"count":5,"href":"https:\/\/www.philippe-pastor.com\/fr\/wp-json\/wp\/v2\/pages\/6344\/revisions"}],"predecessor-version":[{"id":9920,"href":"https:\/\/www.philippe-pastor.com\/fr\/wp-json\/wp\/v2\/pages\/6344\/revisions\/9920"}],"up":[{"embeddable":true,"href":"https:\/\/www.philippe-pastor.com\/fr\/wp-json\/wp\/v2\/pages\/4191"}],"wp:attachment":[{"href":"https:\/\/www.philippe-pastor.com\/fr\/wp-json\/wp\/v2\/media?parent=6344"}],"curies":[{"name":"wp","href":"https:\/\/api.w.org\/{rel}","templated":true}]}}