{"id":6339,"date":"2018-04-26T11:44:57","date_gmt":"2018-04-26T10:44:57","guid":{"rendered":"https:\/\/www.philippe-pastor.com\/?page_id=6339"},"modified":"2018-07-24T19:58:54","modified_gmt":"2018-07-24T18:58:54","slug":"h2o","status":"publish","type":"page","link":"https:\/\/www.philippe-pastor.com\/fr\/peintures\/h2o\/","title":{"rendered":"H2O"},"content":{"rendered":"<div class=\"flex_column av_one_full  flex_column_div av-zero-column-padding first  paintings \" style='border-radius:0px; '><section class=\"av_textblock_section \"  itemscope=\"itemscope\" itemtype=\"https:\/\/schema.org\/CreativeWork\" ><div class='avia_textblock  '   itemprop=\"text\" ><p>Derri\u00e8re cette traduction mol\u00e9culaire simple, se cache n\u00e9anmoins une formule plus complexe qu\u2019il n\u2019y para\u00eet. Si l\u2019artiste a fait des \u00e9l\u00e9ments naturels, du feu, de la terre et de l\u2019eau un objet et un v\u00e9hicule de nombre de ses \u0153uvres, plus que le symbolisme archa\u00efque des formes \u00e9l\u00e9mentaires, c\u2019est ici l\u2019interaction nature\/artifice qui l\u2019int\u00e9resse. Par le recours aux couleurs acidul\u00e9es, ces visions oniriques se jouent du mouvement rapide, de la force et du caract\u00e8re impr\u00e9visible que peut rev\u00eatir l\u2019\u00e9l\u00e9ment aquatique, tout \u00e0 la fois attentives aux transformations du paysage naturel, et \u00e0 la tentative de l\u2019\u00eatre humain de chercher un \u00e9quilibre, souvent en suspens, entre d\u00e9fense et rupture avec le naturel. Les \u0153uvres hypnotisent, et s\u00e9duisent, malgr\u00e9 la conscience que ce spectacle peut \u00eatre un sombre avertissement des dommages irr\u00e9versibles que l\u2019homme inflige \u00e0 l\u2019environnement.<\/p>\n<p>Alexandra Marini, Extrait du livre \u00ab PASTOR \u00bb, 2017<\/p>\n<\/div><\/section><\/div><section class=\"av_textblock_section \"  itemscope=\"itemscope\" itemtype=\"https:\/\/schema.org\/CreativeWork\" ><div class='avia_textblock  '   itemprop=\"text\" >ngg_shortcode_0_placeholder\n<\/div><\/section><\/p>\n","protected":false},"excerpt":{"rendered":"","protected":false},"author":6,"featured_media":0,"parent":4191,"menu_order":0,"comment_status":"closed","ping_status":"closed","template":"","meta":{"ngg_post_thumbnail":0,"footnotes":""},"class_list":["post-6339","page","type-page","status-publish","hentry"],"_links":{"self":[{"href":"https:\/\/www.philippe-pastor.com\/fr\/wp-json\/wp\/v2\/pages\/6339","targetHints":{"allow":["GET"]}}],"collection":[{"href":"https:\/\/www.philippe-pastor.com\/fr\/wp-json\/wp\/v2\/pages"}],"about":[{"href":"https:\/\/www.philippe-pastor.com\/fr\/wp-json\/wp\/v2\/types\/page"}],"author":[{"embeddable":true,"href":"https:\/\/www.philippe-pastor.com\/fr\/wp-json\/wp\/v2\/users\/6"}],"replies":[{"embeddable":true,"href":"https:\/\/www.philippe-pastor.com\/fr\/wp-json\/wp\/v2\/comments?post=6339"}],"version-history":[{"count":0,"href":"https:\/\/www.philippe-pastor.com\/fr\/wp-json\/wp\/v2\/pages\/6339\/revisions"}],"up":[{"embeddable":true,"href":"https:\/\/www.philippe-pastor.com\/fr\/wp-json\/wp\/v2\/pages\/4191"}],"wp:attachment":[{"href":"https:\/\/www.philippe-pastor.com\/fr\/wp-json\/wp\/v2\/media?parent=6339"}],"curies":[{"name":"wp","href":"https:\/\/api.w.org\/{rel}","templated":true}]}}