{"id":6334,"date":"2018-04-26T11:42:45","date_gmt":"2018-04-26T10:42:45","guid":{"rendered":"https:\/\/www.philippe-pastor.com\/?page_id=6334"},"modified":"2018-07-24T19:58:54","modified_gmt":"2018-07-24T18:58:54","slug":"bleu-monochrome","status":"publish","type":"page","link":"https:\/\/www.philippe-pastor.com\/fr\/peintures\/bleu-monochrome\/","title":{"rendered":"Bleu Monochrome"},"content":{"rendered":"<div class=\"flex_column av_one_full  flex_column_div av-zero-column-padding first  paintings \" style='border-radius:0px; '><section class=\"av_textblock_section \"  itemscope=\"itemscope\" itemtype=\"https:\/\/schema.org\/CreativeWork\" ><div class='avia_textblock  '   itemprop=\"text\" ><p>Ces paysages monochromes, abstraits et intrigants, semblent le topos de l\u2019imagination sans bornes. Issus de pigments purs, le bleu acquiert ici une intensit\u00e9 toute particuli\u00e8re et permet \u00e0 Philippe Pastor de d\u00e9cliner la totalit\u00e9 de son langage plastique en m\u00eame temps qu\u2019il avance vers des espaces inexplor\u00e9s, de plus en plus singuliers et \u00e9tonnants. Le bleu, couleur \u00e9minemment connot\u00e9e, est davantage pr\u00e9sent dans son \u0153uvre au point d\u2019inciter l\u2019artiste \u00e0 approcher le genre classique du sublime : l\u2019exp\u00e9rience de la nature se fait plus existentielle et subjective. D\u00e8s lors, la dimension \u00e9cologique se situe en premier lieu dans le rapport \u00e9motionnel que Philippe Pastor entend \u00e9tablir entre le spectateur et la repr\u00e9sentation. Cette s\u00e9rie est une r\u00e9f\u00e9rence directe \u00e0 la pollution marine, aux nombreuses atteintes aux \u00e9cosyst\u00e8mes marins r\u00e9sultant des activit\u00e9s humaines.<\/p>\n<p>Alexandra Marini, Extrait du livre \u00ab PASTOR \u00bb, 2017<\/p>\n<\/div><\/section><\/div><section class=\"av_textblock_section \"  itemscope=\"itemscope\" itemtype=\"https:\/\/schema.org\/CreativeWork\" ><div class='avia_textblock  '   itemprop=\"text\" >ngg_shortcode_0_placeholder\n<\/div><\/section><\/p>\n","protected":false},"excerpt":{"rendered":"","protected":false},"author":6,"featured_media":0,"parent":4191,"menu_order":0,"comment_status":"closed","ping_status":"closed","template":"","meta":{"ngg_post_thumbnail":0,"footnotes":""},"class_list":["post-6334","page","type-page","status-publish","hentry"],"_links":{"self":[{"href":"https:\/\/www.philippe-pastor.com\/fr\/wp-json\/wp\/v2\/pages\/6334","targetHints":{"allow":["GET"]}}],"collection":[{"href":"https:\/\/www.philippe-pastor.com\/fr\/wp-json\/wp\/v2\/pages"}],"about":[{"href":"https:\/\/www.philippe-pastor.com\/fr\/wp-json\/wp\/v2\/types\/page"}],"author":[{"embeddable":true,"href":"https:\/\/www.philippe-pastor.com\/fr\/wp-json\/wp\/v2\/users\/6"}],"replies":[{"embeddable":true,"href":"https:\/\/www.philippe-pastor.com\/fr\/wp-json\/wp\/v2\/comments?post=6334"}],"version-history":[{"count":0,"href":"https:\/\/www.philippe-pastor.com\/fr\/wp-json\/wp\/v2\/pages\/6334\/revisions"}],"up":[{"embeddable":true,"href":"https:\/\/www.philippe-pastor.com\/fr\/wp-json\/wp\/v2\/pages\/4191"}],"wp:attachment":[{"href":"https:\/\/www.philippe-pastor.com\/fr\/wp-json\/wp\/v2\/media?parent=6334"}],"curies":[{"name":"wp","href":"https:\/\/api.w.org\/{rel}","templated":true}]}}