{"id":6327,"date":"2018-04-26T11:37:42","date_gmt":"2018-04-26T10:37:42","guid":{"rendered":"https:\/\/www.philippe-pastor.com\/?page_id=6327"},"modified":"2018-06-05T16:06:40","modified_gmt":"2018-06-05T15:06:40","slug":"avec-le-temps","status":"publish","type":"page","link":"https:\/\/www.philippe-pastor.com\/fr\/peintures\/avec-le-temps\/","title":{"rendered":"Avec le Temps"},"content":{"rendered":"<div class=\"flex_column av_one_full  flex_column_div av-zero-column-padding first  paintings \" style='border-radius:0px; '><section class=\"av_textblock_section \"  itemscope=\"itemscope\" itemtype=\"https:\/\/schema.org\/CreativeWork\" ><div class='avia_textblock  '   itemprop=\"text\" ><p>Avec la s\u00e9rie \u00ab Avec le Temps \u00bb, Philippe Pastor poursuit son protocole exp\u00e9rimental et oppose au dessin pr\u00e9\u00e9tabli le caract\u00e8re organique des formes, \u00e0 la clart\u00e9 du trac\u00e9 humain, le chaos naturel. Cette s\u00e9rie fait directement r\u00e9f\u00e9rence \u00e0 la vague d\u00e9ferlante et destructrice du Tsunami de 2004, en Indon\u00e9sie, particuli\u00e8rement meurtri\u00e8re. Au-del\u00e0 de l\u2019onde de choc, l\u2019oubli et l\u2019indiff\u00e9rence s\u2019enracinent, au point que rien ne semble suffisant pour faire \u00e9voluer les mentalit\u00e9s. Ici, le rapport \u00e0 la nature se r\u00e9invente et, dans la veine de certains artistes comme de certains activistes, le paysage se transforme peu \u00e0 peu en th\u00e9\u00e2tres d\u2019op\u00e9rations. Sur le territoire de l\u2019art, la nature ne s\u2019envisage plus seulement dans un rapport de repr\u00e9sentation, elle devient un sujet actif.<\/p>\n<p>Alexandra Marini, Extrait du livre \u00ab PASTOR \u00bb, 2017<\/p>\n<\/div><\/section><\/div><section class=\"av_textblock_section \"  itemscope=\"itemscope\" itemtype=\"https:\/\/schema.org\/CreativeWork\" ><div class='avia_textblock  '   itemprop=\"text\" >ngg_shortcode_0_placeholder\n<\/div><\/section><\/p>\n","protected":false},"excerpt":{"rendered":"","protected":false},"author":6,"featured_media":0,"parent":4191,"menu_order":0,"comment_status":"closed","ping_status":"closed","template":"","meta":{"ngg_post_thumbnail":0,"footnotes":""},"_links":{"self":[{"href":"https:\/\/www.philippe-pastor.com\/fr\/wp-json\/wp\/v2\/pages\/6327"}],"collection":[{"href":"https:\/\/www.philippe-pastor.com\/fr\/wp-json\/wp\/v2\/pages"}],"about":[{"href":"https:\/\/www.philippe-pastor.com\/fr\/wp-json\/wp\/v2\/types\/page"}],"author":[{"embeddable":true,"href":"https:\/\/www.philippe-pastor.com\/fr\/wp-json\/wp\/v2\/users\/6"}],"replies":[{"embeddable":true,"href":"https:\/\/www.philippe-pastor.com\/fr\/wp-json\/wp\/v2\/comments?post=6327"}],"version-history":[{"count":6,"href":"https:\/\/www.philippe-pastor.com\/fr\/wp-json\/wp\/v2\/pages\/6327\/revisions"}],"predecessor-version":[{"id":9708,"href":"https:\/\/www.philippe-pastor.com\/fr\/wp-json\/wp\/v2\/pages\/6327\/revisions\/9708"}],"up":[{"embeddable":true,"href":"https:\/\/www.philippe-pastor.com\/fr\/wp-json\/wp\/v2\/pages\/4191"}],"wp:attachment":[{"href":"https:\/\/www.philippe-pastor.com\/fr\/wp-json\/wp\/v2\/media?parent=6327"}],"curies":[{"name":"wp","href":"https:\/\/api.w.org\/{rel}","templated":true}]}}