{"id":6321,"date":"2018-04-26T11:29:54","date_gmt":"2018-04-26T10:29:54","guid":{"rendered":"https:\/\/www.philippe-pastor.com\/?page_id=6321"},"modified":"2022-03-03T13:01:09","modified_gmt":"2022-03-03T12:01:09","slug":"les-oiseaux-de-malheur","status":"publish","type":"page","link":"https:\/\/www.philippe-pastor.com\/fr\/peintures\/les-oiseaux-de-malheur\/","title":{"rendered":"Les Oiseaux du Malheur"},"content":{"rendered":"<div class=\"flex_column av_one_full  flex_column_div av-zero-column-padding first  paintings \" style='border-radius:0px; '><section class=\"av_textblock_section \"  itemscope=\"itemscope\" itemtype=\"https:\/\/schema.org\/CreativeWork\" ><div class='avia_textblock  '   itemprop=\"text\" ><p>Inspir\u00e9e du titre d\u2019une chanson de L\u00e9o Ferr\u00e9 \u2014 sorte de figure tut\u00e9laire, qui a fortement marqu\u00e9 la sensibilit\u00e9 de Philippe Pastor \u2014, cette s\u00e9quence souhaite illustrer davantage encore la pollution des fonds marins. Des silhouettes blanches, aux becs pro\u00e9minents et aux ailes d\u00e9ploy\u00e9es se distinguent d\u2019embl\u00e9e. Ces figures stylis\u00e9es, tel un retour \u00e0 des formes primitives, pourraient faire r\u00e9f\u00e9rence \u00e0 la pens\u00e9e Antique grecque des oiseaux de mauvais augure. Le paysage revient lourd, sombre et marqu\u00e9 du poids de l\u2019histoire r\u00e9cente. La pollution des oc\u00e9ans \u2014 qui n\u2019est que l\u2019une des cons\u00e9quences de l\u2019activit\u00e9 humaine \u2014 a d\u2019ores et d\u00e9j\u00e0 des effets d\u00e9sastreux et ces oiseaux en p\u00e9ril en sont l\u2019illustration la plus \u00e9loquente.<\/p>\n<p>Alexandra Marini, Extrait du livre \u00ab PASTOR \u00bb, 2017<\/p>\n<\/div><\/section><\/div><section class=\"av_textblock_section \"  itemscope=\"itemscope\" itemtype=\"https:\/\/schema.org\/CreativeWork\" ><div class='avia_textblock  '   itemprop=\"text\" >ngg_shortcode_0_placeholder\n<\/div><\/section><\/p>\n","protected":false},"excerpt":{"rendered":"","protected":false},"author":6,"featured_media":0,"parent":4191,"menu_order":0,"comment_status":"closed","ping_status":"closed","template":"","meta":{"ngg_post_thumbnail":0,"footnotes":""},"class_list":["post-6321","page","type-page","status-publish","hentry"],"_links":{"self":[{"href":"https:\/\/www.philippe-pastor.com\/fr\/wp-json\/wp\/v2\/pages\/6321","targetHints":{"allow":["GET"]}}],"collection":[{"href":"https:\/\/www.philippe-pastor.com\/fr\/wp-json\/wp\/v2\/pages"}],"about":[{"href":"https:\/\/www.philippe-pastor.com\/fr\/wp-json\/wp\/v2\/types\/page"}],"author":[{"embeddable":true,"href":"https:\/\/www.philippe-pastor.com\/fr\/wp-json\/wp\/v2\/users\/6"}],"replies":[{"embeddable":true,"href":"https:\/\/www.philippe-pastor.com\/fr\/wp-json\/wp\/v2\/comments?post=6321"}],"version-history":[{"count":0,"href":"https:\/\/www.philippe-pastor.com\/fr\/wp-json\/wp\/v2\/pages\/6321\/revisions"}],"up":[{"embeddable":true,"href":"https:\/\/www.philippe-pastor.com\/fr\/wp-json\/wp\/v2\/pages\/4191"}],"wp:attachment":[{"href":"https:\/\/www.philippe-pastor.com\/fr\/wp-json\/wp\/v2\/media?parent=6321"}],"curies":[{"name":"wp","href":"https:\/\/api.w.org\/{rel}","templated":true}]}}