{"id":6314,"date":"2018-04-26T11:25:54","date_gmt":"2018-04-26T10:25:54","guid":{"rendered":"https:\/\/www.philippe-pastor.com\/?page_id=6314"},"modified":"2018-07-24T19:58:54","modified_gmt":"2018-07-24T18:58:54","slug":"north-pole","status":"publish","type":"page","link":"https:\/\/www.philippe-pastor.com\/fr\/peintures\/north-pole\/","title":{"rendered":"North Pole"},"content":{"rendered":"<div class=\"flex_column av_one_full  flex_column_div av-zero-column-padding first  paintings \" style='border-radius:0px; '><section class=\"av_textblock_section \"  itemscope=\"itemscope\" itemtype=\"https:\/\/schema.org\/CreativeWork\" ><div class='avia_textblock  '   itemprop=\"text\" ><p>Dans la continuit\u00e9 des exp\u00e9rimentations \u00ab Monochromes \u00bb, les toiles craquel\u00e9es se d\u00e9clinent en blanc durant la saison d\u2019hiver. Sous le titre \u00e9vocateur \u00ab North Pole \u00bb, en r\u00e9f\u00e9rence \u00e0 l\u2019irr\u00e9m\u00e9diable fonte des glaciers, les peintures d\u00e9voilent des topographies polaires, d\u2019espaces en voie de disparition sous l\u2019effet du changement climatique.<\/p>\n<\/div><\/section><\/div><section class=\"av_textblock_section \"  itemscope=\"itemscope\" itemtype=\"https:\/\/schema.org\/CreativeWork\" ><div class='avia_textblock  '   itemprop=\"text\" >ngg_shortcode_0_placeholder\n<\/div><\/section><\/p>\n","protected":false},"excerpt":{"rendered":"","protected":false},"author":6,"featured_media":0,"parent":4191,"menu_order":0,"comment_status":"closed","ping_status":"closed","template":"","meta":{"ngg_post_thumbnail":0,"footnotes":""},"class_list":["post-6314","page","type-page","status-publish","hentry"],"_links":{"self":[{"href":"https:\/\/www.philippe-pastor.com\/fr\/wp-json\/wp\/v2\/pages\/6314","targetHints":{"allow":["GET"]}}],"collection":[{"href":"https:\/\/www.philippe-pastor.com\/fr\/wp-json\/wp\/v2\/pages"}],"about":[{"href":"https:\/\/www.philippe-pastor.com\/fr\/wp-json\/wp\/v2\/types\/page"}],"author":[{"embeddable":true,"href":"https:\/\/www.philippe-pastor.com\/fr\/wp-json\/wp\/v2\/users\/6"}],"replies":[{"embeddable":true,"href":"https:\/\/www.philippe-pastor.com\/fr\/wp-json\/wp\/v2\/comments?post=6314"}],"version-history":[{"count":0,"href":"https:\/\/www.philippe-pastor.com\/fr\/wp-json\/wp\/v2\/pages\/6314\/revisions"}],"up":[{"embeddable":true,"href":"https:\/\/www.philippe-pastor.com\/fr\/wp-json\/wp\/v2\/pages\/4191"}],"wp:attachment":[{"href":"https:\/\/www.philippe-pastor.com\/fr\/wp-json\/wp\/v2\/media?parent=6314"}],"curies":[{"name":"wp","href":"https:\/\/api.w.org\/{rel}","templated":true}]}}