{"id":5472,"date":"2014-08-24T17:28:24","date_gmt":"2014-08-24T17:28:24","guid":{"rendered":"http:\/\/192.168.1.104\/enfold-blog\/?page_id=13"},"modified":"2025-04-04T10:47:10","modified_gmt":"2025-04-04T09:47:10","slug":"contact","status":"publish","type":"page","link":"https:\/\/www.philippe-pastor.com\/fr\/contact\/","title":{"rendered":"Contact"},"content":{"rendered":"<\/div><\/div><\/div><!-- close content main div --><\/div><\/div><div id='av-layout-grid-1' class='av-layout-grid-container entry-content-wrapper main_color av-flex-cells    container_wrap sidebar_right'   >\n<div class=\"flex_cell no_margin av_one_half   av-zero-padding \" style='vertical-align:top; padding:0px; '><div class='flex_cell_inner' ><p><div style='height:80px' class='hr hr-invisible   '><span class='hr-inner ' ><span class='hr-inner-style'><\/span><\/span><\/div><br \/>\n<div class='avia-image-container  av-styling-     avia-align-center '  itemprop=\"ImageObject\" itemscope=\"itemscope\" itemtype=\"https:\/\/schema.org\/ImageObject\"  ><div class='avia-image-container-inner'><img class='avia_image ' src='https:\/\/www.philippe-pastor.com\/wp-content\/uploads\/2018\/04\/slide-3-1-495x400.jpg' alt='' title='slide-3'   itemprop=\"thumbnailUrl\"  \/><\/div><\/div><\/p>\n<\/div><\/div><div class=\"flex_cell no_margin av_one_half   \" style='vertical-align:middle; padding:50px; '><div class='flex_cell_inner' ><p><div style='padding-bottom:10px;font-size:34px;' class='av-special-heading av-special-heading-h3  blockquote modern-quote modern-centered   av-inherit-size '><h3 class='av-special-heading-tag '  itemprop=\"headline\"  >Contact<\/h3><div class='special-heading-border'><div class='special-heading-inner-border' ><\/div><\/div><\/div><br \/>\n<section class=\"av_textblock_section \"  itemscope=\"itemscope\" itemtype=\"https:\/\/schema.org\/CreativeWork\" ><div class='avia_textblock  '   itemprop=\"text\" ><p><strong>STUDIO<\/strong><\/p>\n<p><a href=\"mailto:info@philippe-pastor.com\" target=\"_blank\" rel=\"noopener\">info@philippe-pastor.com<\/a><br \/>\n<a href=\"mailto:andrea@philippe-pastor.com\" target=\"_blank\" rel=\"noopener\">andrea@philippe-pastor.com<\/a><\/p>\n<\/div><\/section><br \/>\n<div style='height:30px' class='hr hr-invisible  '><span class='hr-inner ' ><span class='hr-inner-style'><\/span><\/span><\/div><br \/>\n<section class=\"av_textblock_section \"  itemscope=\"itemscope\" itemtype=\"https:\/\/schema.org\/CreativeWork\" ><div class='avia_textblock  '   itemprop=\"text\" ><p><strong>GALERIE<\/strong><\/p>\n<p>MONACO MODERN&rsquo;ART<br \/>\n<a href=\"mailto:info@monacomodernart.mc\" target=\"_blank\" rel=\"noopener\">info@monacomodernart.mc&nbsp;<\/a><\/p>\n<p><a href=\"https:\/\/www.monacomodernart.mc\" target=\"_blank\" rel=\"noopener\">www.monacomodernart.mc<\/a><\/p>\n<\/div><\/section><br \/>\n<div style='height:30px' class='hr hr-invisible  '><span class='hr-inner ' ><span class='hr-inner-style'><\/span><\/span><\/div><br \/>\n<form action=\"https:\/\/www.philippe-pastor.com\/fr\/contact\/\" method=\"post\"  class=\"avia_ajax_form av-form-labels-hidden     \" data-avia-form-id=\"1\" data-avia-redirect=''><fieldset><p class=' first_form  form_element form_fullwidth' id='element_avia_1_1'> <input name=\"avia_1_1\" class=\"text_input is_empty\" type=\"text\" id=\"avia_1_1\" value=\"\"  placeholder='Nom*'\/><\/p><p class=' first_form  form_element form_fullwidth' id='element_avia_2_1'> <input name=\"avia_2_1\" class=\"text_input is_email\" type=\"text\" id=\"avia_2_1\" value=\"\"  placeholder='E-Mail*'\/><\/p><p class=' first_form  form_element form_fullwidth' id='element_avia_3_1'> <input name=\"avia_3_1\" class=\"text_input is_empty\" type=\"text\" id=\"avia_3_1\" value=\"\"  placeholder='Sujet*'\/><\/p><p class=' first_form  form_element form_fullwidth' id='element_avia_4_1'>\t <textarea  placeholder='Message*' name=\"avia_4_1\" class=\"text_area is_empty\" cols=\"40\" rows=\"7\" id=\"avia_4_1\" ><\/textarea><\/p><p class=\"hidden\"><input type=\"text\" name=\"avia_5_1\" class=\"hidden \" id=\"avia_5_1\" value=\"\" \/><\/p><p class='' id='element_avia_6_1'>    <span class='value_verifier_label'>3 + 0 = ?<\/span>    <input name=\"avia_6_1_verifier\" type=\"hidden\" id=\"avia_6_1_verifier\" value=\"774531384\"\/><label for=\"avia_6_1\">Pour prouver que vous \u00eates un humain, donnez le r\u00e9sultat de cette simple op\u00e9ration <abbr class=\"required\" title=\"requis\">*<\/abbr><\/label>    <input name=\"avia_6_1\" class=\"text_input captcha\" type=\"text\" id=\"avia_6_1\" value=\"\"\/><\/p><p class=\"form_element \"><input type=\"hidden\" value=\"1\" name=\"avia_generated_form1\" \/><input type=\"submit\" value=\"Envoyer\" class=\"button\"  data-sending-label=\"Envoi\"\/><\/p><\/fieldset><\/form><div id=\"ajaxresponse_1\" class=\"ajaxresponse ajaxresponse_1 hidden\"><\/div><\/p>\n<\/div><\/div><\/div>\n","protected":false},"excerpt":{"rendered":"","protected":false},"author":6,"featured_media":0,"parent":0,"menu_order":0,"comment_status":"closed","ping_status":"closed","template":"","meta":{"ngg_post_thumbnail":0,"footnotes":""},"_links":{"self":[{"href":"https:\/\/www.philippe-pastor.com\/fr\/wp-json\/wp\/v2\/pages\/5472"}],"collection":[{"href":"https:\/\/www.philippe-pastor.com\/fr\/wp-json\/wp\/v2\/pages"}],"about":[{"href":"https:\/\/www.philippe-pastor.com\/fr\/wp-json\/wp\/v2\/types\/page"}],"author":[{"embeddable":true,"href":"https:\/\/www.philippe-pastor.com\/fr\/wp-json\/wp\/v2\/users\/6"}],"replies":[{"embeddable":true,"href":"https:\/\/www.philippe-pastor.com\/fr\/wp-json\/wp\/v2\/comments?post=5472"}],"version-history":[{"count":20,"href":"https:\/\/www.philippe-pastor.com\/fr\/wp-json\/wp\/v2\/pages\/5472\/revisions"}],"predecessor-version":[{"id":12167,"href":"https:\/\/www.philippe-pastor.com\/fr\/wp-json\/wp\/v2\/pages\/5472\/revisions\/12167"}],"wp:attachment":[{"href":"https:\/\/www.philippe-pastor.com\/fr\/wp-json\/wp\/v2\/media?parent=5472"}],"curies":[{"name":"wp","href":"https:\/\/api.w.org\/{rel}","templated":true}]}}