{"id":4131,"date":"2014-11-30T17:55:47","date_gmt":"2014-11-30T16:55:47","guid":{"rendered":"https:\/\/www.philippe-pastor.com\/biographie-2\/"},"modified":"2019-02-14T13:50:28","modified_gmt":"2019-02-14T12:50:28","slug":"biographie","status":"publish","type":"page","link":"https:\/\/www.philippe-pastor.com\/fr\/biographie\/","title":{"rendered":"Biographie"},"content":{"rendered":"<div class=\"flex_column av_one_half  flex_column_div av-zero-column-padding first  \" style='border-radius:0px; '><div class='avia-image-container  av-styling-     avia-align-center '  itemprop=\"ImageObject\" itemscope=\"itemscope\" itemtype=\"https:\/\/schema.org\/ImageObject\"  ><div class='avia-image-container-inner'><img class='avia_image ' src='https:\/\/www.philippe-pastor.com\/wp-content\/uploads\/2018\/04\/PASTOR_web-1.jpeg' alt='' title='PASTOR_web'   itemprop=\"thumbnailUrl\"  \/><\/div><\/div><\/div>\n<div class=\"flex_column av_one_half  flex_column_div    \" style='padding:0px 6% 0px 0px ; border-radius:0px; '><section class=\"av_textblock_section \"  itemscope=\"itemscope\" itemtype=\"https:\/\/schema.org\/CreativeWork\" ><div class='avia_textblock  '   itemprop=\"text\" ><div>Philippe Pastor est n\u00e9 en 1961 \u00e0 Monaco.<\/div>\n<div>Il travaille entre Monaco et l\u2019Espagne.<\/div>\n<div>&nbsp;<\/div>\n<div>Engag\u00e9 pour la protection de la nature, Philippe Pastor a d\u00e9velopp\u00e9 \u00e0 travers son travail une vision personnalis\u00e9e de la Nature, traduisant les interactions de l\u2019Homme avec la plan\u00e8te. L\u2019artiste utilise des mat\u00e9riaux vivants et les transforme en faisant du temps et de son environnement imm\u00e9diat un alli\u00e9 ; il m\u00e9lange la terre, les pigments, les min\u00e9raux et plantes de toutes sortes, repr\u00e9sentant ainsi sa vision de la vie, de la destruction de l\u2019environnement et le r\u00f4le de l\u2019Homme dans la Soci\u00e9t\u00e9.<\/div>\n<div>&nbsp;<\/div>\n<div>Depuis les ann\u00e9es 1990, son travail a \u00e9t\u00e9 reconnu par deux Biennale de Venise et a \u00e9t\u00e9 expos\u00e9 \u00e0 travers le monde. Il est l\u2019artiste officiel du Pavillon de Monaco \u00e0 l\u2019Exposition Universelle EXPO Milan 2015.<\/div>\n<div>&nbsp;<\/div>\n<div>&nbsp;<\/div>\n<\/div><\/section><br \/>\n<section class=\"av_textblock_section \"  itemscope=\"itemscope\" itemtype=\"https:\/\/schema.org\/CreativeWork\" ><div class='avia_textblock  '   itemprop=\"text\" ><p><a href=\"https:\/\/issuu.com\/philippepastor\/docs\/pastor_fr\"><img loading=\"lazy\" decoding=\"async\" class=\"alignnone wp-image-11314 size-medium\" src=\"https:\/\/www.philippe-pastor.com\/wp-content\/uploads\/2019\/02\/ISSUU.png\" alt=\"\" width=\"300\" height=\"212\" srcset=\"https:\/\/www.philippe-pastor.com\/wp-content\/uploads\/2019\/02\/ISSUU.png 752w, https:\/\/www.philippe-pastor.com\/wp-content\/uploads\/2019\/02\/ISSUU-300x212.png 300w, https:\/\/www.philippe-pastor.com\/wp-content\/uploads\/2019\/02\/ISSUU-260x185.png 260w, https:\/\/www.philippe-pastor.com\/wp-content\/uploads\/2019\/02\/ISSUU-705x499.png 705w, https:\/\/www.philippe-pastor.com\/wp-content\/uploads\/2019\/02\/ISSUU-450x318.png 450w\" sizes=\"(max-width: 300px) 100vw, 300px\" \/><\/a><\/p>\n<\/div><\/section><br \/>\n<section class=\"av_textblock_section \"  itemscope=\"itemscope\" itemtype=\"https:\/\/schema.org\/CreativeWork\" ><div class='avia_textblock  '   itemprop=\"text\" ><p>DOSSIER DE PRESENTATION<\/p>\n<\/div><\/section><\/p><\/div>\n","protected":false},"excerpt":{"rendered":"","protected":false},"author":6,"featured_media":0,"parent":0,"menu_order":0,"comment_status":"closed","ping_status":"closed","template":"","meta":{"ngg_post_thumbnail":0,"footnotes":""},"_links":{"self":[{"href":"https:\/\/www.philippe-pastor.com\/fr\/wp-json\/wp\/v2\/pages\/4131"}],"collection":[{"href":"https:\/\/www.philippe-pastor.com\/fr\/wp-json\/wp\/v2\/pages"}],"about":[{"href":"https:\/\/www.philippe-pastor.com\/fr\/wp-json\/wp\/v2\/types\/page"}],"author":[{"embeddable":true,"href":"https:\/\/www.philippe-pastor.com\/fr\/wp-json\/wp\/v2\/users\/6"}],"replies":[{"embeddable":true,"href":"https:\/\/www.philippe-pastor.com\/fr\/wp-json\/wp\/v2\/comments?post=4131"}],"version-history":[{"count":22,"href":"https:\/\/www.philippe-pastor.com\/fr\/wp-json\/wp\/v2\/pages\/4131\/revisions"}],"predecessor-version":[{"id":11318,"href":"https:\/\/www.philippe-pastor.com\/fr\/wp-json\/wp\/v2\/pages\/4131\/revisions\/11318"}],"wp:attachment":[{"href":"https:\/\/www.philippe-pastor.com\/fr\/wp-json\/wp\/v2\/media?parent=4131"}],"curies":[{"name":"wp","href":"https:\/\/api.w.org\/{rel}","templated":true}]}}