{"id":9394,"date":"2018-05-04T09:22:01","date_gmt":"2018-05-04T08:22:01","guid":{"rendered":"https:\/\/www.philippe-pastor.com\/tv-reports\/"},"modified":"2022-07-09T08:01:20","modified_gmt":"2022-07-09T07:01:20","slug":"reportajes-tv","status":"publish","type":"page","link":"https:\/\/www.philippe-pastor.com\/es\/reportajes-tv\/","title":{"rendered":"Reportajes TV"},"content":{"rendered":"<div class=\"flex_column av_one_full  flex_column_div first   \" style='padding:0px 10% 0px 10% ; border-radius:0px; '><p><div  class='avia-video avia-video-16-9   '  itemprop=\"video\" itemtype=\"https:\/\/schema.org\/VideoObject\" ><div class='avia-iframe-wrap'><iframe loading=\"lazy\" width=\"1500\" height=\"844\" src=\"https:\/\/www.youtube.com\/embed\/iATAZTS1onE?feature=oembed\" frameborder=\"0\" allow=\"accelerometer; autoplay; encrypted-media; gyroscope; picture-in-picture\" allowfullscreen><\/iframe><\/div><\/div><br \/>\n<section class=\"av_textblock_section \"  itemscope=\"itemscope\" itemtype=\"https:\/\/schema.org\/CreativeWork\" ><div class='avia_textblock  '   itemprop=\"text\" ><div style=\"text-align: center;\"><strong>2019<\/strong><\/div>\n<div style=\"text-align: center;\">\n<div>&nbsp;<\/div>\n<div>\u00ab Les Arbres Br\u00fbl\u00e9s investissent l\u2019espace public \u00bb, Monaco Info, 9 octobre 2019<\/div>\n<\/div>\n<\/div><\/section><br \/>\n<div  class='hr hr-default  '><span class='hr-inner ' ><span class='hr-inner-style'><\/span><\/span><\/div><br \/>\n<div  class='avia-video avia-video-16-9   '  itemprop=\"video\" itemtype=\"https:\/\/schema.org\/VideoObject\" ><div class='avia-iframe-wrap'><iframe loading=\"lazy\" src=\"https:\/\/player.vimeo.com\/video\/364326305?dnt=1&amp;app_id=122963\" width=\"640\" height=\"360\" frameborder=\"0\" allow=\"autoplay; fullscreen\" allowfullscreen title=\"Les Arbres Br&amp;ucirc;l&amp;eacute;s \/ JT 19\/20 \/ France 3\"><\/iframe><\/div><\/div><br \/>\n<section class=\"av_textblock_section \"  itemscope=\"itemscope\" itemtype=\"https:\/\/schema.org\/CreativeWork\" ><div class='avia_textblock  '   itemprop=\"text\" ><div style=\"text-align: center;\">\n<div>\n<div>\u00ab Les Arbres Br\u00fbl\u00e9s&nbsp;\u00bb, JT 19\/20, France 3 Cote d\u2019Azur,&nbsp;<\/div>\n<div>3 octobre 2019<\/div>\n<\/div>\n<\/div>\n<\/div><\/section><br \/>\n<div  class='hr hr-default  '><span class='hr-inner ' ><span class='hr-inner-style'><\/span><\/span><\/div><br \/>\n<div  class='avia-video avia-video-16-9   '  itemprop=\"video\" itemtype=\"https:\/\/schema.org\/VideoObject\" ><div class='avia-iframe-wrap'><iframe loading=\"lazy\" width=\"1500\" height=\"844\" src=\"https:\/\/www.youtube.com\/embed\/OPwBhvcRRo0?feature=oembed\" frameborder=\"0\" allow=\"autoplay; encrypted-media\" allowfullscreen><\/iframe><\/div><\/div><br \/>\n<section class=\"av_textblock_section \"  itemscope=\"itemscope\" itemtype=\"https:\/\/schema.org\/CreativeWork\" ><div class='avia_textblock  '   itemprop=\"text\" ><div style=\"text-align: center;\"><strong>2016<\/strong><\/div>\n<div style=\"text-align: center;\">\n<p>\u00ab Philippe Pastor expose ses \u00ab Arbres Br\u00fbl\u00e9s \u00bb lors de l\u2019European Art Fair Monaco \u00bb, Monaco Channel, 8 juillet 2016<\/p>\n<\/div>\n<\/div><\/section><br \/>\n<div  class='hr hr-default  '><span class='hr-inner ' ><span class='hr-inner-style'><\/span><\/span><\/div><br \/>\n<div  class='avia-video avia-video-16-9   '  itemprop=\"video\" itemtype=\"https:\/\/schema.org\/VideoObject\" ><div class='avia-iframe-wrap'><iframe loading=\"lazy\" width=\"1500\" height=\"844\" src=\"https:\/\/www.youtube.com\/embed\/634gnIrdGzY?feature=oembed\" frameborder=\"0\" allow=\"autoplay; encrypted-media\" allowfullscreen><\/iframe><\/div><\/div><br \/>\n<section class=\"av_textblock_section \"  itemscope=\"itemscope\" itemtype=\"https:\/\/schema.org\/CreativeWork\" ><div class='avia_textblock  '   itemprop=\"text\" ><p style=\"text-align: center;\"><strong>2015<\/strong><br \/>\n\u00ab Philippe Pastor expose ses toiles engag\u00e9es dans la Galerie Modern\u2019Art \u00bb, Monaco Info, le 18 d\u00e9cembre 2015<\/p>\n<\/div><\/section><br \/>\n<div  class='hr hr-default  '><span class='hr-inner ' ><span class='hr-inner-style'><\/span><\/span><\/div><br \/>\n<div  class='avia-video avia-video-16-9   '  itemprop=\"video\" itemtype=\"https:\/\/schema.org\/VideoObject\" ><div class='avia-iframe-wrap'><iframe loading=\"lazy\" width=\"1500\" height=\"844\" src=\"https:\/\/www.youtube.com\/embed\/qewt3YmLZIQ?feature=oembed\" frameborder=\"0\" allow=\"autoplay; encrypted-media\" allowfullscreen><\/iframe><\/div><\/div><br \/>\n<section class=\"av_textblock_section \"  itemscope=\"itemscope\" itemtype=\"https:\/\/schema.org\/CreativeWork\" ><div class='avia_textblock  '   itemprop=\"text\" ><p style=\"text-align: center;\">\u00ab Le Pavillon de Monaco dans la derni\u00e8re ligne droite \u00bb, Monaco Info, le 23 Avril 2015<\/p>\n<\/div><\/section><br \/>\n<div  class='hr hr-default  '><span class='hr-inner ' ><span class='hr-inner-style'><\/span><\/span><\/div><br \/>\n<div  class='avia-video avia-video-16-9   '  itemprop=\"video\" itemtype=\"https:\/\/schema.org\/VideoObject\" ><div class='avia-iframe-wrap'><iframe loading=\"lazy\" width=\"1500\" height=\"844\" src=\"https:\/\/www.youtube.com\/embed\/s00Zt0EN6sU?feature=oembed\" frameborder=\"0\" allow=\"autoplay; encrypted-media\" allowfullscreen><\/iframe><\/div><\/div><br \/>\n<section class=\"av_textblock_section \"  itemscope=\"itemscope\" itemtype=\"https:\/\/schema.org\/CreativeWork\" ><div class='avia_textblock  '   itemprop=\"text\" ><p style=\"text-align: center;\">\u00ab Le Pavillon de Monaco vu par Philippe Pastor \u00bb, Eva Esztegar, Le Podcast Journal, Avril 2015<br \/>\nVideo Interview 1min<\/p>\n<\/div><\/section><br \/>\n<div  class='hr hr-default  '><span class='hr-inner ' ><span class='hr-inner-style'><\/span><\/span><\/div><br \/>\n<div  class='avia-video avia-video-16-9   '  itemprop=\"video\" itemtype=\"https:\/\/schema.org\/VideoObject\" ><div class='avia-iframe-wrap'><iframe loading=\"lazy\" width=\"1500\" height=\"844\" src=\"https:\/\/www.youtube.com\/embed\/QOI5Nimjxzk?feature=oembed\" frameborder=\"0\" allow=\"autoplay; encrypted-media\" allowfullscreen><\/iframe><\/div><\/div><br \/>\n<section class=\"av_textblock_section \"  itemscope=\"itemscope\" itemtype=\"https:\/\/schema.org\/CreativeWork\" ><div class='avia_textblock  '   itemprop=\"text\" ><p style=\"text-align: center;\"><strong>2014<\/strong><br \/>\n\u00ab Le Pavillon de Monaco se met en beaut\u00e9 \u00bb, Monaco Info, le 29 novembre 2014<\/p>\n<\/div><\/section><br \/>\n<div  class='hr hr-default  '><span class='hr-inner ' ><span class='hr-inner-style'><\/span><\/span><\/div><br \/>\n<div  class='avia-video avia-video-16-9   '  itemprop=\"video\" itemtype=\"https:\/\/schema.org\/VideoObject\" ><div class='avia-iframe-wrap'><iframe loading=\"lazy\" width=\"1500\" height=\"844\" src=\"https:\/\/www.youtube.com\/embed\/GRIQx4fVRq8?feature=oembed\" frameborder=\"0\" allow=\"autoplay; encrypted-media\" allowfullscreen><\/iframe><\/div><\/div><br \/>\n<section class=\"av_textblock_section \"  itemscope=\"itemscope\" itemtype=\"https:\/\/schema.org\/CreativeWork\" ><div class='avia_textblock  '   itemprop=\"text\" ><p style=\"text-align: center;\"><strong>2014<\/strong><\/p>\n<p class=\"p1\" style=\"text-align: center;\">&#8220;Philippe Pastor Intimate&#8221; by Richard Aujard<\/p>\n<\/div><\/section><br \/>\n<div  class='hr hr-default  '><span class='hr-inner ' ><span class='hr-inner-style'><\/span><\/span><\/div><br \/>\n<div  class='avia-video avia-video-16-9   '  itemprop=\"video\" itemtype=\"https:\/\/schema.org\/VideoObject\" ><div class='avia-iframe-wrap'><iframe loading=\"lazy\" width=\"1500\" height=\"844\" src=\"https:\/\/www.youtube.com\/embed\/th-N4rOhl-c?feature=oembed\" frameborder=\"0\" allow=\"autoplay; encrypted-media\" allowfullscreen><\/iframe><\/div><\/div><br \/>\n<div  class='avia-video avia-video-16-9   '  itemprop=\"video\" itemtype=\"https:\/\/schema.org\/VideoObject\" ><div class='avia-iframe-wrap'><iframe loading=\"lazy\" width=\"1500\" height=\"844\" src=\"https:\/\/www.youtube.com\/embed\/ncCo7Eg1c8w?feature=oembed\" frameborder=\"0\" allow=\"accelerometer; autoplay; clipboard-write; encrypted-media; gyroscope; picture-in-picture\" allowfullscreen title=\"Philippe Pastor - Blue Monochrome (English version)\"><\/iframe><\/div><\/div><br \/>\n<div  class='hr hr-default  '><span class='hr-inner ' ><span class='hr-inner-style'><\/span><\/span><\/div><br \/>\n<section class=\"av_textblock_section \"  itemscope=\"itemscope\" itemtype=\"https:\/\/schema.org\/CreativeWork\" ><div class='avia_textblock  '   itemprop=\"text\" ><p style=\"text-align: center;\"><strong>2010<\/strong><br \/>\n\u00ab ArtMonaco\u201910 \u00bb, 19\/20, FR3, Alpes Maritimes, dur\u00e9e 1.49 min., diffusion le 31 avril 2010.<\/p>\n<p style=\"text-align: center;\"><strong>2009<\/strong><\/p>\n<p style=\"text-align: center;\">\u00ab Rencontre avec Philippe Pastor \u00bb, Sandrine N\u00e8gre, Monaco Info, dur\u00e9e 17 min., diffusion avril 2009 (multidiffusion).<br \/>\n\u00ab Philippe Pastor \u00bb, Sandrine N\u00e8gre, Monaco Info, dur\u00e9e 2 min., diffusion avril 2009 (multidiffusion).<br \/>\n\u00ab 53\u00e8me Biennale de Venise \u00bb, Sandrine N\u00e8gre, Monaco Info, dur\u00e9e 30 min., diffusion juin 2009 (multidiffusion).<br \/>\n\u00ab Philippe Pastor \u00bb, Sandrine N\u00e8gre, Monaco Info, dur\u00e9e 5 min., diffusion juin 2009.<br \/>\n\u00ab Philippe Pastor \u00bb, Sandrine N\u00e8gre, Monaco Info, dur\u00e9e 3 min., diffusion d\u00e9cembre 2009.<br \/>\n\u00ab Magazzini Einstein lo spettacolo della cultura di maria Oriandini, Speciale Biennale d\u2019Arte contemporanea di Venezia \u00bb, RAI Italy, producteur : Daniele Domenicucci, diffusion juin 2009.<\/p>\n<\/div><\/section><\/p><\/div><div class=\"flex_column av_one_full  flex_column_div first   \" style='padding:0px 10% 0px 10% ; border-radius:0px; '><p><div  class='avia-video avia-video-16-9   '  itemprop=\"video\" itemtype=\"https:\/\/schema.org\/VideoObject\" ><div class='avia-iframe-wrap'><iframe loading=\"lazy\" width=\"1500\" height=\"844\" src=\"https:\/\/www.youtube.com\/embed\/OPwBhvcRRo0?feature=oembed\" frameborder=\"0\" allow=\"autoplay; encrypted-media\" allowfullscreen><\/iframe><\/div><\/div><br \/>\n<section class=\"av_textblock_section \"  itemscope=\"itemscope\" itemtype=\"https:\/\/schema.org\/CreativeWork\" ><div class='avia_textblock  '   itemprop=\"text\" ><div style=\"text-align: center;\"><strong>2016<\/strong><\/div>\n<div style=\"text-align: center;\">\n<p>\u00ab Philippe Pastor expose ses \u00ab Arbres Br\u00fbl\u00e9s \u00bb lors de l\u2019European Art Fair Monaco \u00bb, Monaco Channel, 8 juillet 2016<\/p>\n<\/div>\n<\/div><\/section><br \/>\n<div  class='hr hr-default  '><span class='hr-inner ' ><span class='hr-inner-style'><\/span><\/span><\/div><br \/>\n<div  class='avia-video avia-video-16-9   '  itemprop=\"video\" itemtype=\"https:\/\/schema.org\/VideoObject\" ><div class='avia-iframe-wrap'><iframe loading=\"lazy\" width=\"1500\" height=\"844\" src=\"https:\/\/www.youtube.com\/embed\/634gnIrdGzY?feature=oembed\" frameborder=\"0\" allow=\"autoplay; encrypted-media\" allowfullscreen><\/iframe><\/div><\/div><br \/>\n<section class=\"av_textblock_section \"  itemscope=\"itemscope\" itemtype=\"https:\/\/schema.org\/CreativeWork\" ><div class='avia_textblock  '   itemprop=\"text\" ><p style=\"text-align: center;\"><strong>2015<\/strong><br \/>\n\u00ab Philippe Pastor expose ses toiles engag\u00e9es dans la Galerie Modern\u2019Art \u00bb, Monaco Info, le 18 d\u00e9cembre 2015<\/p>\n<\/div><\/section><br \/>\n<div  class='hr hr-default  '><span class='hr-inner ' ><span class='hr-inner-style'><\/span><\/span><\/div><br \/>\n<div  class='avia-video avia-video-16-9   '  itemprop=\"video\" itemtype=\"https:\/\/schema.org\/VideoObject\" ><div class='avia-iframe-wrap'><iframe loading=\"lazy\" width=\"1500\" height=\"844\" src=\"https:\/\/www.youtube.com\/embed\/qewt3YmLZIQ?feature=oembed\" frameborder=\"0\" allow=\"autoplay; encrypted-media\" allowfullscreen><\/iframe><\/div><\/div><br \/>\n<section class=\"av_textblock_section \"  itemscope=\"itemscope\" itemtype=\"https:\/\/schema.org\/CreativeWork\" ><div class='avia_textblock  '   itemprop=\"text\" ><p style=\"text-align: center;\">\u00ab Le Pavillon de Monaco dans la derni\u00e8re ligne droite \u00bb, Monaco Info, le 23 Avril 2015<\/p>\n<\/div><\/section><br \/>\n<div  class='hr hr-default  '><span class='hr-inner ' ><span class='hr-inner-style'><\/span><\/span><\/div><br \/>\n<div  class='avia-video avia-video-16-9   '  itemprop=\"video\" itemtype=\"https:\/\/schema.org\/VideoObject\" ><div class='avia-iframe-wrap'><iframe loading=\"lazy\" width=\"1500\" height=\"844\" src=\"https:\/\/www.youtube.com\/embed\/s00Zt0EN6sU?feature=oembed\" frameborder=\"0\" allow=\"autoplay; encrypted-media\" allowfullscreen><\/iframe><\/div><\/div><br \/>\n<section class=\"av_textblock_section \"  itemscope=\"itemscope\" itemtype=\"https:\/\/schema.org\/CreativeWork\" ><div class='avia_textblock  '   itemprop=\"text\" ><p style=\"text-align: center;\">\u00ab Le Pavillon de Monaco vu par Philippe Pastor \u00bb, Eva Esztegar, Le Podcast Journal, Avril 2015<br \/>\nVideo Interview 1min<\/p>\n<\/div><\/section><br \/>\n<div  class='hr hr-default  '><span class='hr-inner ' ><span class='hr-inner-style'><\/span><\/span><\/div><br \/>\n<div  class='avia-video avia-video-16-9   '  itemprop=\"video\" itemtype=\"https:\/\/schema.org\/VideoObject\" ><div class='avia-iframe-wrap'><iframe loading=\"lazy\" width=\"1500\" height=\"844\" src=\"https:\/\/www.youtube.com\/embed\/QOI5Nimjxzk?feature=oembed\" frameborder=\"0\" allow=\"autoplay; encrypted-media\" allowfullscreen><\/iframe><\/div><\/div><br \/>\n<section class=\"av_textblock_section \"  itemscope=\"itemscope\" itemtype=\"https:\/\/schema.org\/CreativeWork\" ><div class='avia_textblock  '   itemprop=\"text\" ><p style=\"text-align: center;\"><strong>2014<\/strong><br \/>\n\u00ab Le Pavillon de Monaco se met en beaut\u00e9 \u00bb, Monaco Info, le 29 novembre 2014<\/p>\n<\/div><\/section><br \/>\n<div  class='hr hr-default  '><span class='hr-inner ' ><span class='hr-inner-style'><\/span><\/span><\/div><br \/>\n<section class=\"av_textblock_section \"  itemscope=\"itemscope\" itemtype=\"https:\/\/schema.org\/CreativeWork\" ><div class='avia_textblock  '   itemprop=\"text\" ><p style=\"text-align: center;\"><strong>2010<\/strong><br \/>\n\u00ab ArtMonaco\u201910 \u00bb, 19\/20, FR3, Alpes Maritimes, dur\u00e9e 1.49 min., diffusion le 31 avril 2010.<\/p>\n<p style=\"text-align: center;\"><strong>2009<\/strong><\/p>\n<p style=\"text-align: center;\">\u00ab Rencontre avec Philippe Pastor \u00bb, Sandrine N\u00e8gre, Monaco Info, dur\u00e9e 17 min., diffusion avril 2009 (multidiffusion).<br \/>\n\u00ab Philippe Pastor \u00bb, Sandrine N\u00e8gre, Monaco Info, dur\u00e9e 2 min., diffusion avril 2009 (multidiffusion).<br \/>\n\u00ab 53\u00e8me Biennale de Venise \u00bb, Sandrine N\u00e8gre, Monaco Info, dur\u00e9e 30 min., diffusion juin 2009 (multidiffusion).<br \/>\n\u00ab Philippe Pastor \u00bb, Sandrine N\u00e8gre, Monaco Info, dur\u00e9e 5 min., diffusion juin 2009.<br \/>\n\u00ab Philippe Pastor \u00bb, Sandrine N\u00e8gre, Monaco Info, dur\u00e9e 3 min., diffusion d\u00e9cembre 2009.<br \/>\n\u00ab Magazzini Einstein lo spettacolo della cultura di maria Oriandini, Speciale Biennale d\u2019Arte contemporanea di Venezia \u00bb, RAI Italy, producteur : Daniele Domenicucci, diffusion juin 2009.<\/p>\n<\/div><\/section><\/p><\/div><\/p>\n","protected":false},"excerpt":{"rendered":"","protected":false},"author":6,"featured_media":0,"parent":0,"menu_order":0,"comment_status":"closed","ping_status":"closed","template":"","meta":{"ngg_post_thumbnail":0,"footnotes":""},"class_list":["post-9394","page","type-page","status-publish","hentry"],"_links":{"self":[{"href":"https:\/\/www.philippe-pastor.com\/es\/wp-json\/wp\/v2\/pages\/9394","targetHints":{"allow":["GET"]}}],"collection":[{"href":"https:\/\/www.philippe-pastor.com\/es\/wp-json\/wp\/v2\/pages"}],"about":[{"href":"https:\/\/www.philippe-pastor.com\/es\/wp-json\/wp\/v2\/types\/page"}],"author":[{"embeddable":true,"href":"https:\/\/www.philippe-pastor.com\/es\/wp-json\/wp\/v2\/users\/6"}],"replies":[{"embeddable":true,"href":"https:\/\/www.philippe-pastor.com\/es\/wp-json\/wp\/v2\/comments?post=9394"}],"version-history":[{"count":0,"href":"https:\/\/www.philippe-pastor.com\/es\/wp-json\/wp\/v2\/pages\/9394\/revisions"}],"wp:attachment":[{"href":"https:\/\/www.philippe-pastor.com\/es\/wp-json\/wp\/v2\/media?parent=9394"}],"curies":[{"name":"wp","href":"https:\/\/api.w.org\/{rel}","templated":true}]}}