{"id":9306,"date":"2018-04-30T09:35:43","date_gmt":"2018-04-30T08:35:43","guid":{"rendered":"https:\/\/www.philippe-pastor.com\/biografia\/expositions-collectives\/"},"modified":"2023-02-19T10:21:34","modified_gmt":"2023-02-19T09:21:34","slug":"exposiciones-colectivas","status":"publish","type":"page","link":"https:\/\/www.philippe-pastor.com\/es\/biografia\/exposiciones-colectivas\/","title":{"rendered":"Exposiciones colectivas"},"content":{"rendered":"<div class=\"flex_column av_one_full  flex_column_div first   \" style='padding:0px 6% 0px 0px ; border-radius:0px; '><section class=\"av_textblock_section \"  itemscope=\"itemscope\" itemtype=\"https:\/\/schema.org\/CreativeWork\" ><div class='avia_textblock  '   itemprop=\"text\" ><h3>(Selecci\u00f3n)<\/h3>\n<p><strong>2022<\/strong><br \/>\n<a href=\"https:\/\/www.chateausaintmaur.com\/minimo-edition-2022-exposition-dart-au-chateau-saint-maur-cru-classe\/\" target=\"_blank\" rel=\"noopener\">\u201cMINIMO\u201c, del 8 de julio al 28 de agosto au &#8211; Ch\u00e2teau Saint-Maur, Saint-Tropez<\/a><\/p>\n<p><strong>2019<\/strong><br \/>\n<a href=\"https:\/\/www.philippe-pastor.com\/es\/blog\/exhibition-de-jonckheere-geneve\/\" target=\"_blank\" rel=\"noopener\">\u201cAccrochage d\u2019\u0153uvres modernes\u201c, del 29 de enero al 29 de marzo &#8211; De Jonckheere, Geneve<\/a><\/p>\n<p><strong>2018<br \/>\n<\/strong><a href=\"https:\/\/www.philippe-pastor.com\/es\/blog\/exhibition-de-jonckheere-monaco\/\" target=\"_blank\" rel=\"noopener\">\u201cRencontre de Ma\u00eetres\u201c, del 22 de noviembre al 4 de enero de 2019 &#8211; De Jonckheere, Monaco<\/a><strong><br \/>\n<\/strong><a href=\"https:\/\/www.philippe-pastor.com\/es\/blog\/exposition-modernite-primitivisme\/\" target=\"_blank\" rel=\"noopener\">\u00ab Modernity &amp; Primitivism \u00bb, del 19 julio al 30 de agosto &#8211; De Jonckheere, Monaco<\/a><\/p>\n<p><strong>2017<\/strong><br \/>\n\u201cPaysages de Neige\u201d (\u201cPaisajes de Nieve\u201d), del 7 de diciembre 2017 al 26 de enero de 2018 \u2013 De Jonckheere, M\u00f3naco<br \/>\n\u201cStill Lifes\u201d, del 12 de septiembre al 10 de noviembre \u2013 De Jonckheere, M\u00f3naco<br \/>\n<a href=\"https:\/\/www.philippe-pastor.com\/fr\/blog\/exposition-rencontre-de-maitres\/\">\u201cMasters\u2019 Collection\u201d, del 22 de junio al 10 septiembre \u2013 De Jonckheere, M\u00f3naco<\/a><\/p>\n<p><strong>2015<\/strong><br \/>\n<a href=\"https:\/\/www.philippe-pastor.com\/es\/blog\/the-anatomized-pavilion-2\/\">\u201cThe Anatomized Pavilion\u201d, del 21 de abril al 30 de octubre \u2013 Monaco Modern\u2019Art, M\u00f3naco<\/a><\/p>\n<p><strong>2010<\/strong><br \/>\n\u201cLes Sentiers de la Sculpture\u201d, del 18 de junio al 30 de septiembre \u2013 Polo club de Saint-Tropez, Gassin, Francia<br \/>\nArt Monaco\u201910, Feria de Arte Contemporanea, Philippe Pastor invitado de honor, del 29 de abril al 3 de mayo \u2013 Grimaldi Forum, M\u00f3naco<br \/>\n\u201cL\u2019Art et la Science au Service d\u2019une Cause\u201d, los 27 y 28 de marzo de 2010 \u2013 Fundaci\u00f3n para la Investigaci\u00f3n sobre el Cerebro, H\u00f4tel West End, Niza, Francia<\/p>\n<p><strong>2009<\/strong><br \/>\n\u201cMagic Mixture\u201d, Philippe Pastor e Ileana Gal, del 9 al 31 de diciembre \u2013 Opera Gallery, Se\u00fal, Corea<\/p>\n<p><strong>2008<\/strong><br \/>\n\u201cOpen your Heart\u201d, Philippe Pastor and Anton Molnar, del 9 al 31 de diciembre \u2013 Opera Gallery, Londres, Reino Unido<br \/>\n\u201cIn the Mood for Love\u201d, del 9 al 24 de diciembre, Opera Gallery, Londres, Reino Unido<br \/>\n\u201cPhilippe Pastor, Manuella Ferr\u00e9, Marcelline Lapouffe\u201d, del 28 de julio al 9 de agosto \u2013 Ambajada del Turismo, Saint-Tropez, France<br \/>\n\u201cPhilippe Pastor, Les Arbres Br\u00fbl\u00e9s et Stefano Bombardieri, Gaia e la Balena\u201d, del 11 de julio al 30 septiembre \u2013 Citadelle de Saint-Tropez, Saint-Tropez, Francia<\/p>\n<p><strong>2007<\/strong><br \/>\n\u201cOn the Way to Damascus\u201d, de junio a noviembre \u2013 52da Bienales de Venecia, Pabell\u00f3n de Siria, Venecia, Italia<\/p>\n<p><strong>2005<\/strong><br \/>\nThe 9th Shanghai Art Fair, del 16 al 20 de noviembre \u2013 Shanghai, China<br \/>\n\u201cSaline Alchemy, James brown, Philip Taaffe, Philippe Pastor, Christian Rainer, Karin Andersen, Ubaldo Bartolini, Domenico Bianchi, Juan Carlos Ceci, Bruno d\u2019 Arcevia, Fulvio di Piazza, Walter Gasperoni, Dirk Larsen\u201d, del 1er al 30 de septiembre \u2013 Palazzo Mediceo, San Leo, Italia<\/p>\n<p><strong>2004<\/strong><br \/>\n\u201cFeeding on (the) Art\u201d, Valerio Adami, Fernando Botero, Jean-Michel Folon, Philippe Pastor, Luca Alinari, Maria Cristina Carlini, Mario Ceroli, Gae Aulenti, Roberto Magris, Paolo Portoghesi, Ricardo Cordero, Igor Mitoraj, Ugo Nespolo , del 18 noviembre de 2004 al 15 de marzo de 2005 \u2013 Museo de la Antig\u00fcedad, Torino, Italia<br \/>\n\u201cPhilippe Pastor, Alfredo Garzon et Didier Gicquel\u201d, del 4 de junio al 8 de agosto \u2013 Galerie Cap d\u2019Art, Genval, Belgica<\/p>\n<\/div><\/section><\/div>\n","protected":false},"excerpt":{"rendered":"","protected":false},"author":6,"featured_media":0,"parent":4132,"menu_order":0,"comment_status":"closed","ping_status":"closed","template":"","meta":{"ngg_post_thumbnail":0,"footnotes":""},"_links":{"self":[{"href":"https:\/\/www.philippe-pastor.com\/es\/wp-json\/wp\/v2\/pages\/9306"}],"collection":[{"href":"https:\/\/www.philippe-pastor.com\/es\/wp-json\/wp\/v2\/pages"}],"about":[{"href":"https:\/\/www.philippe-pastor.com\/es\/wp-json\/wp\/v2\/types\/page"}],"author":[{"embeddable":true,"href":"https:\/\/www.philippe-pastor.com\/es\/wp-json\/wp\/v2\/users\/6"}],"replies":[{"embeddable":true,"href":"https:\/\/www.philippe-pastor.com\/es\/wp-json\/wp\/v2\/comments?post=9306"}],"version-history":[{"count":5,"href":"https:\/\/www.philippe-pastor.com\/es\/wp-json\/wp\/v2\/pages\/9306\/revisions"}],"predecessor-version":[{"id":12009,"href":"https:\/\/www.philippe-pastor.com\/es\/wp-json\/wp\/v2\/pages\/9306\/revisions\/12009"}],"up":[{"embeddable":true,"href":"https:\/\/www.philippe-pastor.com\/es\/wp-json\/wp\/v2\/pages\/4132"}],"wp:attachment":[{"href":"https:\/\/www.philippe-pastor.com\/es\/wp-json\/wp\/v2\/media?parent=9306"}],"curies":[{"name":"wp","href":"https:\/\/api.w.org\/{rel}","templated":true}]}}