{"id":9276,"date":"2018-04-27T09:29:23","date_gmt":"2018-04-27T08:29:23","guid":{"rendered":"https:\/\/www.philippe-pastor.com\/basta\/"},"modified":"2018-10-04T14:14:10","modified_gmt":"2018-10-04T13:14:10","slug":"basta","status":"publish","type":"page","link":"https:\/\/www.philippe-pastor.com\/es\/basta\/","title":{"rendered":"BASTA"},"content":{"rendered":"<div class=\"flex_column av_one_full  flex_column_div first  paintings \" style='padding:0px 6% 0px 0px ; border-radius:0px; '><section class=\"av_textblock_section \"  itemscope=\"itemscope\" itemtype=\"https:\/\/schema.org\/CreativeWork\" ><div class='avia_textblock  '   itemprop=\"text\" ><h2 style=\"text-align: center;\">Philippe Pastor \u00ab Basta \u00bb<\/h2>\n<p style=\"text-align: center;\">&#8220;Basta&#8221; a la autodestrucci\u00f3n<br \/>\n&#8220;Basta&#8221; a la destrucci\u00f3n del planeta<br \/>\n&#8220;Basta&#8221; a la contaminaci\u00f3n<br \/>\n&#8220;Basta&#8221; a la vida de mierda<br \/>\n&#8220;Basta&#8221; a la sociedad actual<br \/>\n&#8230; etc, etc&#8230;<\/p>\n<p style=\"text-align: center;\">Exposici\u00f3n permanente vista desde el cielo<\/p>\n<\/div><\/section><br \/>\n<div  class='hr hr-default  '><span class='hr-inner ' ><span class='hr-inner-style'><\/span><\/span><\/div><br \/>\n<section class=\"av_textblock_section \"  itemscope=\"itemscope\" itemtype=\"https:\/\/schema.org\/CreativeWork\" ><div class='avia_textblock  '   itemprop=\"text\" ><p>Con esta obra monumental, hecha de m\u00e1s de 3000 losas de hormig\u00f3n, y realizada durante el verano de 2014, Philippe Pastor parece declinar la totalidad de su lenguaje pl\u00e1stico a la vez que avanza hacia espacios inexplorados, cada vez m\u00e1s singulares y sorprendentes. La instalaci\u00f3n permanente &#8220;Basta&#8221;, situada en una parcela de tierra en Espa\u00f1a, promete ser su mayor grito de rebeli\u00f3n, m\u00e1s decidido que nunca a luchar contra la negligencia del hombre hacia la destrucci\u00f3n de la naturaleza. Esta interjecci\u00f3n, que expresa sobre todo la impaciencia del creador y revela el grado de urgencia que lo anima, es visible desde el cielo. As\u00ed como el artista se mueve de un material a otro sin una jerarqu\u00eda predefinida, declina su trabajo en todas las dimensiones. Si la pintura, seg\u00fan la l\u00f3gica procesual, sigue siendo el medio preferido por el artista de este &#8220;axioma verde&#8221;, no se descarta la instalaci\u00f3n. Al interferir en el medio ambiente de esta manera, Philippe Pastor explora y cuestiona la naturaleza en la era de la globalizaci\u00f3n.<\/p>\n<p>Alexandra Marini, Extracto del libro &#8220;PASTOR&#8221;, 2017<\/p>\n<\/div><\/section><\/p><\/div>\nngg_shortcode_0_placeholder\n","protected":false},"excerpt":{"rendered":"<p>&#8221; order_by=&#8221;sortorder&#8221; order_direction=&#8221;ASC&#8221; returns=&#8221;included&#8221; maximum_entity_count=&#8221;500&#8243;]<\/p>\n","protected":false},"author":6,"featured_media":0,"parent":0,"menu_order":0,"comment_status":"closed","ping_status":"closed","template":"","meta":{"ngg_post_thumbnail":0,"footnotes":""},"_links":{"self":[{"href":"https:\/\/www.philippe-pastor.com\/es\/wp-json\/wp\/v2\/pages\/9276"}],"collection":[{"href":"https:\/\/www.philippe-pastor.com\/es\/wp-json\/wp\/v2\/pages"}],"about":[{"href":"https:\/\/www.philippe-pastor.com\/es\/wp-json\/wp\/v2\/types\/page"}],"author":[{"embeddable":true,"href":"https:\/\/www.philippe-pastor.com\/es\/wp-json\/wp\/v2\/users\/6"}],"replies":[{"embeddable":true,"href":"https:\/\/www.philippe-pastor.com\/es\/wp-json\/wp\/v2\/comments?post=9276"}],"version-history":[{"count":6,"href":"https:\/\/www.philippe-pastor.com\/es\/wp-json\/wp\/v2\/pages\/9276\/revisions"}],"predecessor-version":[{"id":10693,"href":"https:\/\/www.philippe-pastor.com\/es\/wp-json\/wp\/v2\/pages\/9276\/revisions\/10693"}],"wp:attachment":[{"href":"https:\/\/www.philippe-pastor.com\/es\/wp-json\/wp\/v2\/media?parent=9276"}],"curies":[{"name":"wp","href":"https:\/\/api.w.org\/{rel}","templated":true}]}}