{"id":9266,"date":"2018-04-26T19:03:29","date_gmt":"2018-04-26T18:03:29","guid":{"rendered":"https:\/\/www.philippe-pastor.com\/los-arboles-quemados\/videos\/"},"modified":"2018-07-24T12:35:44","modified_gmt":"2018-07-24T11:35:44","slug":"videos","status":"publish","type":"page","link":"https:\/\/www.philippe-pastor.com\/es\/los-arboles-quemados\/videos\/","title":{"rendered":"Videos"},"content":{"rendered":"<div class=\"flex_column av_one_half  flex_column_div first   \" style='padding:0px 0px 0px 6% ; border-radius:0px; '><section class=\"av_textblock_section \"  itemscope=\"itemscope\" itemtype=\"https:\/\/schema.org\/CreativeWork\" ><div class='avia_textblock  '   itemprop=\"text\" ><div style=\"text-align: center;\"><div  class='avia-video avia-video-16-9   '  itemprop=\"video\" itemtype=\"https:\/\/schema.org\/VideoObject\" ><div class='avia-iframe-wrap'><iframe loading=\"lazy\" src=\"https:\/\/player.vimeo.com\/video\/173881322?app_id=122963\" width=\"1500\" height=\"844\" frameborder=\"0\" title=\"PHILIPPE PASTOR - LES ARBRES BRULES - TIME LAPSE\" webkitallowfullscreen mozallowfullscreen allowfullscreen><\/iframe><script src=\"https:\/\/player.vimeo.com\/api\/player.js\"><\/script><\/div><\/div><\/div>\n<p style=\"text-align: left;\"><strong>Philippe Pastor, \u00ab Les Arbres Br\u00fbl\u00e9s \u00bb (\u00ab Los Arboles Quemados \u00bb), Grimaldi Forum M\u00f3naco<\/strong><br \/>\n4\u201911min video time lapse sobre el montaje de la exposici\u00f3n en el Grimaldi Forum M\u00f3naco (julio \u2013 agosto 2016)<\/p>\n<\/div><\/section><br \/>\n<section class=\"av_textblock_section \"  itemscope=\"itemscope\" itemtype=\"https:\/\/schema.org\/CreativeWork\" ><div class='avia_textblock  '   itemprop=\"text\" ><p style=\"text-align: center;\"><div  class='avia-video avia-video-16-9   '  itemprop=\"video\" itemtype=\"https:\/\/schema.org\/VideoObject\" ><div class='avia-iframe-wrap'><iframe loading=\"lazy\" src=\"https:\/\/player.vimeo.com\/video\/130767140?app_id=122963\" width=\"1280\" height=\"546\" frameborder=\"0\" title=\"Philippe Pastor @ EXPO Milano 2015 - Journ&eacute;e Nationale de Monaco #MonacoDay\" webkitallowfullscreen mozallowfullscreen allowfullscreen><\/iframe><script src=\"https:\/\/player.vimeo.com\/api\/player.js\"><\/script><\/div><\/div><br \/>\n<strong>Philippe Pastor, \u00ab Les Arbres Br\u00fbl\u00e9s \u00bb (\u00ab Los Arboles Quemados \u00bb), Pabell\u00f3n M\u00f3naco, Exposici\u00f3n Universal de Milano<\/strong><br \/>\n2\u201932min video clip sobre el Jornada Nacional de M\u00f3naco en la Exposici\u00f3n Universal de Milano (9 de junio de 2015)<\/p>\n<p style=\"text-align: center;\"><div  class='avia-video avia-video-16-9   '  itemprop=\"video\" itemtype=\"https:\/\/schema.org\/VideoObject\" ><div class='avia-iframe-wrap'><iframe loading=\"lazy\" src=\"https:\/\/player.vimeo.com\/video\/114331350?app_id=122963\" width=\"1280\" height=\"720\" frameborder=\"0\" title=\"Philippe Pastor - Les Arbres Br&ucirc;l&eacute;s \/ The Burned Trees - Gare Paris-Montparnasse\" webkitallowfullscreen mozallowfullscreen allowfullscreen><\/iframe><script src=\"https:\/\/player.vimeo.com\/api\/player.js\"><\/script><\/div><\/div><br \/>\n<strong>Philippe Pastor, \u00ab Les Arbres Br\u00fbl\u00e9s \u00bb (\u00ab Los Arboles Quemados \u00bb), Gare Paris-Montparnasse<\/strong><br \/>\n2\u201905min video clip sobre la exposici\u00f3n en la estaci\u00f3n Gare Paris-Montparnasse (noviembre 2014-marzo 2015)<br \/>\nen colaboraci\u00f3n con la SNCF y la Fundaci\u00f3n Nicolas Hulot<\/p>\n<\/div><\/section><\/p><\/div><div class=\"flex_column av_one_half  flex_column_div    \" style='padding:0px 6% 0px 0% ; border-radius:0px; '><section class=\"av_textblock_section \"  itemscope=\"itemscope\" itemtype=\"https:\/\/schema.org\/CreativeWork\" ><div class='avia_textblock  '   itemprop=\"text\" ><p style=\"text-align: center;\"><div  class='avia-video avia-video-16-9   '  itemprop=\"video\" itemtype=\"https:\/\/schema.org\/VideoObject\" ><div class='avia-iframe-wrap'><iframe loading=\"lazy\" src=\"https:\/\/player.vimeo.com\/video\/113001020?app_id=122963\" width=\"1280\" height=\"720\" frameborder=\"0\" title=\"Philippe Pastor - Les Arbres Br&ucirc;l&eacute;s \/ The Burned Trees - Paris Gare du Nord\" webkitallowfullscreen mozallowfullscreen allowfullscreen><\/iframe><script src=\"https:\/\/player.vimeo.com\/api\/player.js\"><\/script><\/div><\/div><\/p>\n<p style=\"text-align: left;\"><strong>Philippe Pastor, \u00ab Les Arbres Br\u00fbl\u00e9s \u00bb (\u00ab Los Arboles Quemados \u00bb), Gare Paris-Nord<\/strong><br \/>\n2\u201934min video clip sobre la exposici\u00f3n en la estaci\u00f3n Gare Paris-Nord (octobre-novembre 2014)<br \/>\nen collaboration avec la SNCF et la Fondation Nicolas Hulot<\/p>\n<\/div><\/section><br \/>\n<section class=\"av_textblock_section \"  itemscope=\"itemscope\" itemtype=\"https:\/\/schema.org\/CreativeWork\" ><div class='avia_textblock  '   itemprop=\"text\" ><p style=\"text-align: center;\"><div  class='avia-video avia-video-16-9   '  itemprop=\"video\" itemtype=\"https:\/\/schema.org\/VideoObject\" ><div class='avia-iframe-wrap'><iframe loading=\"lazy\" width=\"1500\" height=\"844\" src=\"https:\/\/www.youtube.com\/embed\/uotAmAUob2s?feature=oembed\" frameborder=\"0\" allow=\"autoplay; encrypted-media\" allowfullscreen><\/iframe><\/div><\/div><\/p>\n<p><strong>Philippe Pastor \u00ab Les Arbres Br\u00fbl\u00e9s \u00bb (\u00ab&nbsp;Los Arboles Quemados&nbsp;\u00bb)<\/strong><\/p>\n<p>2\u201938min video clip sobre el proyecto de \u00ab&nbsp;Los Arboles Quemados&nbsp;\u00bb<\/p>\n<p style=\"text-align: left;\"><strong>Versi\u00f3n francesa<\/strong><\/p>\n<p style=\"text-align: center;\"><div  class='avia-video avia-video-16-9   '  itemprop=\"video\" itemtype=\"https:\/\/schema.org\/VideoObject\" ><div class='avia-iframe-wrap'><iframe loading=\"lazy\" width=\"1500\" height=\"844\" src=\"https:\/\/www.youtube.com\/embed\/th-N4rOhl-c?feature=oembed\" frameborder=\"0\" allow=\"autoplay; encrypted-media\" allowfullscreen><\/iframe><\/div><\/div><\/p>\n<p style=\"text-align: left;\"><strong>Versi\u00f3n inglesa<\/strong><\/p>\n<\/div><\/section><\/p><\/div><\/p>\n","protected":false},"excerpt":{"rendered":"","protected":false},"author":6,"featured_media":0,"parent":4159,"menu_order":0,"comment_status":"closed","ping_status":"closed","template":"","meta":{"ngg_post_thumbnail":0,"footnotes":""},"_links":{"self":[{"href":"https:\/\/www.philippe-pastor.com\/es\/wp-json\/wp\/v2\/pages\/9266"}],"collection":[{"href":"https:\/\/www.philippe-pastor.com\/es\/wp-json\/wp\/v2\/pages"}],"about":[{"href":"https:\/\/www.philippe-pastor.com\/es\/wp-json\/wp\/v2\/types\/page"}],"author":[{"embeddable":true,"href":"https:\/\/www.philippe-pastor.com\/es\/wp-json\/wp\/v2\/users\/6"}],"replies":[{"embeddable":true,"href":"https:\/\/www.philippe-pastor.com\/es\/wp-json\/wp\/v2\/comments?post=9266"}],"version-history":[{"count":6,"href":"https:\/\/www.philippe-pastor.com\/es\/wp-json\/wp\/v2\/pages\/9266\/revisions"}],"predecessor-version":[{"id":11099,"href":"https:\/\/www.philippe-pastor.com\/es\/wp-json\/wp\/v2\/pages\/9266\/revisions\/11099"}],"up":[{"embeddable":true,"href":"https:\/\/www.philippe-pastor.com\/es\/wp-json\/wp\/v2\/pages\/4159"}],"wp:attachment":[{"href":"https:\/\/www.philippe-pastor.com\/es\/wp-json\/wp\/v2\/media?parent=9266"}],"curies":[{"name":"wp","href":"https:\/\/api.w.org\/{rel}","templated":true}]}}