{"id":9258,"date":"2018-04-26T18:58:25","date_gmt":"2018-04-26T17:58:25","guid":{"rendered":"https:\/\/www.philippe-pastor.com\/los-arboles-quemados\/expositions\/"},"modified":"2018-12-03T13:38:37","modified_gmt":"2018-12-03T12:38:37","slug":"exposiciones","status":"publish","type":"page","link":"https:\/\/www.philippe-pastor.com\/es\/los-arboles-quemados\/exposiciones\/","title":{"rendered":"Exposiciones"},"content":{"rendered":"<div class=\"flex_column av_one_full  flex_column_div first  content-article \" style='padding:15px 6% 15px 0% ; background-color:#e8e8e8; border-radius:0px; '><p><div style='height:18px' class='hr hr-invisible   '><span class='hr-inner ' ><span class='hr-inner-style'><\/span><\/span><\/div><br \/>\n<section class=\"av_textblock_section \"  itemscope=\"itemscope\" itemtype=\"https:\/\/schema.org\/CreativeWork\" ><div class='avia_textblock  '   itemprop=\"text\" ><h2>EXPOSICIONES \u00ab LES ARBRES BR\u00dbLES \u00bb (\u00ab LOS ARBOLES QUEMADOS&nbsp;\u00bb) (SELECCION)<\/h2>\n<\/div><\/section><br \/>\n<div style='height:18px' class='hr hr-invisible   '><span class='hr-inner ' ><span class='hr-inner-style'><\/span><\/span><\/div><br \/>\n<section class=\"av_textblock_section \"  itemscope=\"itemscope\" itemtype=\"https:\/\/schema.org\/CreativeWork\" ><div class='avia_textblock  '   itemprop=\"text\" ><p><a href=\"https:\/\/www.philippe-pastor.com\/fr\/blog\/les-arbres-brules-chateau-des-marres\/\" target=\"_blank\" rel=\"noopener\"><strong>Ch\u00e2teau des Marres<\/strong><\/a>, Ramatuelle, Golfo de Saint-Tropez, Francia<br \/>\nInstalaci\u00f3n permanente (desde junio 2017)<\/p>\n<p><strong>Meg\u00e8ve&nbsp;<\/strong>(invierno 2016-2017)<\/p>\n<p><a href=\"https:\/\/www.philippe-pastor.com\/blog\/the-burned-trees-grimaldi-forum-monaco\/\" target=\"_blank\" rel=\"noopener\"><strong>Grimaldi Forum<\/strong><\/a>, M\u00f3naco (du 5 au 25 juillet 2016)<\/p>\n<p><strong>La Gr\u00e9e Des Landes, Eco-H\u00f4tel-Spa Yves Rocher<\/strong>, La Gacilly, Francia<br \/>\nInstalaci\u00f3n permanente (desde marzo 2016)<\/p>\n<p><strong>Pabell\u00f3n de M\u00f3naco, Exposici\u00f3n Universal de Milano Expo 2015<\/strong>, Milano, Italia (del 1er de mayo hasta el 30 de octubre de 2015)<br \/>\nPhilippe Pastor artista oficial del Pabell\u00f3n de M\u00f3naco<\/p>\n<p>\u00abThe Anatomized Pavilion. Le Pavillon de Monaco \u00e0 l\u2019Expo Milan 2015, hors les murs\u00bb, <strong>Monaco Modern\u2019Art<\/strong>, M\u00f3naco (del 22 de abril al 31 de octubre de 2015)<\/p>\n<p><strong>Terminal Neige &#8211; Totem<\/strong>, Flaine, Francia &#8211; Instalaci\u00f3n permanente (desde diciembre 2015)<\/p>\n<p><strong>Gare de Montparnasse<\/strong>, Paris, Francia (del 27 de noviembre de 2014 al 28 de febrero de 2015)<br \/>\n<strong>Gare du Nord<\/strong>, Paris, Francia (del 22 de octubre al 25 de noviembre de 2014).&nbsp;En colaboraci\u00f3n con la Fundaci\u00f3n Nicolas Hulot<\/p>\n<p><strong>Grimaud, Ramatuelle, Sainte-Maxime, Saint-Tropez<\/strong>, Francia (verano 2013)<\/p>\n<p><strong>Ch\u00e2teau des Marres<\/strong>, Ramatuelle, Golfo de Saint-Tropez, Francia (verano 2012)<\/p>\n<p><strong>L\u2019Alpettes<\/strong>, Meg\u00e8ve, Francia (invierno 2011\/2012)<br \/>\n<strong>Altapura<\/strong>, Val Thorens, Francia (invierno 2011\/2012)<\/p>\n<p><strong>Giratoire de la Castellane<\/strong>, Grimaud, Francia. Instalaci\u00f3n permanente (inauguraci\u00f3n julio 2011)<\/p>\n<p><strong>Ch\u00e2teau des Marres<\/strong>, Ramatuelle, Francia (de junio a octubre de 2011)<\/p>\n<p><strong>La Gr\u00e9e Des Landes, Eco-H\u00f4tel-Spa Yves Rocher<\/strong>, La Gacilly, Francia. Instalaci\u00f3n permanente (inauguraci\u00f3n el 27 de abril de 2009)<\/p>\n<p><strong>Centre Culturel Fran\u00e7ais<\/strong>, Milano, Italia (del 20 de septiembre al 5 de diciembre de 2008)<\/p>\n<p><strong>Place du Casino<\/strong>, M\u00f3naco<br \/>\n<strong>Quai Antoine 1er,<\/strong> M\u00f3naco.<br \/>\nEn el marco de la exposici\u00f3n \u00abMelting Ice\u00bb (febrero-marzo 2008)<\/p>\n<p><strong>Le Jardin Exotique<\/strong>, M\u00f3naco.&nbsp;Instalaci\u00f3n permanente (inauguraci\u00f3n julio 2008)<\/p>\n<p><strong>Chapelle Saint-Jean<\/strong>, La Garde-Freinet, Francia (del 23 de junio al 14 de julio de 2008)<\/p>\n<p><strong>Museo del Parco<\/strong>, Portofino, Italia. Instalaci\u00f3n permanente (inauguraci\u00f3n el 5 de junio de 2008)<\/p>\n<p><strong>Sede de la <\/strong><strong>Organizaci\u00f3n de las&nbsp;Naciones Unidas<\/strong>, Nueva York, Estados-Unidos (mayo 2008)<\/p>\n<p><strong>Plage du Majestic<\/strong>, Cannes.&nbsp;En el marco del Festival International du Film, Cannes, Francia (del 16 al 27 de mayo de 2007)<\/p>\n<p><strong>Champions of the Earth, International Environment Award, Shangri-la<\/strong>, Singapur<br \/>\nEn el marco del Programa&nbsp;de las&nbsp;Naciones Unidas&nbsp;para el Medio Ambiente (PNUMA)<br \/>\nInstalaci\u00f3n permanente (inauguraci\u00f3n el 15 de abril de 2007)<\/p>\n<p><strong>Monaco Modern\u2019Art<\/strong>, M\u00f3naco,&nbsp;(enero 2007 a junio 2010)<\/p>\n<p><strong>A\u00e9roport Nice C\u00f4te d\u2019Azur<\/strong>, Francia.&nbsp;Instalaci\u00f3n permanente (inauguraci\u00f3n el 26 de octubre de 2006).<\/p>\n<p><strong>Sede del<\/strong> <strong>Programa&nbsp;de las&nbsp;Naciones Unidas&nbsp;para el Medio Ambiente (PNUMA)<\/strong>, Nairobi, Kenya<br \/>\nInstalaci\u00f3n permanente (inauguraci\u00f3n el 31 de marzo de 2006)<\/p>\n<p><strong>Sainte-Maxime<\/strong>, Francia. Instalaci\u00f3n permanente (Inauguraci\u00f3n verano 2005)<\/p>\n<\/div><\/section><br \/>\n<div style='height:18px' class='hr hr-invisible   '><span class='hr-inner ' ><span class='hr-inner-style'><\/span><\/span><\/div><\/p><\/div><section class=\"av_textblock_section \"  itemscope=\"itemscope\" itemtype=\"https:\/\/schema.org\/CreativeWork\" ><div class='avia_textblock  '   itemprop=\"text\" ><p><strong>&#8211; DISTINCTIONES &#8211;<\/strong><\/p>\n<p>Invitado de honor de Art Monaco&#8217;10, Philippe Pastor recibe \u201c<strong>Le Prix d\u2019Excellence Pens\u00e9e Ecologie<\/strong>\u201d, para el mejor uso de materiales reciclados en sus obras (mayo de 2010)<\/p>\n<p>Nombrado por <strong>SAS el Pr\u00edncipe Alberto II de M\u00f3naco &#8220;Caballero de la Orden del M\u00e9rito Cultural&#8221;<\/strong> (2009)<\/p>\n<\/div><\/section><\/p>\n<section class=\"av_textblock_section \"  itemscope=\"itemscope\" itemtype=\"https:\/\/schema.org\/CreativeWork\" ><div class='avia_textblock  '   itemprop=\"text\" ><p><strong>&#8211; CONFERENCIA &#8211;<\/strong><\/p>\n<p>Discurso de Philippe Pastor durante el seminario &#8220;Desaprender la intolerancia: el arte de cambiar las actitudes hacia el medio ambiente\u201d.<br \/>\nSede de la <strong>Organizaci\u00f3n de las&nbsp;Naciones Unidas<\/strong>, Nueva York (el 8 de mayo de 2008)<\/p>\n<\/div><\/section>\n","protected":false},"excerpt":{"rendered":"","protected":false},"author":6,"featured_media":0,"parent":4159,"menu_order":0,"comment_status":"closed","ping_status":"closed","template":"","meta":{"ngg_post_thumbnail":0,"footnotes":""},"_links":{"self":[{"href":"https:\/\/www.philippe-pastor.com\/es\/wp-json\/wp\/v2\/pages\/9258"}],"collection":[{"href":"https:\/\/www.philippe-pastor.com\/es\/wp-json\/wp\/v2\/pages"}],"about":[{"href":"https:\/\/www.philippe-pastor.com\/es\/wp-json\/wp\/v2\/types\/page"}],"author":[{"embeddable":true,"href":"https:\/\/www.philippe-pastor.com\/es\/wp-json\/wp\/v2\/users\/6"}],"replies":[{"embeddable":true,"href":"https:\/\/www.philippe-pastor.com\/es\/wp-json\/wp\/v2\/comments?post=9258"}],"version-history":[{"count":6,"href":"https:\/\/www.philippe-pastor.com\/es\/wp-json\/wp\/v2\/pages\/9258\/revisions"}],"predecessor-version":[{"id":11096,"href":"https:\/\/www.philippe-pastor.com\/es\/wp-json\/wp\/v2\/pages\/9258\/revisions\/11096"}],"up":[{"embeddable":true,"href":"https:\/\/www.philippe-pastor.com\/es\/wp-json\/wp\/v2\/pages\/4159"}],"wp:attachment":[{"href":"https:\/\/www.philippe-pastor.com\/es\/wp-json\/wp\/v2\/media?parent=9258"}],"curies":[{"name":"wp","href":"https:\/\/api.w.org\/{rel}","templated":true}]}}