{"id":9245,"date":"2018-04-26T11:58:03","date_gmt":"2018-04-26T10:58:03","guid":{"rendered":"https:\/\/www.philippe-pastor.com\/pinturas\/le-ciel-regarde-la-terre\/"},"modified":"2018-06-16T16:08:59","modified_gmt":"2018-06-16T15:08:59","slug":"el-cielo-mira-la-tierra","status":"publish","type":"page","link":"https:\/\/www.philippe-pastor.com\/es\/pinturas\/el-cielo-mira-la-tierra\/","title":{"rendered":"El Cielo mira a la Tierra"},"content":{"rendered":"<div class=\"flex_column av_one_full  flex_column_div av-zero-column-padding first  paintings \" style='border-radius:0px; '><section class=\"av_textblock_section \"  itemscope=\"itemscope\" itemtype=\"https:\/\/schema.org\/CreativeWork\" ><div class='avia_textblock  '   itemprop=\"text\" ><p>Serie presentada en la 53a Bienal de Venecia en 2009<br \/>\nEn la era de los grandes medios de comunicaci\u00f3n -cine, televisi\u00f3n, Internet- que muestran formas transitorias de comunicaci\u00f3n, a menudo de manera muy est\u00fapida y oportunista, vemos reaparecer experiencias art\u00edsticas interesantes de identificaci\u00f3n emocional, incluso existencial. Cuando el medio tecnol\u00f3gico se transforma en un sentimiento de distancia y separaci\u00f3n, ciertas pr\u00e1cticas del arte reaccionan buscando la inmersi\u00f3n f\u00edsica, la relaci\u00f3n con las fuerzas latentes y las energ\u00edas vitales de la Tierra, el impulso de lo antropol\u00f3gico primario.<\/p>\n<p>Entre la pintura monumental y la escultura de madera, la experiencia de Philippe Pastor se desarrolla en una mir\u00edada de perspectivas subterr\u00e1neas que van m\u00e1s all\u00e1 de los aspectos ef\u00edmeros de la sociedad actual. Abre una reflexi\u00f3n sobre las cuestiones de la comunidad y del medio ambiente, sin descuidar la relaci\u00f3n end\u00f3gena con la naturaleza, ni la interpretaci\u00f3n simb\u00f3lica de las cosas. Los grandes paneles que Pastor crea para el Pabell\u00f3n del Principado de M\u00f3naco recrean una especie de escena del drama c\u00f3smico &#8220;El cielo mira a la Tierra&#8221;. Parecidas a las im\u00e1genes de la Tierra tomadas por un sat\u00e9lite, estas escenas, articuladas como si constituyeran tres actos, nos hacen mirar una especie de caos, humano y natural, compartido en varios marcos tem\u00e1ticos: Naturaleza, Polo Norte, Contaminaci\u00f3n. Los signos se refieren al &#8220;Polo Norte&#8221;, a los &#8220;Ciclones&#8221; y a la &#8220;Naturaleza desfigurada&#8221; respectivamente.<\/p>\n<p>Giacomo Zaza, Extracto, Introducci\u00f3n al cat\u00e1logo &#8221; Philippe Pastor. El cielo observa la tierra&#8221;, en el marco de la 53a Bienal de Venecia, Christian Maretti Editore, 2009<\/p>\n<\/div><\/section><\/div><section class=\"av_textblock_section \"  itemscope=\"itemscope\" itemtype=\"https:\/\/schema.org\/CreativeWork\" ><div class='avia_textblock  '   itemprop=\"text\" >ngg_shortcode_0_placeholder\n<\/div><\/section><\/p>\n","protected":false},"excerpt":{"rendered":"","protected":false},"author":6,"featured_media":0,"parent":4192,"menu_order":0,"comment_status":"closed","ping_status":"closed","template":"","meta":{"ngg_post_thumbnail":0,"footnotes":""},"_links":{"self":[{"href":"https:\/\/www.philippe-pastor.com\/es\/wp-json\/wp\/v2\/pages\/9245"}],"collection":[{"href":"https:\/\/www.philippe-pastor.com\/es\/wp-json\/wp\/v2\/pages"}],"about":[{"href":"https:\/\/www.philippe-pastor.com\/es\/wp-json\/wp\/v2\/types\/page"}],"author":[{"embeddable":true,"href":"https:\/\/www.philippe-pastor.com\/es\/wp-json\/wp\/v2\/users\/6"}],"replies":[{"embeddable":true,"href":"https:\/\/www.philippe-pastor.com\/es\/wp-json\/wp\/v2\/comments?post=9245"}],"version-history":[{"count":2,"href":"https:\/\/www.philippe-pastor.com\/es\/wp-json\/wp\/v2\/pages\/9245\/revisions"}],"predecessor-version":[{"id":9248,"href":"https:\/\/www.philippe-pastor.com\/es\/wp-json\/wp\/v2\/pages\/9245\/revisions\/9248"}],"up":[{"embeddable":true,"href":"https:\/\/www.philippe-pastor.com\/es\/wp-json\/wp\/v2\/pages\/4192"}],"wp:attachment":[{"href":"https:\/\/www.philippe-pastor.com\/es\/wp-json\/wp\/v2\/media?parent=9245"}],"curies":[{"name":"wp","href":"https:\/\/api.w.org\/{rel}","templated":true}]}}