{"id":9239,"date":"2018-04-26T11:49:08","date_gmt":"2018-04-26T10:49:08","guid":{"rendered":"https:\/\/www.philippe-pastor.com\/pinturas\/revolution\/"},"modified":"2018-07-24T19:59:03","modified_gmt":"2018-07-24T18:59:03","slug":"revolucion","status":"publish","type":"page","link":"https:\/\/www.philippe-pastor.com\/es\/pinturas\/revolucion\/","title":{"rendered":"Revoluci\u00f3n"},"content":{"rendered":"<div class=\"flex_column av_one_full  flex_column_div av-zero-column-padding first  paintings \" style='border-radius:0px; '><section class=\"av_textblock_section \"  itemscope=\"itemscope\" itemtype=\"https:\/\/schema.org\/CreativeWork\" ><div class='avia_textblock  '   itemprop=\"text\" ><p>La serie &#8220;Revoluci\u00f3n&#8221; de Philippe Pastor es una verdadera reinvenci\u00f3n de la superficie pict\u00f3rica. El artista se cambi\u00f3 a un trabajo de cortinas hechas de lonas, telas o lonas de tiendas de campa\u00f1a utilizadas habitualmente por el ej\u00e9rcito, y esto con el fin de salir del informe &#8220;chasis-toile&#8221; que entonces consideraba demasiado contenido. En geolog\u00eda, el t\u00e9rmino &#8220;revoluci\u00f3n&#8221; se refiere a todos los fen\u00f3menos naturales y cambios sucesivos que marcan la superficie de la tierra. As\u00ed que, una vez m\u00e1s, lo que importa aqu\u00ed es el proceso implicado y la estratificaci\u00f3n de las capas de materia. Las obras se mantienen in situ durante varios meses e inician un di\u00e1logo con un gran n\u00famero de pigmentos naturales y con los elementos que las rodean: minerales, plantas, tierra, agua y fuego. A continuaci\u00f3n, el artista reapropia esta materia a trav\u00e9s de una serie de gestos determinados -plegado, edici\u00f3n, proyecciones-, que pretenden mimetizar el proceso org\u00e1nico. Este singular cara a cara genera lienzos en relieve, marcados en todo su contorno, que dan cuerpo a formas inmateriales: flujo de agua, vagabundeo y relieve monta\u00f1oso. Esta pr\u00e1ctica, que puede compararse con el collage, destaca sobre todo la noci\u00f3n de estrato, entierro y, en \u00faltima instancia, memoria.<\/p>\n<p>Alexandra Marini, Extracto del libro &#8220;PASTOR&#8221;, 2017<\/p>\n<\/div><\/section><\/div><section class=\"av_textblock_section \"  itemscope=\"itemscope\" itemtype=\"https:\/\/schema.org\/CreativeWork\" ><div class='avia_textblock  '   itemprop=\"text\" >ngg_shortcode_0_placeholder\n<\/div><\/section><\/p>\n","protected":false},"excerpt":{"rendered":"","protected":false},"author":6,"featured_media":0,"parent":4192,"menu_order":0,"comment_status":"closed","ping_status":"closed","template":"","meta":{"ngg_post_thumbnail":0,"footnotes":""},"_links":{"self":[{"href":"https:\/\/www.philippe-pastor.com\/es\/wp-json\/wp\/v2\/pages\/9239"}],"collection":[{"href":"https:\/\/www.philippe-pastor.com\/es\/wp-json\/wp\/v2\/pages"}],"about":[{"href":"https:\/\/www.philippe-pastor.com\/es\/wp-json\/wp\/v2\/types\/page"}],"author":[{"embeddable":true,"href":"https:\/\/www.philippe-pastor.com\/es\/wp-json\/wp\/v2\/users\/6"}],"replies":[{"embeddable":true,"href":"https:\/\/www.philippe-pastor.com\/es\/wp-json\/wp\/v2\/comments?post=9239"}],"version-history":[{"count":0,"href":"https:\/\/www.philippe-pastor.com\/es\/wp-json\/wp\/v2\/pages\/9239\/revisions"}],"up":[{"embeddable":true,"href":"https:\/\/www.philippe-pastor.com\/es\/wp-json\/wp\/v2\/pages\/4192"}],"wp:attachment":[{"href":"https:\/\/www.philippe-pastor.com\/es\/wp-json\/wp\/v2\/media?parent=9239"}],"curies":[{"name":"wp","href":"https:\/\/api.w.org\/{rel}","templated":true}]}}