{"id":9221,"date":"2018-04-26T11:44:57","date_gmt":"2018-04-26T10:44:57","guid":{"rendered":"https:\/\/www.philippe-pastor.com\/pinturas\/h2o\/"},"modified":"2018-07-24T19:59:03","modified_gmt":"2018-07-24T18:59:03","slug":"h2o","status":"publish","type":"page","link":"https:\/\/www.philippe-pastor.com\/es\/pinturas\/h2o\/","title":{"rendered":"H2O"},"content":{"rendered":"<div class=\"flex_column av_one_full  flex_column_div av-zero-column-padding first  paintings \" style='border-radius:0px; '><section class=\"av_textblock_section \"  itemscope=\"itemscope\" itemtype=\"https:\/\/schema.org\/CreativeWork\" ><div class='avia_textblock  '   itemprop=\"text\" ><p>Detr\u00e1s de esta simple traducci\u00f3n molecular, sin embargo, hay una f\u00f3rmula m\u00e1s compleja de lo que parece. Si el artista ha hecho de los elementos naturales, el fuego, la tierra y el agua un objeto y un veh\u00edculo para muchas de sus obras, m\u00e1s que el simbolismo arcaico de las formas elementales, es aqu\u00ed la interacci\u00f3n entre naturaleza y el artificio lo que le interesa. A trav\u00e9s del uso de colores \u00e1cidos, estas visiones on\u00edricas juegan con el movimiento r\u00e1pido, la fuerza y la imprevisibilidad que el elemento acu\u00e1tico puede asumir, tanto atento a las transformaciones del paisaje natural, como al intento del ser humano de buscar un equilibrio, a menudo en suspensi\u00f3n, entre defensa y ruptura con lo natural. Las obras hipnotizan y seducen, a pesar de la conciencia de que este espect\u00e1culo puede ser una oscura advertencia del da\u00f1o irreversible que el hombre inflige al medio ambiente.<\/p>\n<p>Alexandra Marini, Extracto del libro &#8220;PASTOR&#8221;, 2017<\/p>\n<\/div><\/section><\/div><section class=\"av_textblock_section \"  itemscope=\"itemscope\" itemtype=\"https:\/\/schema.org\/CreativeWork\" ><div class='avia_textblock  '   itemprop=\"text\" >ngg_shortcode_0_placeholder\n<\/div><\/section><\/p>\n","protected":false},"excerpt":{"rendered":"","protected":false},"author":6,"featured_media":0,"parent":4192,"menu_order":0,"comment_status":"closed","ping_status":"closed","template":"","meta":{"ngg_post_thumbnail":0,"footnotes":""},"_links":{"self":[{"href":"https:\/\/www.philippe-pastor.com\/es\/wp-json\/wp\/v2\/pages\/9221"}],"collection":[{"href":"https:\/\/www.philippe-pastor.com\/es\/wp-json\/wp\/v2\/pages"}],"about":[{"href":"https:\/\/www.philippe-pastor.com\/es\/wp-json\/wp\/v2\/types\/page"}],"author":[{"embeddable":true,"href":"https:\/\/www.philippe-pastor.com\/es\/wp-json\/wp\/v2\/users\/6"}],"replies":[{"embeddable":true,"href":"https:\/\/www.philippe-pastor.com\/es\/wp-json\/wp\/v2\/comments?post=9221"}],"version-history":[{"count":2,"href":"https:\/\/www.philippe-pastor.com\/es\/wp-json\/wp\/v2\/pages\/9221\/revisions"}],"predecessor-version":[{"id":9948,"href":"https:\/\/www.philippe-pastor.com\/es\/wp-json\/wp\/v2\/pages\/9221\/revisions\/9948"}],"up":[{"embeddable":true,"href":"https:\/\/www.philippe-pastor.com\/es\/wp-json\/wp\/v2\/pages\/4192"}],"wp:attachment":[{"href":"https:\/\/www.philippe-pastor.com\/es\/wp-json\/wp\/v2\/media?parent=9221"}],"curies":[{"name":"wp","href":"https:\/\/api.w.org\/{rel}","templated":true}]}}