{"id":9215,"date":"2018-04-26T11:55:03","date_gmt":"2018-04-26T10:55:03","guid":{"rendered":"https:\/\/www.philippe-pastor.com\/pinturas\/les-coeurs\/"},"modified":"2018-07-24T12:35:45","modified_gmt":"2018-07-24T11:35:45","slug":"los-corrazones","status":"publish","type":"page","link":"https:\/\/www.philippe-pastor.com\/es\/pinturas\/los-corrazones\/","title":{"rendered":"Los Corrazones"},"content":{"rendered":"<div class=\"flex_column av_one_full  flex_column_div av-zero-column-padding first  paintings \" style='border-radius:0px; '><section class=\"av_textblock_section \"  itemscope=\"itemscope\" itemtype=\"https:\/\/schema.org\/CreativeWork\" ><div class='avia_textblock  '   itemprop=\"text\" ><p>Encontramos en este conjunto de &#8220;Corazones&#8221; dos puntos fuertes del pensamiento de Philippe Pastor: el uso de la iconograf\u00eda simb\u00f3lica, directa y universal, por una parte, y la relaci\u00f3n fenomenol\u00f3gica con la materia, por otra. El artista juega con estas formas reconocibles, extra\u00eddas del flujo de im\u00e1genes populares, que desborda de abstracciones gestuales con colores vivos. A menudo de formato monumental, estos lienzos est\u00e1n formados por varias capas de pintura y trabajados con un soplete: la superficie de la pintura est\u00e1 rayada. (&#8230;) Este &#8220;grito del coraz\u00f3n&#8221; es tambi\u00e9n sobre todo un grito de advertencia: cuando el artista quema un coraz\u00f3n, denuncia un crimen y da a su revuelta el rostro m\u00e1s dram\u00e1tico y violento que se pueda expresar. As\u00ed, la obra de Philippe Pastor se caracteriza tanto por la vitalidad de una interrogaci\u00f3n sobre el hombre y la naturaleza como por la belleza de sus formas y materiales.<\/p>\n<p>Alexandra Marini, Extracto del libro &#8220;PASTOR&#8221;, 2017<\/p>\n<\/div><\/section><\/div><section class=\"av_textblock_section \"  itemscope=\"itemscope\" itemtype=\"https:\/\/schema.org\/CreativeWork\" ><div class='avia_textblock  '   itemprop=\"text\" >ngg_shortcode_0_placeholder\n<\/div><\/section><\/p>\n","protected":false},"excerpt":{"rendered":"","protected":false},"author":6,"featured_media":0,"parent":4192,"menu_order":0,"comment_status":"closed","ping_status":"closed","template":"","meta":{"ngg_post_thumbnail":0,"footnotes":""},"_links":{"self":[{"href":"https:\/\/www.philippe-pastor.com\/es\/wp-json\/wp\/v2\/pages\/9215"}],"collection":[{"href":"https:\/\/www.philippe-pastor.com\/es\/wp-json\/wp\/v2\/pages"}],"about":[{"href":"https:\/\/www.philippe-pastor.com\/es\/wp-json\/wp\/v2\/types\/page"}],"author":[{"embeddable":true,"href":"https:\/\/www.philippe-pastor.com\/es\/wp-json\/wp\/v2\/users\/6"}],"replies":[{"embeddable":true,"href":"https:\/\/www.philippe-pastor.com\/es\/wp-json\/wp\/v2\/comments?post=9215"}],"version-history":[{"count":2,"href":"https:\/\/www.philippe-pastor.com\/es\/wp-json\/wp\/v2\/pages\/9215\/revisions"}],"predecessor-version":[{"id":9901,"href":"https:\/\/www.philippe-pastor.com\/es\/wp-json\/wp\/v2\/pages\/9215\/revisions\/9901"}],"up":[{"embeddable":true,"href":"https:\/\/www.philippe-pastor.com\/es\/wp-json\/wp\/v2\/pages\/4192"}],"wp:attachment":[{"href":"https:\/\/www.philippe-pastor.com\/es\/wp-json\/wp\/v2\/media?parent=9215"}],"curies":[{"name":"wp","href":"https:\/\/api.w.org\/{rel}","templated":true}]}}