{"id":9209,"date":"2018-04-26T11:42:45","date_gmt":"2018-04-26T10:42:45","guid":{"rendered":"https:\/\/www.philippe-pastor.com\/pinturas\/bleu-monochrome\/"},"modified":"2018-07-24T19:59:02","modified_gmt":"2018-07-24T18:59:02","slug":"monocromo-azul","status":"publish","type":"page","link":"https:\/\/www.philippe-pastor.com\/es\/pinturas\/monocromo-azul\/","title":{"rendered":"Monocromo Azul"},"content":{"rendered":"<div class=\"flex_column av_one_full  flex_column_div av-zero-column-padding first  paintings \" style='border-radius:0px; '><section class=\"av_textblock_section \"  itemscope=\"itemscope\" itemtype=\"https:\/\/schema.org\/CreativeWork\" ><div class='avia_textblock  '   itemprop=\"text\" ><p>Estos paisajes monocromos, abstractos e intrigantes, parecen ser el resultado de una imaginaci\u00f3n sin l\u00edmites. A partir de pigmentos puros, el azul adquiere aqu\u00ed una intensidad muy particular y permite a Philippe Pastor declinar la integralidad de su lenguaje pl\u00e1stico a la vez que avanza hacia espacios inexplorados, cada vez m\u00e1s singulares y sorprendentes. El azul, un color de gran connotaci\u00f3n, est\u00e1 m\u00e1s presente en su obra hasta el punto de animar al artista a acercarse al g\u00e9nero cl\u00e1sico de lo sublime: la experiencia de la naturaleza se vuelve m\u00e1s existencial y subjetiva. A partir de ah\u00ed, la dimensi\u00f3n ecol\u00f3gica se encuentra en primer lugar en la relaci\u00f3n emocional que Philippe Pastor pretende establecer entre el espectador y la representaci\u00f3n. Esta serie es una referencia directa a la contaminaci\u00f3n marina, a los numerosos da\u00f1os a los ecosistemas marinos resultantes de las actividades humanas.<\/p>\n<p>Alexandra Marini, Extracto del libro &#8220;PASTOR&#8221;, 2017<\/p>\n<\/div><\/section><\/div><section class=\"av_textblock_section \"  itemscope=\"itemscope\" itemtype=\"https:\/\/schema.org\/CreativeWork\" ><div class='avia_textblock  '   itemprop=\"text\" >ngg_shortcode_0_placeholder\n<\/div><\/section><\/p>\n","protected":false},"excerpt":{"rendered":"","protected":false},"author":6,"featured_media":0,"parent":4192,"menu_order":0,"comment_status":"closed","ping_status":"closed","template":"","meta":{"ngg_post_thumbnail":0,"footnotes":""},"_links":{"self":[{"href":"https:\/\/www.philippe-pastor.com\/es\/wp-json\/wp\/v2\/pages\/9209"}],"collection":[{"href":"https:\/\/www.philippe-pastor.com\/es\/wp-json\/wp\/v2\/pages"}],"about":[{"href":"https:\/\/www.philippe-pastor.com\/es\/wp-json\/wp\/v2\/types\/page"}],"author":[{"embeddable":true,"href":"https:\/\/www.philippe-pastor.com\/es\/wp-json\/wp\/v2\/users\/6"}],"replies":[{"embeddable":true,"href":"https:\/\/www.philippe-pastor.com\/es\/wp-json\/wp\/v2\/comments?post=9209"}],"version-history":[{"count":2,"href":"https:\/\/www.philippe-pastor.com\/es\/wp-json\/wp\/v2\/pages\/9209\/revisions"}],"predecessor-version":[{"id":10000,"href":"https:\/\/www.philippe-pastor.com\/es\/wp-json\/wp\/v2\/pages\/9209\/revisions\/10000"}],"up":[{"embeddable":true,"href":"https:\/\/www.philippe-pastor.com\/es\/wp-json\/wp\/v2\/pages\/4192"}],"wp:attachment":[{"href":"https:\/\/www.philippe-pastor.com\/es\/wp-json\/wp\/v2\/media?parent=9209"}],"curies":[{"name":"wp","href":"https:\/\/api.w.org\/{rel}","templated":true}]}}