{"id":9200,"date":"2018-04-26T11:37:42","date_gmt":"2018-04-26T10:37:42","guid":{"rendered":"https:\/\/www.philippe-pastor.com\/pinturas\/avec-le-temps\/"},"modified":"2018-06-16T13:40:16","modified_gmt":"2018-06-16T12:40:16","slug":"con-el-tiempo","status":"publish","type":"page","link":"https:\/\/www.philippe-pastor.com\/es\/pinturas\/con-el-tiempo\/","title":{"rendered":"Con el Tiempo"},"content":{"rendered":"<div class=\"flex_column av_one_full  flex_column_div av-zero-column-padding first  paintings \" style='border-radius:0px; '><section class=\"av_textblock_section \"  itemscope=\"itemscope\" itemtype=\"https:\/\/schema.org\/CreativeWork\" ><div class='avia_textblock  '   itemprop=\"text\" ><p>Con la serie &#8220;Avec le Temps&#8221;, Philippe Pastor contin\u00faa su protocolo experimental y contrasta el car\u00e1cter org\u00e1nico de las formas con la claridad de la huella humana, el caos natural, con el dibujo preestablecido. Esta serie se refiere directamente a la ola destructiva del tsunami de 2004 en Indonesia, que fue particularmente mortal. M\u00e1s all\u00e1 de la onda expansiva, el olvido y la indiferencia se instalan, hasta el punto de que nada parece suficiente para cambiar las mentalidades. Aqu\u00ed se reinventa la relaci\u00f3n con la naturaleza y, en la l\u00ednea de algunos artistas y activistas, el paisaje se transforma poco a poco en teatros de operaciones. En el territorio del arte, la naturaleza ya no se considera s\u00f3lo en una relaci\u00f3n de representaci\u00f3n, sino que se convierte en un sujeto activo.<\/p>\n<p>Alexandra Marini, Extracto del libro &#8220;PASTOR&#8221;, 2017<\/p>\n<\/div><\/section><\/div><section class=\"av_textblock_section \"  itemscope=\"itemscope\" itemtype=\"https:\/\/schema.org\/CreativeWork\" ><div class='avia_textblock  '   itemprop=\"text\" >ngg_shortcode_0_placeholder\n<\/div><\/section><\/p>\n","protected":false},"excerpt":{"rendered":"","protected":false},"author":6,"featured_media":0,"parent":4192,"menu_order":0,"comment_status":"closed","ping_status":"closed","template":"","meta":{"ngg_post_thumbnail":0,"footnotes":""},"_links":{"self":[{"href":"https:\/\/www.philippe-pastor.com\/es\/wp-json\/wp\/v2\/pages\/9200"}],"collection":[{"href":"https:\/\/www.philippe-pastor.com\/es\/wp-json\/wp\/v2\/pages"}],"about":[{"href":"https:\/\/www.philippe-pastor.com\/es\/wp-json\/wp\/v2\/types\/page"}],"author":[{"embeddable":true,"href":"https:\/\/www.philippe-pastor.com\/es\/wp-json\/wp\/v2\/users\/6"}],"replies":[{"embeddable":true,"href":"https:\/\/www.philippe-pastor.com\/es\/wp-json\/wp\/v2\/comments?post=9200"}],"version-history":[{"count":2,"href":"https:\/\/www.philippe-pastor.com\/es\/wp-json\/wp\/v2\/pages\/9200\/revisions"}],"predecessor-version":[{"id":9203,"href":"https:\/\/www.philippe-pastor.com\/es\/wp-json\/wp\/v2\/pages\/9200\/revisions\/9203"}],"up":[{"embeddable":true,"href":"https:\/\/www.philippe-pastor.com\/es\/wp-json\/wp\/v2\/pages\/4192"}],"wp:attachment":[{"href":"https:\/\/www.philippe-pastor.com\/es\/wp-json\/wp\/v2\/media?parent=9200"}],"curies":[{"name":"wp","href":"https:\/\/api.w.org\/{rel}","templated":true}]}}