{"id":9194,"date":"2018-04-26T11:29:54","date_gmt":"2018-04-26T10:29:54","guid":{"rendered":"https:\/\/www.philippe-pastor.com\/pinturas\/les-oiseaux-de-malheur\/"},"modified":"2018-07-24T19:59:02","modified_gmt":"2018-07-24T18:59:02","slug":"las-aves-de-la-infelicidad","status":"publish","type":"page","link":"https:\/\/www.philippe-pastor.com\/es\/pinturas\/las-aves-de-la-infelicidad\/","title":{"rendered":"Las Aves de la Infelicidad"},"content":{"rendered":"<div class=\"flex_column av_one_full  flex_column_div av-zero-column-padding first  paintings \" style='border-radius:0px; '><section class=\"av_textblock_section \"  itemscope=\"itemscope\" itemtype=\"https:\/\/schema.org\/CreativeWork\" ><div class='avia_textblock  '   itemprop=\"text\" ><p>Inspirada en el t\u00edtulo de una canci\u00f3n de L\u00e9o Ferr\u00e9 &#8211; una especie de figura tutelar que marc\u00f3 fuertemente la sensibilidad de Philippe Pastor &#8211; esta serie quiere ilustrar mejor la contaminaci\u00f3n del fondo marino. Las siluetas blancas con picos prominentes y alas abiertas se distinguen inmediatamente. Estas figuras estilizadas, como una vuelta a las formas primitivas, podr\u00edan referirse al pensamiento griego de los p\u00e1jaros de mal presagio. El paisaje vuelve pesado, oscuro y marcado por el peso de la historia reciente. La contaminaci\u00f3n del oc\u00e9ano -que es s\u00f3lo una de las consecuencias de la actividad humana- ya est\u00e1 teniendo efectos desastrosos y estas aves en peligro son el ejemplo m\u00e1s elocuente de ello.<\/p>\n<p>Alexandra Marini, Extracto del libro &#8220;PASTOR&#8221;, 2017<\/p>\n<\/div><\/section><\/div><section class=\"av_textblock_section \"  itemscope=\"itemscope\" itemtype=\"https:\/\/schema.org\/CreativeWork\" ><div class='avia_textblock  '   itemprop=\"text\" >ngg_shortcode_0_placeholder\n<\/div><\/section><\/p>\n","protected":false},"excerpt":{"rendered":"","protected":false},"author":6,"featured_media":0,"parent":4192,"menu_order":0,"comment_status":"closed","ping_status":"closed","template":"","meta":{"ngg_post_thumbnail":0,"footnotes":""},"class_list":["post-9194","page","type-page","status-publish","hentry"],"_links":{"self":[{"href":"https:\/\/www.philippe-pastor.com\/es\/wp-json\/wp\/v2\/pages\/9194","targetHints":{"allow":["GET"]}}],"collection":[{"href":"https:\/\/www.philippe-pastor.com\/es\/wp-json\/wp\/v2\/pages"}],"about":[{"href":"https:\/\/www.philippe-pastor.com\/es\/wp-json\/wp\/v2\/types\/page"}],"author":[{"embeddable":true,"href":"https:\/\/www.philippe-pastor.com\/es\/wp-json\/wp\/v2\/users\/6"}],"replies":[{"embeddable":true,"href":"https:\/\/www.philippe-pastor.com\/es\/wp-json\/wp\/v2\/comments?post=9194"}],"version-history":[{"count":0,"href":"https:\/\/www.philippe-pastor.com\/es\/wp-json\/wp\/v2\/pages\/9194\/revisions"}],"up":[{"embeddable":true,"href":"https:\/\/www.philippe-pastor.com\/es\/wp-json\/wp\/v2\/pages\/4192"}],"wp:attachment":[{"href":"https:\/\/www.philippe-pastor.com\/es\/wp-json\/wp\/v2\/media?parent=9194"}],"curies":[{"name":"wp","href":"https:\/\/api.w.org\/{rel}","templated":true}]}}