{"id":9181,"date":"2018-05-23T14:36:12","date_gmt":"2018-05-23T13:36:12","guid":{"rendered":"https:\/\/www.philippe-pastor.com\/pinturas\/la-fin-du-monde\/"},"modified":"2018-12-13T13:33:27","modified_gmt":"2018-12-13T12:33:27","slug":"el-fin-del-mundo","status":"publish","type":"page","link":"https:\/\/www.philippe-pastor.com\/es\/pinturas\/el-fin-del-mundo\/","title":{"rendered":"El Fin del Mundo"},"content":{"rendered":"<div class=\"flex_column av_one_full  flex_column_div av-zero-column-padding first  paintings \" style='border-radius:0px; '><section class=\"av_textblock_section \"  itemscope=\"itemscope\" itemtype=\"https:\/\/schema.org\/CreativeWork\" ><div class='avia_textblock  '   itemprop=\"text\" ><div>Con la serie \u201cLa Fin du Monde\u201d (\u201cEl Fin del Mundo\u201d), Philippe Pastor trabaja el material a partir del fuego, transformando los pigmentos en una superficie de \u00e9bano. La superficie, agrietada, deja entonces emerger delicadas zonas de n\u00e1cares, que parecen emerger de las entra\u00f1as de la tierra.<\/div>\n<div>&nbsp;<\/div>\n<div>Este t\u00edtulo apocal\u00edptico lleva dentro toda la violencia infligida al planeta, por el hombre que la somete a una destrucci\u00f3n irremediable. Tambi\u00e9n se refiere a un contexto ambiental cr\u00edtico, en la era de lo que algunos llaman el Antropoceno, en la era del calentamiento global, del saqueo de los recursos naturales y de la contaminaci\u00f3n invasiva.<\/div>\n<\/div><\/section><\/div>\n<div style='height:25px' class='hr hr-invisible   '><span class='hr-inner ' ><span class='hr-inner-style'><\/span><\/span><\/div>\n<section class=\"av_textblock_section \"  itemscope=\"itemscope\" itemtype=\"https:\/\/schema.org\/CreativeWork\" ><div class='avia_textblock  '   itemprop=\"text\" >ngg_shortcode_0_placeholder\n<\/div><\/section>\n","protected":false},"excerpt":{"rendered":"","protected":false},"author":6,"featured_media":0,"parent":4192,"menu_order":0,"comment_status":"closed","ping_status":"closed","template":"","meta":{"ngg_post_thumbnail":0,"footnotes":""},"_links":{"self":[{"href":"https:\/\/www.philippe-pastor.com\/es\/wp-json\/wp\/v2\/pages\/9181"}],"collection":[{"href":"https:\/\/www.philippe-pastor.com\/es\/wp-json\/wp\/v2\/pages"}],"about":[{"href":"https:\/\/www.philippe-pastor.com\/es\/wp-json\/wp\/v2\/types\/page"}],"author":[{"embeddable":true,"href":"https:\/\/www.philippe-pastor.com\/es\/wp-json\/wp\/v2\/users\/6"}],"replies":[{"embeddable":true,"href":"https:\/\/www.philippe-pastor.com\/es\/wp-json\/wp\/v2\/comments?post=9181"}],"version-history":[{"count":5,"href":"https:\/\/www.philippe-pastor.com\/es\/wp-json\/wp\/v2\/pages\/9181\/revisions"}],"predecessor-version":[{"id":11268,"href":"https:\/\/www.philippe-pastor.com\/es\/wp-json\/wp\/v2\/pages\/9181\/revisions\/11268"}],"up":[{"embeddable":true,"href":"https:\/\/www.philippe-pastor.com\/es\/wp-json\/wp\/v2\/pages\/4192"}],"wp:attachment":[{"href":"https:\/\/www.philippe-pastor.com\/es\/wp-json\/wp\/v2\/media?parent=9181"}],"curies":[{"name":"wp","href":"https:\/\/api.w.org\/{rel}","templated":true}]}}