{"id":4132,"date":"2014-11-30T17:55:47","date_gmt":"2014-11-30T16:55:47","guid":{"rendered":"https:\/\/www.philippe-pastor.com\/biografia\/"},"modified":"2019-02-14T13:48:16","modified_gmt":"2019-02-14T12:48:16","slug":"biografia","status":"publish","type":"page","link":"https:\/\/www.philippe-pastor.com\/es\/biografia\/","title":{"rendered":"Biografia"},"content":{"rendered":"<div class=\"flex_column av_one_half  flex_column_div av-zero-column-padding first  \" style='border-radius:0px; '><div class='avia-image-container  av-styling-     avia-align-center '  itemprop=\"ImageObject\" itemscope=\"itemscope\" itemtype=\"https:\/\/schema.org\/ImageObject\"  ><div class='avia-image-container-inner'><img class='avia_image ' src='https:\/\/www.philippe-pastor.com\/wp-content\/uploads\/2018\/04\/PASTOR_web-1.jpeg' alt='' title='PASTOR_web'   itemprop=\"thumbnailUrl\"  \/><\/div><\/div><\/div>\n<div class=\"flex_column av_one_half  flex_column_div    \" style='padding:0px 6% 0px 0px ; border-radius:0px; '><section class=\"av_textblock_section \"  itemscope=\"itemscope\" itemtype=\"https:\/\/schema.org\/CreativeWork\" ><div class='avia_textblock  '   itemprop=\"text\" ><div>\n<p>Philippe Pastor naci\u00f3 en 1961 en M\u00f3naco.<br \/>\nTrabaja entre M\u00f3naco y Espa\u00f1a.<\/p>\n<p>Comprometido con la protecci\u00f3n de la naturaleza, Philippe Pastor ha desarrollado a trav\u00e9s de su obra una visi\u00f3n personalizada de la Naturaleza, que refleja las interacciones del ser humano con el planeta.<\/p>\n<p>El artista utiliza materiales vivos y los transforma, convirtiendo el tiempo y su entorno inmediato en un aliado; mezcla tierra, pigmentos, minerales y plantas de todo tipo, representando as\u00ed su visi\u00f3n de la vida, de la destrucci\u00f3n del medio ambiente y del papel del Hombre en la Sociedad.<\/p>\n<p>Desde la d\u00e9cada de 1990, su obra ha sido reconocida por dos Bienales de Venecia y ha sido expuesta por el mundo. Es el artista oficial del pabell\u00f3n de M\u00f3naco en la Exposici\u00f3n Universal EXPO Milano 2015.<\/p>\n<\/div>\n<div>&nbsp;<\/div>\n<\/div><\/section><br \/>\n<section class=\"av_textblock_section \"  itemscope=\"itemscope\" itemtype=\"https:\/\/schema.org\/CreativeWork\" ><div class='avia_textblock  '   itemprop=\"text\" ><p><a href=\"https:\/\/issuu.com\/philippepastor\/docs\/pastor_en\" target=\"_blank\" rel=\"noopener\"><img loading=\"lazy\" decoding=\"async\" class=\"alignnone wp-image-11312 size-medium\" src=\"https:\/\/www.philippe-pastor.com\/wp-content\/uploads\/2019\/02\/ISSUU.png\" alt=\"\" width=\"300\" height=\"212\" srcset=\"https:\/\/www.philippe-pastor.com\/wp-content\/uploads\/2019\/02\/ISSUU.png 752w, https:\/\/www.philippe-pastor.com\/wp-content\/uploads\/2019\/02\/ISSUU-300x212.png 300w, https:\/\/www.philippe-pastor.com\/wp-content\/uploads\/2019\/02\/ISSUU-260x185.png 260w, https:\/\/www.philippe-pastor.com\/wp-content\/uploads\/2019\/02\/ISSUU-705x499.png 705w, https:\/\/www.philippe-pastor.com\/wp-content\/uploads\/2019\/02\/ISSUU-450x318.png 450w\" sizes=\"(max-width: 300px) 100vw, 300px\" \/><\/a><\/p>\n<\/div><\/section><br \/>\n<section class=\"av_textblock_section \"  itemscope=\"itemscope\" itemtype=\"https:\/\/schema.org\/CreativeWork\" ><div class='avia_textblock  '   itemprop=\"text\" ><div>PRESENTACI\u00d3N DEL ARTISTA<\/div>\n<\/div><\/section><\/p><\/div>\n","protected":false},"excerpt":{"rendered":"","protected":false},"author":6,"featured_media":0,"parent":0,"menu_order":0,"comment_status":"closed","ping_status":"closed","template":"","meta":{"ngg_post_thumbnail":0,"footnotes":""},"_links":{"self":[{"href":"https:\/\/www.philippe-pastor.com\/es\/wp-json\/wp\/v2\/pages\/4132"}],"collection":[{"href":"https:\/\/www.philippe-pastor.com\/es\/wp-json\/wp\/v2\/pages"}],"about":[{"href":"https:\/\/www.philippe-pastor.com\/es\/wp-json\/wp\/v2\/types\/page"}],"author":[{"embeddable":true,"href":"https:\/\/www.philippe-pastor.com\/es\/wp-json\/wp\/v2\/users\/6"}],"replies":[{"embeddable":true,"href":"https:\/\/www.philippe-pastor.com\/es\/wp-json\/wp\/v2\/comments?post=4132"}],"version-history":[{"count":0,"href":"https:\/\/www.philippe-pastor.com\/es\/wp-json\/wp\/v2\/pages\/4132\/revisions"}],"wp:attachment":[{"href":"https:\/\/www.philippe-pastor.com\/es\/wp-json\/wp\/v2\/media?parent=4132"}],"curies":[{"name":"wp","href":"https:\/\/api.w.org\/{rel}","templated":true}]}}